{"id":1397,"date":"2021-02-09T14:41:21","date_gmt":"2021-02-09T13:41:21","guid":{"rendered":"https:\/\/saintpierre91.org\/-cfa\/?page_id=1397"},"modified":"2025-08-18T11:32:55","modified_gmt":"2025-08-18T09:32:55","slug":"inscription","status":"publish","type":"page","link":"https:\/\/saintpierre91.org\/cefop\/inscription\/","title":{"rendered":"Inscriptions"},"content":{"rendered":"\t\t<div data-elementor-type=\"wp-page\" data-elementor-id=\"1397\" class=\"elementor elementor-1397\">\n\t\t\t\t\t\t<section class=\"elementor-section elementor-top-section elementor-element elementor-element-1661354 elementor-section-boxed elementor-section-height-default elementor-section-height-default\" data-id=\"1661354\" data-element_type=\"section\">\n\t\t\t\t\t\t<div class=\"elementor-container elementor-column-gap-default\">\n\t\t\t\t\t<div class=\"elementor-column elementor-col-100 elementor-top-column elementor-element elementor-element-593a8c4\" data-id=\"593a8c4\" data-element_type=\"column\">\n\t\t\t<div class=\"elementor-widget-wrap elementor-element-populated\">\n\t\t\t\t\t\t<div class=\"elementor-element elementor-element-abc7cbb animated-fast titre-degrade-forme elementor-invisible elementor-widget elementor-widget-heading\" data-id=\"abc7cbb\" data-element_type=\"widget\" data-settings=\"{&quot;_animation&quot;:&quot;fadeIn&quot;}\" data-widget_type=\"heading.default\">\n\t\t\t\t<div class=\"elementor-widget-container\">\n\t\t\t\t\t<h2 class=\"elementor-heading-title elementor-size-default\">Demande de candidature<\/h2>\t\t\t\t<\/div>\n\t\t\t\t<\/div>\n\t\t\t\t\t<\/div>\n\t\t<\/div>\n\t\t\t\t\t<\/div>\n\t\t<\/section>\n\t\t\t\t<section class=\"elementor-section elementor-top-section elementor-element elementor-element-6cc1785d elementor-section-boxed elementor-section-height-default elementor-section-height-default\" data-id=\"6cc1785d\" data-element_type=\"section\">\n\t\t\t\t\t\t<div class=\"elementor-container elementor-column-gap-default\">\n\t\t\t\t\t<div class=\"elementor-column elementor-col-100 elementor-top-column elementor-element elementor-element-1b402235\" data-id=\"1b402235\" data-element_type=\"column\">\n\t\t\t<div class=\"elementor-widget-wrap elementor-element-populated\">\n\t\t\t\t\t\t<div class=\"elementor-element elementor-element-4a15c8f0 elementor-widget elementor-widget-text-editor\" data-id=\"4a15c8f0\" data-element_type=\"widget\" data-widget_type=\"text-editor.default\">\n\t\t\t\t<div class=\"elementor-widget-container\">\n\t\t\t\t\t\t\t\t\t\n<p><style>\n.marge {\nmargin-left: 5em;\n}\n.marge2 {\nmargin-left: 20em;\n}\n<\/style><\/p>\n<h3>Pour les formations de l&rsquo;OF-CFA,<br \/>veuillez choisir \u00ab\u00a0APPRENTISSAGE \/ FORMATION CONTINUE\u00a0\u00bb <br \/>dans \u00ab\u00a0Classe souhait\u00e9e\u00a0\u00bb<\/h3>\n<h4>Pour les BTS, il est n\u00e9cessaire de vous inscrire par le biais de ce site Internet : <a href=\"https:\/\/parcoursup.fr\/\" target=\"_blank\" rel=\"noopener noreferrer\">parcoursup.fr<\/a><\/h4>\n<p>&nbsp;<\/p>\n<div class=\"row\">\n<div class=\"col-md-6\">\n<div class=\"card\">\n<div class=\"card-header\">\n<h3 class=\"card-title\"><i class=\"fa fa-exclamation-circle\" aria-hidden=\"true\"><\/i> Attention<\/h3>\n<\/div>\n<div class=\"card-body\">\n<p>Afin de compl\u00e9ter votre demande vous devrez joindre les documents suivants scann\u00e9s :<br \/>\u2022 Bulletins des ann\u00e9es ant\u00e9rieures (classes sp\u00e9cifi\u00e9es lors de la demande),<br \/>\u2022 Courrier motivant votre demande,<br \/>\u2022 Courrier de pr\u00e9sentation de l&rsquo;\u00e9l\u00e8ve (<u>uniquement pour le lyc\u00e9e<\/u> : l&rsquo;\u00e9l\u00e8ve d\u00e9finit son profil, ses activit\u00e9s, ses motivations et ses projets),<br \/>\u2022 Carte d\u2019identit\u00e9 de l\u2019\u00e9l\u00e8ve ou livret de famille (page relative \u00e0 l\u2019\u00e9l\u00e8ve). <br \/><br \/><b>Le choix du r\u00e9gime n&rsquo;est pas pris en compte, il sera finalis\u00e9 lors de votre inscription d\u00e9finitive.<br \/><br \/>La taille maximale des pi\u00e8ces jointes est de 10Mo.<\/b><\/p>\n<\/div>\n<\/div>\n<\/div>\n<div class=\"col-md-6\">\n<div class=\"card\">\n<div class=\"card-header\">\n<h3 class=\"card-title\"><i class=\"fa fa-exclamation-triangle\"><\/i> Inscription en BTS<\/h3>\n<\/div>\n<div class=\"card-body\">Pour s&rsquo;inscrire en BTS,<br \/>il est n\u00e9cessaire de vous inscrire par le biais de ce site Internet :<br \/><br \/><a href=\"https:\/\/www.parcoursup.fr\/\" target=\"_blank\" rel=\"noopener noreferrer\">parcoursup.fr<\/a><br \/><br \/><i>En dehors du calendrier Parcoursup : prendre contact par mail avec le responsable de la formation que vous souhaitez int\u00e9grer.<\/i><\/div>\n<\/div>\n<br \/>\n<div class=\"card\">\n<div class=\"card-header\">\n<h3 class=\"card-title\"><i class=\"fa-solid fa-bridge-water\"><\/i> Les passerelles<\/h3>\n<\/div>\n<div class=\"card-body\">\n<p>Au cours de la 1\u00e8re ann\u00e9e de formation, entre septembre et d\u00e9cembre, il est possible de se r\u00e9orienter vers une autre formation dispens\u00e9e par le CEFOP Saint-Pierre OF-CFA. Conditionn\u00e9e par le nombre de places disponibles, cette int\u00e9gration sera valid\u00e9e apr\u00e8s un entretien avec le responsable de la formation vis\u00e9e et l&rsquo;\u00e9tude de votre dossier.<\/p>\n<\/div>\n<\/div>\n<!--\n<div class=\"card\">\n<div class=\"card-header\">\n<h3 class=\"card-title\"><i class=\"fa fa-exclamation-triangle\"><\/i>\n Formations BAC+3<\/h3>\n<\/div>\n<div class=\"card-body\">\nPour les Bachelors, s\u00e9lectionner dans le menu d\u00e9roulant de la classe souhait\u00e9e : APPRENTISSAGE \/ FORMATION CONTINUE<br>\nPour les Licences Professionnelles vous devrez vous inscrire sur le <a href=\"https:\/\/candidature-lp.iut.univ-evry.fr\/_inscription\/\" target=\"_blank\" rel=\"noopener noreferrer\">site de l'IUT d'EVRY<\/a>\n<\/div>\n<\/div>\n--><\/div>\n<\/div>\n<!--\n<div class=\"card\">\n  <div class=\"card-body\">En cas de difficult\u00e9, merci d\u2019envoyer un message \u00e0 l\u2019adresse suivante :<br>\n \t<a href=\"mailto:stp91.inscriptions@saint-pierre91.org\"><i class=\"fa fa-envelope-o\" aria-hidden=\"true\"><\/i> stp91.inscriptions@saint-pierre91.org<\/a><\/div>\n<\/div>\n-->\n<p>&nbsp;<\/p>\n<center>\n<p><a class=\"btn btn-primary\" role=\"button\" href=\"https:\/\/preinscriptions.ecoledirecte.com\/?RNE=0910812N\" target=\"_blank\" rel=\"noopener noreferrer\"><i class=\"fa fa-mobile\" aria-hidden=\"true\"><\/i> Ouvrir le formulaire en plein \u00e9cran<\/a><br \/><br \/><\/p>\n<\/center>\n<div class=\"conteneur\"><iframe id=\"Candidature formulaire\" title=\"Candidature formulaire\" src=\"https:\/\/preinscriptions.ecoledirecte.com\/?RNE=0910812N\" width=\"100%\" height=\"1600\"><\/iframe>\n<div>\u00a0<\/div>\n<\/div>\n\t\t\t\t\t\t\t\t<\/div>\n\t\t\t\t<\/div>\n\t\t\t\t\t<\/div>\n\t\t<\/div>\n\t\t\t\t\t<\/div>\n\t\t<\/section>\n\t\t\t\t<\/div>\n\t\t","protected":false},"excerpt":{"rendered":"<p>Demande de candidature Pour les formations de l&rsquo;OF-CFA,veuillez choisir \u00ab\u00a0APPRENTISSAGE \/ FORMATION CONTINUE\u00a0\u00bb dans \u00ab\u00a0Classe souhait\u00e9e\u00a0\u00bb Pour les BTS, il est n\u00e9cessaire de vous inscrire par le biais de ce site Internet : parcoursup.fr &nbsp; Attention Afin de compl\u00e9ter votre demande vous devrez joindre les documents suivants scann\u00e9s :\u2022 Bulletins des ann\u00e9es ant\u00e9rieures (classes sp\u00e9cifi\u00e9es&#8230;<\/p>\n","protected":false},"author":1,"featured_media":0,"parent":0,"menu_order":0,"comment_status":"closed","ping_status":"closed","template":"","meta":{"_kad_post_transparent":"","_kad_post_title":"","_kad_post_layout":"","_kad_post_sidebar_id":"","_kad_post_content_style":"","_kad_post_vertical_padding":"","_kad_post_feature":"","_kad_post_feature_position":"","_kad_post_header":false,"_kad_post_footer":false,"cybocfi_hide_featured_image":"","footnotes":""},"class_list":["post-1397","page","type-page","status-publish","hentry"],"yoast_head":"<!-- This site is optimized with the Yoast SEO plugin v25.3.1 - https:\/\/yoast.com\/wordpress\/plugins\/seo\/ -->\n<title>Inscriptions - CEFOP Saint Pierre OF CFA<\/title>\n<meta name=\"robots\" content=\"index, follow, max-snippet:-1, max-image-preview:large, max-video-preview:-1\" \/>\n<link rel=\"canonical\" href=\"https:\/\/saintpierre91.org\/cefop\/inscription\/\" \/>\n<meta property=\"og:locale\" content=\"fr_FR\" \/>\n<meta property=\"og:type\" content=\"article\" \/>\n<meta property=\"og:title\" content=\"Inscriptions - CEFOP Saint Pierre OF CFA\" \/>\n<meta property=\"og:description\" content=\"Demande de candidature Pour les formations de l&rsquo;OF-CFA,veuillez choisir \u00ab\u00a0APPRENTISSAGE \/ FORMATION CONTINUE\u00a0\u00bb dans \u00ab\u00a0Classe souhait\u00e9e\u00a0\u00bb Pour les BTS, il est n\u00e9cessaire de vous inscrire par le biais de ce site Internet : parcoursup.fr &nbsp; Attention Afin de compl\u00e9ter votre demande vous devrez joindre les documents suivants scann\u00e9s :\u2022 Bulletins des ann\u00e9es ant\u00e9rieures (classes sp\u00e9cifi\u00e9es...\" \/>\n<meta property=\"og:url\" content=\"https:\/\/saintpierre91.org\/cefop\/inscription\/\" \/>\n<meta property=\"og:site_name\" content=\"CEFOP Saint Pierre OF CFA\" \/>\n<meta property=\"article:modified_time\" content=\"2025-08-18T09:32:55+00:00\" \/>\n<meta name=\"twitter:card\" content=\"summary_large_image\" \/>\n<meta name=\"twitter:label1\" content=\"Dur\u00e9e de lecture estim\u00e9e\" \/>\n\t<meta name=\"twitter:data1\" content=\"2 minutes\" \/>\n<script type=\"application\/ld+json\" class=\"yoast-schema-graph\">{\"@context\":\"https:\/\/schema.org\",\"@graph\":[{\"@type\":\"WebPage\",\"@id\":\"https:\/\/saintpierre91.org\/cefop\/inscription\/\",\"url\":\"https:\/\/saintpierre91.org\/cefop\/inscription\/\",\"name\":\"Inscriptions - CEFOP Saint Pierre OF CFA\",\"isPartOf\":{\"@id\":\"https:\/\/saintpierre91.org\/cefop\/#website\"},\"datePublished\":\"2021-02-09T13:41:21+00:00\",\"dateModified\":\"2025-08-18T09:32:55+00:00\",\"breadcrumb\":{\"@id\":\"https:\/\/saintpierre91.org\/cefop\/inscription\/#breadcrumb\"},\"inLanguage\":\"fr-FR\",\"potentialAction\":[{\"@type\":\"ReadAction\",\"target\":[\"https:\/\/saintpierre91.org\/cefop\/inscription\/\"]}]},{\"@type\":\"BreadcrumbList\",\"@id\":\"https:\/\/saintpierre91.org\/cefop\/inscription\/#breadcrumb\",\"itemListElement\":[{\"@type\":\"ListItem\",\"position\":1,\"name\":\"Accueil\",\"item\":\"https:\/\/saintpierre91.org\/cefop\/\"},{\"@type\":\"ListItem\",\"position\":2,\"name\":\"Inscriptions\"}]},{\"@type\":\"WebSite\",\"@id\":\"https:\/\/saintpierre91.org\/cefop\/#website\",\"url\":\"https:\/\/saintpierre91.org\/cefop\/\",\"name\":\"CEFOP Saint Pierre OF CFA\",\"description\":\"Le  CEFOP Saint-Pierre a l\u2019ambition d\u2019accompagner l\u2019\u00e9volution des besoins et des m\u00e9tiers dans les secteurs de l\u2019h\u00f4tellerie, de la restauration, du tertiaire et du sanitaire et social en privil\u00e9giant des partenariats p\u00e9dagogiques de qualit\u00e9.\",\"publisher\":{\"@id\":\"https:\/\/saintpierre91.org\/cefop\/#organization\"},\"potentialAction\":[{\"@type\":\"SearchAction\",\"target\":{\"@type\":\"EntryPoint\",\"urlTemplate\":\"https:\/\/saintpierre91.org\/cefop\/?s={search_term_string}\"},\"query-input\":{\"@type\":\"PropertyValueSpecification\",\"valueRequired\":true,\"valueName\":\"search_term_string\"}}],\"inLanguage\":\"fr-FR\"},{\"@type\":\"Organization\",\"@id\":\"https:\/\/saintpierre91.org\/cefop\/#organization\",\"name\":\"CEFOP SAINT-PIERRE OF-CFA\",\"url\":\"https:\/\/saintpierre91.org\/cefop\/\",\"logo\":{\"@type\":\"ImageObject\",\"inLanguage\":\"fr-FR\",\"@id\":\"https:\/\/saintpierre91.org\/cefop\/#\/schema\/logo\/image\/\",\"url\":\"https:\/\/saintpierre91.org\/cefop\/wp-content\/uploads\/2020\/11\/icone-01.png\",\"contentUrl\":\"https:\/\/saintpierre91.org\/cefop\/wp-content\/uploads\/2020\/11\/icone-01.png\",\"width\":512,\"height\":512,\"caption\":\"CEFOP SAINT-PIERRE OF-CFA\"},\"image\":{\"@id\":\"https:\/\/saintpierre91.org\/cefop\/#\/schema\/logo\/image\/\"}}]}<\/script>\n<!-- \/ Yoast SEO plugin. -->","yoast_head_json":{"title":"Inscriptions - CEFOP Saint Pierre OF CFA","robots":{"index":"index","follow":"follow","max-snippet":"max-snippet:-1","max-image-preview":"max-image-preview:large","max-video-preview":"max-video-preview:-1"},"canonical":"https:\/\/saintpierre91.org\/cefop\/inscription\/","og_locale":"fr_FR","og_type":"article","og_title":"Inscriptions - CEFOP Saint Pierre OF CFA","og_description":"Demande de candidature Pour les formations de l&rsquo;OF-CFA,veuillez choisir \u00ab\u00a0APPRENTISSAGE \/ FORMATION CONTINUE\u00a0\u00bb dans \u00ab\u00a0Classe souhait\u00e9e\u00a0\u00bb Pour les BTS, il est n\u00e9cessaire de vous inscrire par le biais de ce site Internet : parcoursup.fr &nbsp; Attention Afin de compl\u00e9ter votre demande vous devrez joindre les documents suivants scann\u00e9s :\u2022 Bulletins des ann\u00e9es ant\u00e9rieures (classes sp\u00e9cifi\u00e9es...","og_url":"https:\/\/saintpierre91.org\/cefop\/inscription\/","og_site_name":"CEFOP Saint Pierre OF CFA","article_modified_time":"2025-08-18T09:32:55+00:00","twitter_card":"summary_large_image","twitter_misc":{"Dur\u00e9e de lecture estim\u00e9e":"2 minutes"},"schema":{"@context":"https:\/\/schema.org","@graph":[{"@type":"WebPage","@id":"https:\/\/saintpierre91.org\/cefop\/inscription\/","url":"https:\/\/saintpierre91.org\/cefop\/inscription\/","name":"Inscriptions - CEFOP Saint Pierre OF CFA","isPartOf":{"@id":"https:\/\/saintpierre91.org\/cefop\/#website"},"datePublished":"2021-02-09T13:41:21+00:00","dateModified":"2025-08-18T09:32:55+00:00","breadcrumb":{"@id":"https:\/\/saintpierre91.org\/cefop\/inscription\/#breadcrumb"},"inLanguage":"fr-FR","potentialAction":[{"@type":"ReadAction","target":["https:\/\/saintpierre91.org\/cefop\/inscription\/"]}]},{"@type":"BreadcrumbList","@id":"https:\/\/saintpierre91.org\/cefop\/inscription\/#breadcrumb","itemListElement":[{"@type":"ListItem","position":1,"name":"Accueil","item":"https:\/\/saintpierre91.org\/cefop\/"},{"@type":"ListItem","position":2,"name":"Inscriptions"}]},{"@type":"WebSite","@id":"https:\/\/saintpierre91.org\/cefop\/#website","url":"https:\/\/saintpierre91.org\/cefop\/","name":"CEFOP Saint Pierre OF CFA","description":"Le  CEFOP Saint-Pierre a l\u2019ambition d\u2019accompagner l\u2019\u00e9volution des besoins et des m\u00e9tiers dans les secteurs de l\u2019h\u00f4tellerie, de la restauration, du tertiaire et du sanitaire et social en privil\u00e9giant des partenariats p\u00e9dagogiques de qualit\u00e9.","publisher":{"@id":"https:\/\/saintpierre91.org\/cefop\/#organization"},"potentialAction":[{"@type":"SearchAction","target":{"@type":"EntryPoint","urlTemplate":"https:\/\/saintpierre91.org\/cefop\/?s={search_term_string}"},"query-input":{"@type":"PropertyValueSpecification","valueRequired":true,"valueName":"search_term_string"}}],"inLanguage":"fr-FR"},{"@type":"Organization","@id":"https:\/\/saintpierre91.org\/cefop\/#organization","name":"CEFOP SAINT-PIERRE OF-CFA","url":"https:\/\/saintpierre91.org\/cefop\/","logo":{"@type":"ImageObject","inLanguage":"fr-FR","@id":"https:\/\/saintpierre91.org\/cefop\/#\/schema\/logo\/image\/","url":"https:\/\/saintpierre91.org\/cefop\/wp-content\/uploads\/2020\/11\/icone-01.png","contentUrl":"https:\/\/saintpierre91.org\/cefop\/wp-content\/uploads\/2020\/11\/icone-01.png","width":512,"height":512,"caption":"CEFOP SAINT-PIERRE OF-CFA"},"image":{"@id":"https:\/\/saintpierre91.org\/cefop\/#\/schema\/logo\/image\/"}}]}},"_links":{"self":[{"href":"https:\/\/saintpierre91.org\/cefop\/wp-json\/wp\/v2\/pages\/1397","targetHints":{"allow":["GET"]}}],"collection":[{"href":"https:\/\/saintpierre91.org\/cefop\/wp-json\/wp\/v2\/pages"}],"about":[{"href":"https:\/\/saintpierre91.org\/cefop\/wp-json\/wp\/v2\/types\/page"}],"author":[{"embeddable":true,"href":"https:\/\/saintpierre91.org\/cefop\/wp-json\/wp\/v2\/users\/1"}],"replies":[{"embeddable":true,"href":"https:\/\/saintpierre91.org\/cefop\/wp-json\/wp\/v2\/comments?post=1397"}],"version-history":[{"count":29,"href":"https:\/\/saintpierre91.org\/cefop\/wp-json\/wp\/v2\/pages\/1397\/revisions"}],"predecessor-version":[{"id":6119,"href":"https:\/\/saintpierre91.org\/cefop\/wp-json\/wp\/v2\/pages\/1397\/revisions\/6119"}],"wp:attachment":[{"href":"https:\/\/saintpierre91.org\/cefop\/wp-json\/wp\/v2\/media?parent=1397"}],"curies":[{"name":"wp","href":"https:\/\/api.w.org\/{rel}","templated":true}]}}