{"id":1489,"date":"2021-02-12T09:54:06","date_gmt":"2021-02-12T08:54:06","guid":{"rendered":"https:\/\/saintpierre91.org\/-cfa\/?page_id=1489"},"modified":"2021-03-01T09:58:04","modified_gmt":"2021-03-01T08:58:04","slug":"formulaire","status":"publish","type":"page","link":"https:\/\/saintpierre91.org\/cefop\/formulaire\/","title":{"rendered":"Formulaire"},"content":{"rendered":"\n\n<div class=\"wpcf7 no-js\" id=\"wpcf7-f1638-o1\" lang=\"fr-FR\" dir=\"ltr\" data-wpcf7-id=\"1638\">\n<div class=\"screen-reader-response\"><p role=\"status\" aria-live=\"polite\" aria-atomic=\"true\"><\/p> <ul><\/ul><\/div>\n<form action=\"\/cefop\/wp-json\/wp\/v2\/pages\/1489#wpcf7-f1638-o1\" method=\"post\" class=\"wpcf7-form init\" aria-label=\"Formulaire de contact\" enctype=\"multipart\/form-data\" novalidate=\"novalidate\" data-status=\"init\">\n<fieldset class=\"hidden-fields-container\"><input type=\"hidden\" name=\"_wpcf7\" value=\"1638\" \/><input type=\"hidden\" name=\"_wpcf7_version\" value=\"6.1\" \/><input type=\"hidden\" name=\"_wpcf7_locale\" value=\"fr_FR\" \/><input type=\"hidden\" name=\"_wpcf7_unit_tag\" value=\"wpcf7-f1638-o1\" \/><input type=\"hidden\" name=\"_wpcf7_container_post\" value=\"0\" \/><input type=\"hidden\" name=\"_wpcf7_posted_data_hash\" value=\"\" \/><input type=\"hidden\" name=\"_uacf7_hidden_conditional_fields\" value=\"\" \/>\n<\/fieldset>\n<div class=\"uacf7-form-1638  \"><div class=\"card shadow-lg border-0 mb-4\">\n  <div class=\"card-body text-center\">\n    <h1 class=\"card-title fw-bold\" style=\"color: #e6057e;\">\n      Offre d'emploi en alternance\n    <\/h1>\n  <\/div>\n<\/div>\n\n\n\n\n<h1>Fiche de poste entreprise<\/h1>\n\n\n<div class=\"panel panel-default\">\n  <div class=\"panel-heading\"><h3><i class=\"fas fa-building\"><\/i> L'entreprise<\/h3><\/div>\n  <div class=\"panel-body\">\n\n\n<label>Nom de l'entreprise<\/label>\n<span class=\"wpcf7-form-control-wrap\" data-name=\"nomEntreprise\"><input size=\"40\" maxlength=\"400\" class=\"wpcf7-form-control wpcf7-text wpcf7-validates-as-required\" aria-required=\"true\" aria-invalid=\"false\" value=\"\" type=\"text\" name=\"nomEntreprise\" \/><\/span>\n\n<hr>\n<label>Description de l'entreprise<\/label>\n<span class=\"wpcf7-form-control-wrap\" data-name=\"Description\"><textarea cols=\"40\" rows=\"10\" maxlength=\"2000\" class=\"wpcf7-form-control wpcf7-textarea\" aria-invalid=\"false\" name=\"Description\"><\/textarea><\/span>\n\n<hr>\n<h3><i class=\"fas fa-user-tie\"><\/i> Contact d\u00e9p\u00f4t candidature<\/h3>\n\n<div class=\"row\">\n<div class=\"col-md-4\"><label>Nom<\/label><span class=\"wpcf7-form-control-wrap\" data-name=\"nomContact\"><input size=\"40\" maxlength=\"400\" class=\"wpcf7-form-control wpcf7-text wpcf7-validates-as-required\" aria-required=\"true\" aria-invalid=\"false\" value=\"\" type=\"text\" name=\"nomContact\" \/><\/span><\/div>\n<div class=\"col-md-4\"><label>Pr\u00e9nom<\/label><span class=\"wpcf7-form-control-wrap\" data-name=\"prenomContact\"><input size=\"40\" maxlength=\"400\" class=\"wpcf7-form-control wpcf7-text wpcf7-validates-as-required\" aria-required=\"true\" aria-invalid=\"false\" value=\"\" type=\"text\" name=\"prenomContact\" \/><\/span><\/div>\n<div class=\"col-md-4\"><label>Fonction<\/label><span class=\"wpcf7-form-control-wrap\" data-name=\"fonctionContact\"><input size=\"40\" maxlength=\"400\" class=\"wpcf7-form-control wpcf7-text\" aria-invalid=\"false\" value=\"\" type=\"text\" name=\"fonctionContact\" \/><\/span><\/div>\n\n\n<div class=\"col-md-6\"><label>Mail<\/label><span class=\"wpcf7-form-control-wrap\" data-name=\"emailContact\"><input size=\"40\" maxlength=\"400\" class=\"wpcf7-form-control wpcf7-email wpcf7-validates-as-required wpcf7-text wpcf7-validates-as-email\" aria-required=\"true\" aria-invalid=\"false\" value=\"\" type=\"email\" name=\"emailContact\" \/><\/span><\/div>\n<div class=\"col-md-6\"><label>Telephone<\/label><span class=\"wpcf7-form-control-wrap\" data-name=\"telephoneContact\"><input size=\"40\" maxlength=\"400\" class=\"wpcf7-form-control wpcf7-text wpcf7-validates-as-required\" aria-required=\"true\" aria-invalid=\"false\" value=\"\" type=\"text\" name=\"telephoneContact\" \/><\/span><\/div>\n<\/div>\n\n\n\n<\/div>\n<\/div>\n\n\n\n\n<div class=\"panel panel-default\">\n  <div class=\"panel-heading\"><h3><i class=\"fas fa-edit\"><\/i> Le poste<\/h3><\/div>\n  <div class=\"panel-body\">\n\n<div class=\"row\">\n<div class=\"col-md-8\">\n<label>Intitul\u00e9 du poste<\/label>\n<span class=\"wpcf7-form-control-wrap\" data-name=\"intitulePoste\"><input size=\"40\" maxlength=\"400\" class=\"wpcf7-form-control wpcf7-text wpcf7-validates-as-required\" aria-required=\"true\" aria-invalid=\"false\" value=\"\" type=\"text\" name=\"intitulePoste\" \/><\/span>\n<\/div>\n<div class=\"col-md-4\">\n<label>Lieu du poste<\/label>\n<span class=\"wpcf7-form-control-wrap\" data-name=\"LieuPoste\"><input size=\"40\" maxlength=\"400\" class=\"wpcf7-form-control wpcf7-text wpcf7-validates-as-required\" aria-required=\"true\" aria-invalid=\"false\" value=\"\" type=\"text\" name=\"LieuPoste\" \/><\/span>\n<\/div><\/div>\n\n\n<!--\n<hr>\n<div class=\"row\">\n<div class=\"col-md-4\">\n<label>Missions \u00e0 court terme<\/label>\n<span class=\"wpcf7-form-control-wrap\" data-name=\"Mission1\"><textarea cols=\"40\" rows=\"10\" maxlength=\"2000\" class=\"wpcf7-form-control wpcf7-textarea\" aria-invalid=\"false\" name=\"Mission1\"><\/textarea><\/span>\n<\/div>\n\n<div class=\"col-md-4\">\n<label>Missions \u00e0 moyen terme<\/label>\n<span class=\"wpcf7-form-control-wrap\" data-name=\"Mission2\"><textarea cols=\"40\" rows=\"10\" maxlength=\"2000\" class=\"wpcf7-form-control wpcf7-textarea\" aria-invalid=\"false\" name=\"Mission2\"><\/textarea><\/span>\n<\/div>\n\n<div class=\"col-md-4\">\n<label>Missions \u00e0 long terme<\/label>\n<span class=\"wpcf7-form-control-wrap\" data-name=\"Mission3\"><textarea cols=\"40\" rows=\"10\" maxlength=\"2000\" class=\"wpcf7-form-control wpcf7-textarea\" aria-invalid=\"false\" name=\"Mission3\"><\/textarea><\/span>\n<\/div>\n\n<\/div>\n-->\n\n<\/div><\/div>\n\n\n\n\n\n<div class=\"panel panel-default\">\n  <div class=\"panel-heading\"><h3><i class=\"fas fa-user-circle\"><\/i> Profil recherch\u00e9<\/h3><\/div>\n  <div class=\"panel-body\">\n\n\n<label>(Exemple : Comp\u00e9tences requises, qualit\u00e9s recherch\u00e9es, titulaire du permis B, mineurs et\/ou majeurs...)<\/label>\n<span class=\"wpcf7-form-control-wrap\" data-name=\"profilCandidat\"><textarea cols=\"40\" rows=\"10\" maxlength=\"2000\" class=\"wpcf7-form-control wpcf7-textarea\" aria-invalid=\"false\" name=\"profilCandidat\"><\/textarea><\/span>\n\n<label>Informations compl\u00e9mentaires<\/label>\n<span class=\"wpcf7-form-control-wrap\" data-name=\"infosComplementaires\"><textarea cols=\"40\" rows=\"10\" maxlength=\"2000\" class=\"wpcf7-form-control wpcf7-textarea\" aria-invalid=\"false\" name=\"infosComplementaires\"><\/textarea><\/span>\n\n<hr>\n<div class=\"row\">\n<div class=\"col-md-6\">\n<label>Formation (plusieurs choix possibles : maintenir la touche ALT ou CMD)<\/label>\n\n\n\n<span class=\"wpcf7-form-control-wrap\" data-name=\"diplome\"><select class=\"wpcf7-form-control wpcf7-select\" aria-invalid=\"false\" multiple=\"multiple\" name=\"diplome[]\"><option value=\"\">&#8212;Veuillez choisir une option&#8212;<\/option><option value=\"CAP AEPE\">CAP AEPE<\/option><option value=\"BTS Management Commercial Op\u00e9rationnel\">BTS Management Commercial Op\u00e9rationnel<\/option><option value=\"BTS Support \u00e0 l\u2019Action Manag\u00e9riale\">BTS Support \u00e0 l\u2019Action Manag\u00e9riale<\/option><option value=\"BTS Professions Immobili\u00e8res\">BTS Professions Immobili\u00e8res<\/option><option value=\"BTS N\u00e9gociation et Digitalisation de la Relation Clients\">BTS N\u00e9gociation et Digitalisation de la Relation Clients<\/option><option value=\"Bachelor Charg\u00e9 De Communication\">Bachelor Charg\u00e9 De Communication<\/option><option value=\"Bachelor Responsable du D\u00e9veloppement Commercial\">Bachelor Responsable du D\u00e9veloppement Commercial<\/option><option value=\"Bachelor Charg\u00e9 de Recrutement et Conseils en Ressources Humaines\">Bachelor Charg\u00e9 de Recrutement et Conseils en Ressources Humaines<\/option><\/select><\/span>\n\n<\/div>\n<div class=\"col-md-6\">\n<label>Poste ouvert aux personnes en situation de handicap<\/label>\n<span class=\"wpcf7-form-control-wrap\" data-name=\"handicap\"><span class=\"wpcf7-form-control wpcf7-radio\"><span class=\"wpcf7-list-item first\"><label><input type=\"radio\" name=\"handicap\" value=\"OUI\" checked=\"checked\" \/><span class=\"wpcf7-list-item-label\">OUI<\/span><\/label><\/span><span class=\"wpcf7-list-item last\"><label><input type=\"radio\" name=\"handicap\" value=\"NON\" \/><span class=\"wpcf7-list-item-label\">NON<\/span><\/label><\/span><\/span><\/span>\n<\/div>\n<\/div>\n\n\n\n\n<\/div>\n<\/div>\n\n\n\n\n<div class=\"panel panel-default\">\n  <div class=\"panel-heading\"><h3><i class=\"fas fa-info-circle\"><\/i> Informations utiles<\/h3><\/div>\n  <div class=\"panel-body\">\n\n\n<div class=\"row\">\n<div class=\"col-md-4\">\n<label>Nombre de postes<\/label>\n<span class=\"wpcf7-form-control-wrap\" data-name=\"nombrePoste\"><input class=\"wpcf7-form-control wpcf7-number wpcf7-validates-as-number\" aria-invalid=\"false\" value=\"1\" type=\"number\" name=\"nombrePoste\" \/><\/span>\n<\/div>\n\n<div class=\"col-md-4\">\n<label>Type de contrat<\/label>\n<span class=\"wpcf7-form-control-wrap\" data-name=\"typeContrat\"><span class=\"wpcf7-form-control wpcf7-checkbox wpcf7-validates-as-required\"><span class=\"wpcf7-list-item first\"><label><input type=\"checkbox\" name=\"typeContrat[]\" value=\"apprentissage\" \/><span class=\"wpcf7-list-item-label\">apprentissage<\/span><\/label><\/span><span class=\"wpcf7-list-item\"><label><input type=\"checkbox\" name=\"typeContrat[]\" value=\"professionnalisation\" \/><span class=\"wpcf7-list-item-label\">professionnalisation<\/span><\/label><\/span><span class=\"wpcf7-list-item last\"><label><input type=\"checkbox\" name=\"typeContrat[]\" value=\"autre financement\" \/><span class=\"wpcf7-list-item-label\">autre financement<\/span><\/label><\/span><\/span><\/span>\n<\/div>\n\n<div class=\"col-md-4\">\n<label>Dur\u00e9e contrat<\/label>\n<span class=\"wpcf7-form-control-wrap\" data-name=\"dureeContrat\"><select class=\"wpcf7-form-control wpcf7-select wpcf7-validates-as-required\" aria-required=\"true\" aria-invalid=\"false\" name=\"dureeContrat\"><option value=\"\">&#8212;Veuillez choisir une option&#8212;<\/option><option value=\"1 an : CAP\">1 an : CAP<\/option><option value=\"1 an : BACHELOR\">1 an : BACHELOR<\/option><option value=\"2 ans : BTS\">2 ans : BTS<\/option><\/select><\/span>\n<\/div><\/div>\n\n\n\n\n\n\n<hr>\n\n\n<\/div>\n<\/div>\n\n\n\n\n<div class=\"panel panel-default\">\n<div class=\"panel-heading\"><h3><i class=\"fas fa-file-upload\"><\/i> Pi\u00e8ce jointe<\/h3><\/div>\n<div class=\"panel-body\">\n<label>Vous pouvez nous faire parvenir une pi\u00e8ce jointe (taille maximale 10 Mo)<\/label>\n<span class=\"wpcf7-form-control-wrap\" data-name=\"pieceJointe\"><input size=\"40\" class=\"wpcf7-form-control wpcf7-file\" accept=\"audio\/*,video\/*,image\/*\" aria-invalid=\"false\" type=\"file\" name=\"pieceJointe\" \/><\/span>\n<\/div>\n<\/div>\n\n\n\n\n\n<center>\n<input class=\"wpcf7-form-control wpcf7-submit has-spinner\" type=\"submit\" value=\"Envoyer\" \/>\n<\/center><\/div><p style=\"display: none !important;\" class=\"akismet-fields-container\" data-prefix=\"_wpcf7_ak_\"><label>&#916;<textarea name=\"_wpcf7_ak_hp_textarea\" cols=\"45\" rows=\"8\" maxlength=\"100\"><\/textarea><\/label><input type=\"hidden\" id=\"ak_js_1\" name=\"_wpcf7_ak_js\" value=\"179\"\/><script>document.getElementById( \"ak_js_1\" ).setAttribute( \"value\", ( new Date() ).getTime() );<\/script><\/p><div class=\"wpcf7-response-output\" aria-hidden=\"true\"><\/div>\n<\/form>\n<\/div>\n\n","protected":false},"excerpt":{"rendered":"","protected":false},"author":1,"featured_media":0,"parent":0,"menu_order":0,"comment_status":"closed","ping_status":"closed","template":"","meta":{"_kad_post_transparent":"","_kad_post_title":"","_kad_post_layout":"","_kad_post_sidebar_id":"","_kad_post_content_style":"","_kad_post_vertical_padding":"","_kad_post_feature":"","_kad_post_feature_position":"","_kad_post_header":false,"_kad_post_footer":false,"cybocfi_hide_featured_image":"","footnotes":""},"class_list":["post-1489","page","type-page","status-publish","hentry"],"yoast_head":"<!-- This site is optimized with the Yoast SEO plugin v25.3.1 - https:\/\/yoast.com\/wordpress\/plugins\/seo\/ -->\n<title>Formulaire - CEFOP Saint Pierre OF CFA<\/title>\n<meta name=\"robots\" content=\"index, follow, max-snippet:-1, max-image-preview:large, max-video-preview:-1\" \/>\n<link rel=\"canonical\" href=\"https:\/\/saintpierre91.org\/cefop\/formulaire\/\" \/>\n<meta property=\"og:locale\" content=\"fr_FR\" \/>\n<meta property=\"og:type\" content=\"article\" \/>\n<meta property=\"og:title\" content=\"Formulaire - CEFOP Saint Pierre OF CFA\" \/>\n<meta property=\"og:url\" content=\"https:\/\/saintpierre91.org\/cefop\/formulaire\/\" \/>\n<meta property=\"og:site_name\" content=\"CEFOP Saint Pierre OF CFA\" \/>\n<meta property=\"article:modified_time\" content=\"2021-03-01T08:58:04+00:00\" \/>\n<meta name=\"twitter:card\" content=\"summary_large_image\" \/>\n<script type=\"application\/ld+json\" class=\"yoast-schema-graph\">{\"@context\":\"https:\/\/schema.org\",\"@graph\":[{\"@type\":\"WebPage\",\"@id\":\"https:\/\/saintpierre91.org\/cefop\/formulaire\/\",\"url\":\"https:\/\/saintpierre91.org\/cefop\/formulaire\/\",\"name\":\"Formulaire - CEFOP Saint Pierre OF CFA\",\"isPartOf\":{\"@id\":\"https:\/\/saintpierre91.org\/cefop\/#website\"},\"datePublished\":\"2021-02-12T08:54:06+00:00\",\"dateModified\":\"2021-03-01T08:58:04+00:00\",\"breadcrumb\":{\"@id\":\"https:\/\/saintpierre91.org\/cefop\/formulaire\/#breadcrumb\"},\"inLanguage\":\"fr-FR\",\"potentialAction\":[{\"@type\":\"ReadAction\",\"target\":[\"https:\/\/saintpierre91.org\/cefop\/formulaire\/\"]}]},{\"@type\":\"BreadcrumbList\",\"@id\":\"https:\/\/saintpierre91.org\/cefop\/formulaire\/#breadcrumb\",\"itemListElement\":[{\"@type\":\"ListItem\",\"position\":1,\"name\":\"Accueil\",\"item\":\"https:\/\/saintpierre91.org\/cefop\/\"},{\"@type\":\"ListItem\",\"position\":2,\"name\":\"Formulaire\"}]},{\"@type\":\"WebSite\",\"@id\":\"https:\/\/saintpierre91.org\/cefop\/#website\",\"url\":\"https:\/\/saintpierre91.org\/cefop\/\",\"name\":\"CEFOP Saint Pierre OF CFA\",\"description\":\"Le  CEFOP Saint-Pierre a l\u2019ambition d\u2019accompagner l\u2019\u00e9volution des besoins et des m\u00e9tiers dans les secteurs de l\u2019h\u00f4tellerie, de la restauration, du tertiaire et du sanitaire et social en privil\u00e9giant des partenariats p\u00e9dagogiques de qualit\u00e9.\",\"publisher\":{\"@id\":\"https:\/\/saintpierre91.org\/cefop\/#organization\"},\"potentialAction\":[{\"@type\":\"SearchAction\",\"target\":{\"@type\":\"EntryPoint\",\"urlTemplate\":\"https:\/\/saintpierre91.org\/cefop\/?s={search_term_string}\"},\"query-input\":{\"@type\":\"PropertyValueSpecification\",\"valueRequired\":true,\"valueName\":\"search_term_string\"}}],\"inLanguage\":\"fr-FR\"},{\"@type\":\"Organization\",\"@id\":\"https:\/\/saintpierre91.org\/cefop\/#organization\",\"name\":\"CEFOP SAINT-PIERRE OF-CFA\",\"url\":\"https:\/\/saintpierre91.org\/cefop\/\",\"logo\":{\"@type\":\"ImageObject\",\"inLanguage\":\"fr-FR\",\"@id\":\"https:\/\/saintpierre91.org\/cefop\/#\/schema\/logo\/image\/\",\"url\":\"https:\/\/saintpierre91.org\/cefop\/wp-content\/uploads\/2020\/11\/icone-01.png\",\"contentUrl\":\"https:\/\/saintpierre91.org\/cefop\/wp-content\/uploads\/2020\/11\/icone-01.png\",\"width\":512,\"height\":512,\"caption\":\"CEFOP SAINT-PIERRE OF-CFA\"},\"image\":{\"@id\":\"https:\/\/saintpierre91.org\/cefop\/#\/schema\/logo\/image\/\"}}]}<\/script>\n<!-- \/ Yoast SEO plugin. -->","yoast_head_json":{"title":"Formulaire - CEFOP Saint Pierre OF CFA","robots":{"index":"index","follow":"follow","max-snippet":"max-snippet:-1","max-image-preview":"max-image-preview:large","max-video-preview":"max-video-preview:-1"},"canonical":"https:\/\/saintpierre91.org\/cefop\/formulaire\/","og_locale":"fr_FR","og_type":"article","og_title":"Formulaire - CEFOP Saint Pierre OF CFA","og_url":"https:\/\/saintpierre91.org\/cefop\/formulaire\/","og_site_name":"CEFOP Saint Pierre OF CFA","article_modified_time":"2021-03-01T08:58:04+00:00","twitter_card":"summary_large_image","schema":{"@context":"https:\/\/schema.org","@graph":[{"@type":"WebPage","@id":"https:\/\/saintpierre91.org\/cefop\/formulaire\/","url":"https:\/\/saintpierre91.org\/cefop\/formulaire\/","name":"Formulaire - CEFOP Saint Pierre OF CFA","isPartOf":{"@id":"https:\/\/saintpierre91.org\/cefop\/#website"},"datePublished":"2021-02-12T08:54:06+00:00","dateModified":"2021-03-01T08:58:04+00:00","breadcrumb":{"@id":"https:\/\/saintpierre91.org\/cefop\/formulaire\/#breadcrumb"},"inLanguage":"fr-FR","potentialAction":[{"@type":"ReadAction","target":["https:\/\/saintpierre91.org\/cefop\/formulaire\/"]}]},{"@type":"BreadcrumbList","@id":"https:\/\/saintpierre91.org\/cefop\/formulaire\/#breadcrumb","itemListElement":[{"@type":"ListItem","position":1,"name":"Accueil","item":"https:\/\/saintpierre91.org\/cefop\/"},{"@type":"ListItem","position":2,"name":"Formulaire"}]},{"@type":"WebSite","@id":"https:\/\/saintpierre91.org\/cefop\/#website","url":"https:\/\/saintpierre91.org\/cefop\/","name":"CEFOP Saint Pierre OF CFA","description":"Le  CEFOP Saint-Pierre a l\u2019ambition d\u2019accompagner l\u2019\u00e9volution des besoins et des m\u00e9tiers dans les secteurs de l\u2019h\u00f4tellerie, de la restauration, du tertiaire et du sanitaire et social en privil\u00e9giant des partenariats p\u00e9dagogiques de qualit\u00e9.","publisher":{"@id":"https:\/\/saintpierre91.org\/cefop\/#organization"},"potentialAction":[{"@type":"SearchAction","target":{"@type":"EntryPoint","urlTemplate":"https:\/\/saintpierre91.org\/cefop\/?s={search_term_string}"},"query-input":{"@type":"PropertyValueSpecification","valueRequired":true,"valueName":"search_term_string"}}],"inLanguage":"fr-FR"},{"@type":"Organization","@id":"https:\/\/saintpierre91.org\/cefop\/#organization","name":"CEFOP SAINT-PIERRE OF-CFA","url":"https:\/\/saintpierre91.org\/cefop\/","logo":{"@type":"ImageObject","inLanguage":"fr-FR","@id":"https:\/\/saintpierre91.org\/cefop\/#\/schema\/logo\/image\/","url":"https:\/\/saintpierre91.org\/cefop\/wp-content\/uploads\/2020\/11\/icone-01.png","contentUrl":"https:\/\/saintpierre91.org\/cefop\/wp-content\/uploads\/2020\/11\/icone-01.png","width":512,"height":512,"caption":"CEFOP SAINT-PIERRE OF-CFA"},"image":{"@id":"https:\/\/saintpierre91.org\/cefop\/#\/schema\/logo\/image\/"}}]}},"_links":{"self":[{"href":"https:\/\/saintpierre91.org\/cefop\/wp-json\/wp\/v2\/pages\/1489","targetHints":{"allow":["GET"]}}],"collection":[{"href":"https:\/\/saintpierre91.org\/cefop\/wp-json\/wp\/v2\/pages"}],"about":[{"href":"https:\/\/saintpierre91.org\/cefop\/wp-json\/wp\/v2\/types\/page"}],"author":[{"embeddable":true,"href":"https:\/\/saintpierre91.org\/cefop\/wp-json\/wp\/v2\/users\/1"}],"replies":[{"embeddable":true,"href":"https:\/\/saintpierre91.org\/cefop\/wp-json\/wp\/v2\/comments?post=1489"}],"version-history":[{"count":11,"href":"https:\/\/saintpierre91.org\/cefop\/wp-json\/wp\/v2\/pages\/1489\/revisions"}],"predecessor-version":[{"id":1792,"href":"https:\/\/saintpierre91.org\/cefop\/wp-json\/wp\/v2\/pages\/1489\/revisions\/1792"}],"wp:attachment":[{"href":"https:\/\/saintpierre91.org\/cefop\/wp-json\/wp\/v2\/media?parent=1489"}],"curies":[{"name":"wp","href":"https:\/\/api.w.org\/{rel}","templated":true}]}}