{"id":16,"date":"2020-08-24T09:33:38","date_gmt":"2020-08-24T07:33:38","guid":{"rendered":"https:\/\/saintpierre91.org\/-cfa\/?page_id=16"},"modified":"2020-08-24T09:33:38","modified_gmt":"2020-08-24T07:33:38","slug":"tertiaire","status":"publish","type":"page","link":"https:\/\/saintpierre91.org\/cefop\/tertiaire\/","title":{"rendered":"Tertiaire"},"content":{"rendered":"\n<p>\u2022 <a href=\"https:\/\/saintpierre91.org\/index.php\/30-formations-communication-gestion-mercatique\/291-cap-employe-e-de-vente-en-alternance\">CAP Employ\u00e9(e) de Vente<\/a><br>\u2022 <a href=\"https:\/\/saintpierre91.org\/30-formations-communication-gestion-mercatique\/101-bac-pro-commerce\">BAC Pro M\u00e9tiers du Commerce et de la Vente<\/a><br>\u2022 <a href=\"https:\/\/saintpierre91.org\/30-formations-communication-gestion-mercatique\/91-bts-support-a-l-action-manageriale-en-alternance\">BTS Support \u00e0 l\u2019Action Manag\u00e9riale<\/a><br>\u2022 <a href=\"https:\/\/saintpierre91.org\/30-formations-communication-gestion-mercatique\/92-bts-assistant-gestion-pme-pmi\">BTS Gestion de la PME<\/a><br>\u2022 <a href=\"https:\/\/saintpierre91.org\/30-formations-communication-gestion-mercatique\/90-bts-mco\">BTS Management Commercial Op\u00e9rationnel<\/a><br>\u2022 <a href=\"https:\/\/saintpierre91.org\/30-formations-communication-gestion-mercatique\/89-bts-professions-immobilieres\">BTS Professions Immobili\u00e8res<\/a><\/p>\n","protected":false},"excerpt":{"rendered":"<p>\u2022 CAP Employ\u00e9(e) de Vente\u2022 BAC Pro M\u00e9tiers du Commerce et de la Vente\u2022 BTS Support \u00e0 l\u2019Action Manag\u00e9riale\u2022 BTS Gestion de la PME\u2022 BTS Management Commercial Op\u00e9rationnel\u2022 BTS Professions Immobili\u00e8res<\/p>\n","protected":false},"author":1,"featured_media":0,"parent":0,"menu_order":0,"comment_status":"closed","ping_status":"closed","template":"","meta":{"_kad_post_transparent":"","_kad_post_title":"","_kad_post_layout":"","_kad_post_sidebar_id":"","_kad_post_content_style":"","_kad_post_vertical_padding":"","_kad_post_feature":"","_kad_post_feature_position":"","_kad_post_header":false,"_kad_post_footer":false,"cybocfi_hide_featured_image":"","footnotes":""},"class_list":["post-16","page","type-page","status-publish","hentry"],"yoast_head":"<!-- This site is optimized with the Yoast SEO plugin v25.3.1 - https:\/\/yoast.com\/wordpress\/plugins\/seo\/ -->\n<title>Tertiaire - CEFOP Saint Pierre OF CFA<\/title>\n<meta name=\"robots\" content=\"index, follow, max-snippet:-1, max-image-preview:large, max-video-preview:-1\" \/>\n<link rel=\"canonical\" href=\"https:\/\/saintpierre91.org\/cefop\/tertiaire\/\" \/>\n<meta property=\"og:locale\" content=\"fr_FR\" \/>\n<meta property=\"og:type\" content=\"article\" \/>\n<meta property=\"og:title\" content=\"Tertiaire - CEFOP Saint Pierre OF CFA\" \/>\n<meta property=\"og:description\" content=\"\u2022 CAP Employ\u00e9(e) de Vente\u2022 BAC Pro M\u00e9tiers du Commerce et de la Vente\u2022 BTS Support \u00e0 l\u2019Action Manag\u00e9riale\u2022 BTS Gestion de la PME\u2022 BTS Management Commercial Op\u00e9rationnel\u2022 BTS Professions Immobili\u00e8res\" \/>\n<meta property=\"og:url\" content=\"https:\/\/saintpierre91.org\/cefop\/tertiaire\/\" \/>\n<meta property=\"og:site_name\" content=\"CEFOP Saint Pierre OF CFA\" \/>\n<meta name=\"twitter:card\" content=\"summary_large_image\" \/>\n<script type=\"application\/ld+json\" class=\"yoast-schema-graph\">{\"@context\":\"https:\/\/schema.org\",\"@graph\":[{\"@type\":\"WebPage\",\"@id\":\"https:\/\/saintpierre91.org\/cefop\/tertiaire\/\",\"url\":\"https:\/\/saintpierre91.org\/cefop\/tertiaire\/\",\"name\":\"Tertiaire - CEFOP Saint Pierre OF CFA\",\"isPartOf\":{\"@id\":\"https:\/\/saintpierre91.org\/cefop\/#website\"},\"datePublished\":\"2020-08-24T07:33:38+00:00\",\"breadcrumb\":{\"@id\":\"https:\/\/saintpierre91.org\/cefop\/tertiaire\/#breadcrumb\"},\"inLanguage\":\"fr-FR\",\"potentialAction\":[{\"@type\":\"ReadAction\",\"target\":[\"https:\/\/saintpierre91.org\/cefop\/tertiaire\/\"]}]},{\"@type\":\"BreadcrumbList\",\"@id\":\"https:\/\/saintpierre91.org\/cefop\/tertiaire\/#breadcrumb\",\"itemListElement\":[{\"@type\":\"ListItem\",\"position\":1,\"name\":\"Accueil\",\"item\":\"https:\/\/saintpierre91.org\/cefop\/\"},{\"@type\":\"ListItem\",\"position\":2,\"name\":\"Tertiaire\"}]},{\"@type\":\"WebSite\",\"@id\":\"https:\/\/saintpierre91.org\/cefop\/#website\",\"url\":\"https:\/\/saintpierre91.org\/cefop\/\",\"name\":\"CEFOP Saint Pierre OF CFA\",\"description\":\"Le  CEFOP Saint-Pierre a l\u2019ambition d\u2019accompagner l\u2019\u00e9volution des besoins et des m\u00e9tiers dans les secteurs de l\u2019h\u00f4tellerie, de la restauration, du tertiaire et du sanitaire et social en privil\u00e9giant des partenariats p\u00e9dagogiques de qualit\u00e9.\",\"publisher\":{\"@id\":\"https:\/\/saintpierre91.org\/cefop\/#organization\"},\"potentialAction\":[{\"@type\":\"SearchAction\",\"target\":{\"@type\":\"EntryPoint\",\"urlTemplate\":\"https:\/\/saintpierre91.org\/cefop\/?s={search_term_string}\"},\"query-input\":{\"@type\":\"PropertyValueSpecification\",\"valueRequired\":true,\"valueName\":\"search_term_string\"}}],\"inLanguage\":\"fr-FR\"},{\"@type\":\"Organization\",\"@id\":\"https:\/\/saintpierre91.org\/cefop\/#organization\",\"name\":\"CEFOP SAINT-PIERRE OF-CFA\",\"url\":\"https:\/\/saintpierre91.org\/cefop\/\",\"logo\":{\"@type\":\"ImageObject\",\"inLanguage\":\"fr-FR\",\"@id\":\"https:\/\/saintpierre91.org\/cefop\/#\/schema\/logo\/image\/\",\"url\":\"https:\/\/saintpierre91.org\/cefop\/wp-content\/uploads\/2020\/11\/icone-01.png\",\"contentUrl\":\"https:\/\/saintpierre91.org\/cefop\/wp-content\/uploads\/2020\/11\/icone-01.png\",\"width\":512,\"height\":512,\"caption\":\"CEFOP SAINT-PIERRE OF-CFA\"},\"image\":{\"@id\":\"https:\/\/saintpierre91.org\/cefop\/#\/schema\/logo\/image\/\"}}]}<\/script>\n<!-- \/ Yoast SEO plugin. -->","yoast_head_json":{"title":"Tertiaire - CEFOP Saint Pierre OF CFA","robots":{"index":"index","follow":"follow","max-snippet":"max-snippet:-1","max-image-preview":"max-image-preview:large","max-video-preview":"max-video-preview:-1"},"canonical":"https:\/\/saintpierre91.org\/cefop\/tertiaire\/","og_locale":"fr_FR","og_type":"article","og_title":"Tertiaire - CEFOP Saint Pierre OF CFA","og_description":"\u2022 CAP Employ\u00e9(e) de Vente\u2022 BAC Pro M\u00e9tiers du Commerce et de la Vente\u2022 BTS Support \u00e0 l\u2019Action Manag\u00e9riale\u2022 BTS Gestion de la PME\u2022 BTS Management Commercial Op\u00e9rationnel\u2022 BTS Professions Immobili\u00e8res","og_url":"https:\/\/saintpierre91.org\/cefop\/tertiaire\/","og_site_name":"CEFOP Saint Pierre OF CFA","twitter_card":"summary_large_image","schema":{"@context":"https:\/\/schema.org","@graph":[{"@type":"WebPage","@id":"https:\/\/saintpierre91.org\/cefop\/tertiaire\/","url":"https:\/\/saintpierre91.org\/cefop\/tertiaire\/","name":"Tertiaire - CEFOP Saint Pierre OF CFA","isPartOf":{"@id":"https:\/\/saintpierre91.org\/cefop\/#website"},"datePublished":"2020-08-24T07:33:38+00:00","breadcrumb":{"@id":"https:\/\/saintpierre91.org\/cefop\/tertiaire\/#breadcrumb"},"inLanguage":"fr-FR","potentialAction":[{"@type":"ReadAction","target":["https:\/\/saintpierre91.org\/cefop\/tertiaire\/"]}]},{"@type":"BreadcrumbList","@id":"https:\/\/saintpierre91.org\/cefop\/tertiaire\/#breadcrumb","itemListElement":[{"@type":"ListItem","position":1,"name":"Accueil","item":"https:\/\/saintpierre91.org\/cefop\/"},{"@type":"ListItem","position":2,"name":"Tertiaire"}]},{"@type":"WebSite","@id":"https:\/\/saintpierre91.org\/cefop\/#website","url":"https:\/\/saintpierre91.org\/cefop\/","name":"CEFOP Saint Pierre OF CFA","description":"Le  CEFOP Saint-Pierre a l\u2019ambition d\u2019accompagner l\u2019\u00e9volution des besoins et des m\u00e9tiers dans les secteurs de l\u2019h\u00f4tellerie, de la restauration, du tertiaire et du sanitaire et social en privil\u00e9giant des partenariats p\u00e9dagogiques de qualit\u00e9.","publisher":{"@id":"https:\/\/saintpierre91.org\/cefop\/#organization"},"potentialAction":[{"@type":"SearchAction","target":{"@type":"EntryPoint","urlTemplate":"https:\/\/saintpierre91.org\/cefop\/?s={search_term_string}"},"query-input":{"@type":"PropertyValueSpecification","valueRequired":true,"valueName":"search_term_string"}}],"inLanguage":"fr-FR"},{"@type":"Organization","@id":"https:\/\/saintpierre91.org\/cefop\/#organization","name":"CEFOP SAINT-PIERRE OF-CFA","url":"https:\/\/saintpierre91.org\/cefop\/","logo":{"@type":"ImageObject","inLanguage":"fr-FR","@id":"https:\/\/saintpierre91.org\/cefop\/#\/schema\/logo\/image\/","url":"https:\/\/saintpierre91.org\/cefop\/wp-content\/uploads\/2020\/11\/icone-01.png","contentUrl":"https:\/\/saintpierre91.org\/cefop\/wp-content\/uploads\/2020\/11\/icone-01.png","width":512,"height":512,"caption":"CEFOP SAINT-PIERRE OF-CFA"},"image":{"@id":"https:\/\/saintpierre91.org\/cefop\/#\/schema\/logo\/image\/"}}]}},"_links":{"self":[{"href":"https:\/\/saintpierre91.org\/cefop\/wp-json\/wp\/v2\/pages\/16","targetHints":{"allow":["GET"]}}],"collection":[{"href":"https:\/\/saintpierre91.org\/cefop\/wp-json\/wp\/v2\/pages"}],"about":[{"href":"https:\/\/saintpierre91.org\/cefop\/wp-json\/wp\/v2\/types\/page"}],"author":[{"embeddable":true,"href":"https:\/\/saintpierre91.org\/cefop\/wp-json\/wp\/v2\/users\/1"}],"replies":[{"embeddable":true,"href":"https:\/\/saintpierre91.org\/cefop\/wp-json\/wp\/v2\/comments?post=16"}],"version-history":[{"count":1,"href":"https:\/\/saintpierre91.org\/cefop\/wp-json\/wp\/v2\/pages\/16\/revisions"}],"predecessor-version":[{"id":17,"href":"https:\/\/saintpierre91.org\/cefop\/wp-json\/wp\/v2\/pages\/16\/revisions\/17"}],"wp:attachment":[{"href":"https:\/\/saintpierre91.org\/cefop\/wp-json\/wp\/v2\/media?parent=16"}],"curies":[{"name":"wp","href":"https:\/\/api.w.org\/{rel}","templated":true}]}}