{"id":18,"date":"2020-08-24T09:34:02","date_gmt":"2020-08-24T07:34:02","guid":{"rendered":"https:\/\/saintpierre91.org\/-cfa\/?page_id=18"},"modified":"2025-02-18T08:26:10","modified_gmt":"2025-02-18T07:26:10","slug":"formation-continue","status":"publish","type":"page","link":"https:\/\/saintpierre91.org\/cefop\/formation-continue\/","title":{"rendered":"Formation continue"},"content":{"rendered":"\n<h2 class=\"wp-block-heading has-text-align-center\">Formation continue<\/h2>\n\n\n\n<p>Cr\u00e9\u00e9 en 1996, l\u2019Organisme de Formation CEFOP Saint Pierre permet aux publics de se pr\u00e9parer et d\u2019acc\u00e9der \u00e0 une formation qualifiante ou \u00e0 un emploi. Associ\u00e9 \u00e0 plusieurs partenaires locaux, nous travaillons en \u00e9troite collaboration avec le r\u00e9seau des diff\u00e9rentes Missions Locales, notamment la Mission Locale du Val d\u2019Yerres, Val de Seine mais nous sommes \u00e9galement partenaire de plus de 500 entreprises, de la Chambre de Commerce de l\u2019Essonne, de France Travail, CIO\u2026<\/p>\n\n\n\n<h2 class=\"wp-block-heading\">Ses objectifs principaux sont les suivants :<\/h2>\n\n\n\n<p>\u2013\u00a0De permettre \u00e0 toute personne \u00e0 partir de 16 ans en situation d\u2019insertion, de d\u00e9passer les obstacles qui se dressent sur son chemin afin de construire un projet professionnel et mettre en place des solutions tant sur le plan personnel que professionnel. Les stagiaires int\u00e8grent ici un parcours les aidant dans l\u2019adaptation \u00e0 la vie sociale appliqu\u00e9e au monde du travail, dans \u00e0 la r\u00e9solution de difficult\u00e9s personnelles, dans la r\u00e9appropriation des connaissances de base, et dans pr\u00e9paration au monde de l\u2019entreprise en passant par un bilan professionnel. Ce dispositif est une aide concr\u00e8te et un accompagnement vers la voie de la r\u00e9ussite.<\/p>\n\n\n\n<p>\u2013&nbsp;De permettre \u00e0 tout public de se former en alternance dans les secteurs de l\u2019H\u00f4tellerie\/Restauration, du Sanitaire et Social, de la Gestion et du commerce, en b\u00e9n\u00e9ficiant d\u2019un financement adapt\u00e9 \u00e0 la situation. Nous accompagnons \u00e9galement les candidats, ayant valid\u00e9 leur projet professionnel, \u00e0 trouver des solutions de financement.<\/p>\n\n\n\n<p>\u2013&nbsp;De d\u00e9velopper une qualit\u00e9 de partenariat avec les entreprises et acteurs du territoire. Nous sommes \u00e9galement \u00e0 l\u2019\u00e9coute de toutes suggestions susceptibles de contribuer \u00e0 l\u2019\u00e9volution et pr\u00eats \u00e0 \u00e9tudier tout projet de formation.<\/p>\n\n\n\n<div class=\"wp-block-file\"><a id=\"wp-block-file--media-e450dabb-c064-4cbc-96b2-cc004011292a\" href=\"https:\/\/saintpierre91.org\/cefop\/wp-content\/uploads\/ORGANIGRAMME-CEFOP-SAINTPIERRE-2024-02-001.pdf\"><strong>Coordonn\u00e9es<\/strong><\/a><a href=\"https:\/\/saintpierre91.org\/cefop\/wp-content\/uploads\/ORGANIGRAMME-CEFOP-SAINTPIERRE-2024-02-001.pdf\" class=\"wp-block-file__button wp-element-button\" download aria-describedby=\"wp-block-file--media-e450dabb-c064-4cbc-96b2-cc004011292a\">T\u00e9l\u00e9charger<\/a><\/div>\n","protected":false},"excerpt":{"rendered":"<p>Formation continue Cr\u00e9\u00e9 en 1996, l\u2019Organisme de Formation CEFOP Saint Pierre permet aux publics de se pr\u00e9parer et d\u2019acc\u00e9der \u00e0 une formation qualifiante ou \u00e0 un emploi. Associ\u00e9 \u00e0 plusieurs partenaires locaux, nous travaillons en \u00e9troite collaboration avec le r\u00e9seau des diff\u00e9rentes Missions Locales, notamment la Mission Locale du Val d\u2019Yerres, Val de Seine mais&#8230;<\/p>\n","protected":false},"author":1,"featured_media":0,"parent":0,"menu_order":0,"comment_status":"closed","ping_status":"closed","template":"","meta":{"_kad_post_transparent":"","_kad_post_title":"","_kad_post_layout":"","_kad_post_sidebar_id":"","_kad_post_content_style":"","_kad_post_vertical_padding":"","_kad_post_feature":"","_kad_post_feature_position":"","_kad_post_header":false,"_kad_post_footer":false,"cybocfi_hide_featured_image":"","footnotes":""},"class_list":["post-18","page","type-page","status-publish","hentry"],"yoast_head":"<!-- This site is optimized with the Yoast SEO plugin v25.3.1 - https:\/\/yoast.com\/wordpress\/plugins\/seo\/ -->\n<title>Formation continue - CEFOP Saint Pierre OF CFA<\/title>\n<meta name=\"robots\" content=\"index, follow, max-snippet:-1, max-image-preview:large, max-video-preview:-1\" \/>\n<link rel=\"canonical\" href=\"https:\/\/saintpierre91.org\/cefop\/formation-continue\/\" \/>\n<meta property=\"og:locale\" content=\"fr_FR\" \/>\n<meta property=\"og:type\" content=\"article\" \/>\n<meta property=\"og:title\" content=\"Formation continue - CEFOP Saint Pierre OF CFA\" \/>\n<meta property=\"og:description\" content=\"Formation continue Cr\u00e9\u00e9 en 1996, l\u2019Organisme de Formation CEFOP Saint Pierre permet aux publics de se pr\u00e9parer et d\u2019acc\u00e9der \u00e0 une formation qualifiante ou \u00e0 un emploi. Associ\u00e9 \u00e0 plusieurs partenaires locaux, nous travaillons en \u00e9troite collaboration avec le r\u00e9seau des diff\u00e9rentes Missions Locales, notamment la Mission Locale du Val d\u2019Yerres, Val de Seine mais...\" \/>\n<meta property=\"og:url\" content=\"https:\/\/saintpierre91.org\/cefop\/formation-continue\/\" \/>\n<meta property=\"og:site_name\" content=\"CEFOP Saint Pierre OF CFA\" \/>\n<meta property=\"article:modified_time\" content=\"2025-02-18T07:26:10+00:00\" \/>\n<meta name=\"twitter:card\" content=\"summary_large_image\" \/>\n<meta name=\"twitter:label1\" content=\"Dur\u00e9e de lecture estim\u00e9e\" \/>\n\t<meta name=\"twitter:data1\" content=\"2 minutes\" \/>\n<script type=\"application\/ld+json\" class=\"yoast-schema-graph\">{\"@context\":\"https:\/\/schema.org\",\"@graph\":[{\"@type\":\"WebPage\",\"@id\":\"https:\/\/saintpierre91.org\/cefop\/formation-continue\/\",\"url\":\"https:\/\/saintpierre91.org\/cefop\/formation-continue\/\",\"name\":\"Formation continue - CEFOP Saint Pierre OF CFA\",\"isPartOf\":{\"@id\":\"https:\/\/saintpierre91.org\/cefop\/#website\"},\"datePublished\":\"2020-08-24T07:34:02+00:00\",\"dateModified\":\"2025-02-18T07:26:10+00:00\",\"breadcrumb\":{\"@id\":\"https:\/\/saintpierre91.org\/cefop\/formation-continue\/#breadcrumb\"},\"inLanguage\":\"fr-FR\",\"potentialAction\":[{\"@type\":\"ReadAction\",\"target\":[\"https:\/\/saintpierre91.org\/cefop\/formation-continue\/\"]}]},{\"@type\":\"BreadcrumbList\",\"@id\":\"https:\/\/saintpierre91.org\/cefop\/formation-continue\/#breadcrumb\",\"itemListElement\":[{\"@type\":\"ListItem\",\"position\":1,\"name\":\"Accueil\",\"item\":\"https:\/\/saintpierre91.org\/cefop\/\"},{\"@type\":\"ListItem\",\"position\":2,\"name\":\"Formation continue\"}]},{\"@type\":\"WebSite\",\"@id\":\"https:\/\/saintpierre91.org\/cefop\/#website\",\"url\":\"https:\/\/saintpierre91.org\/cefop\/\",\"name\":\"CEFOP Saint Pierre OF CFA\",\"description\":\"Le  CEFOP Saint-Pierre a l\u2019ambition d\u2019accompagner l\u2019\u00e9volution des besoins et des m\u00e9tiers dans les secteurs de l\u2019h\u00f4tellerie, de la restauration, du tertiaire et du sanitaire et social en privil\u00e9giant des partenariats p\u00e9dagogiques de qualit\u00e9.\",\"publisher\":{\"@id\":\"https:\/\/saintpierre91.org\/cefop\/#organization\"},\"potentialAction\":[{\"@type\":\"SearchAction\",\"target\":{\"@type\":\"EntryPoint\",\"urlTemplate\":\"https:\/\/saintpierre91.org\/cefop\/?s={search_term_string}\"},\"query-input\":{\"@type\":\"PropertyValueSpecification\",\"valueRequired\":true,\"valueName\":\"search_term_string\"}}],\"inLanguage\":\"fr-FR\"},{\"@type\":\"Organization\",\"@id\":\"https:\/\/saintpierre91.org\/cefop\/#organization\",\"name\":\"CEFOP SAINT-PIERRE OF-CFA\",\"url\":\"https:\/\/saintpierre91.org\/cefop\/\",\"logo\":{\"@type\":\"ImageObject\",\"inLanguage\":\"fr-FR\",\"@id\":\"https:\/\/saintpierre91.org\/cefop\/#\/schema\/logo\/image\/\",\"url\":\"https:\/\/saintpierre91.org\/cefop\/wp-content\/uploads\/2020\/11\/icone-01.png\",\"contentUrl\":\"https:\/\/saintpierre91.org\/cefop\/wp-content\/uploads\/2020\/11\/icone-01.png\",\"width\":512,\"height\":512,\"caption\":\"CEFOP SAINT-PIERRE OF-CFA\"},\"image\":{\"@id\":\"https:\/\/saintpierre91.org\/cefop\/#\/schema\/logo\/image\/\"}}]}<\/script>\n<!-- \/ Yoast SEO plugin. -->","yoast_head_json":{"title":"Formation continue - CEFOP Saint Pierre OF CFA","robots":{"index":"index","follow":"follow","max-snippet":"max-snippet:-1","max-image-preview":"max-image-preview:large","max-video-preview":"max-video-preview:-1"},"canonical":"https:\/\/saintpierre91.org\/cefop\/formation-continue\/","og_locale":"fr_FR","og_type":"article","og_title":"Formation continue - CEFOP Saint Pierre OF CFA","og_description":"Formation continue Cr\u00e9\u00e9 en 1996, l\u2019Organisme de Formation CEFOP Saint Pierre permet aux publics de se pr\u00e9parer et d\u2019acc\u00e9der \u00e0 une formation qualifiante ou \u00e0 un emploi. Associ\u00e9 \u00e0 plusieurs partenaires locaux, nous travaillons en \u00e9troite collaboration avec le r\u00e9seau des diff\u00e9rentes Missions Locales, notamment la Mission Locale du Val d\u2019Yerres, Val de Seine mais...","og_url":"https:\/\/saintpierre91.org\/cefop\/formation-continue\/","og_site_name":"CEFOP Saint Pierre OF CFA","article_modified_time":"2025-02-18T07:26:10+00:00","twitter_card":"summary_large_image","twitter_misc":{"Dur\u00e9e de lecture estim\u00e9e":"2 minutes"},"schema":{"@context":"https:\/\/schema.org","@graph":[{"@type":"WebPage","@id":"https:\/\/saintpierre91.org\/cefop\/formation-continue\/","url":"https:\/\/saintpierre91.org\/cefop\/formation-continue\/","name":"Formation continue - CEFOP Saint Pierre OF CFA","isPartOf":{"@id":"https:\/\/saintpierre91.org\/cefop\/#website"},"datePublished":"2020-08-24T07:34:02+00:00","dateModified":"2025-02-18T07:26:10+00:00","breadcrumb":{"@id":"https:\/\/saintpierre91.org\/cefop\/formation-continue\/#breadcrumb"},"inLanguage":"fr-FR","potentialAction":[{"@type":"ReadAction","target":["https:\/\/saintpierre91.org\/cefop\/formation-continue\/"]}]},{"@type":"BreadcrumbList","@id":"https:\/\/saintpierre91.org\/cefop\/formation-continue\/#breadcrumb","itemListElement":[{"@type":"ListItem","position":1,"name":"Accueil","item":"https:\/\/saintpierre91.org\/cefop\/"},{"@type":"ListItem","position":2,"name":"Formation continue"}]},{"@type":"WebSite","@id":"https:\/\/saintpierre91.org\/cefop\/#website","url":"https:\/\/saintpierre91.org\/cefop\/","name":"CEFOP Saint Pierre OF CFA","description":"Le  CEFOP Saint-Pierre a l\u2019ambition d\u2019accompagner l\u2019\u00e9volution des besoins et des m\u00e9tiers dans les secteurs de l\u2019h\u00f4tellerie, de la restauration, du tertiaire et du sanitaire et social en privil\u00e9giant des partenariats p\u00e9dagogiques de qualit\u00e9.","publisher":{"@id":"https:\/\/saintpierre91.org\/cefop\/#organization"},"potentialAction":[{"@type":"SearchAction","target":{"@type":"EntryPoint","urlTemplate":"https:\/\/saintpierre91.org\/cefop\/?s={search_term_string}"},"query-input":{"@type":"PropertyValueSpecification","valueRequired":true,"valueName":"search_term_string"}}],"inLanguage":"fr-FR"},{"@type":"Organization","@id":"https:\/\/saintpierre91.org\/cefop\/#organization","name":"CEFOP SAINT-PIERRE OF-CFA","url":"https:\/\/saintpierre91.org\/cefop\/","logo":{"@type":"ImageObject","inLanguage":"fr-FR","@id":"https:\/\/saintpierre91.org\/cefop\/#\/schema\/logo\/image\/","url":"https:\/\/saintpierre91.org\/cefop\/wp-content\/uploads\/2020\/11\/icone-01.png","contentUrl":"https:\/\/saintpierre91.org\/cefop\/wp-content\/uploads\/2020\/11\/icone-01.png","width":512,"height":512,"caption":"CEFOP SAINT-PIERRE OF-CFA"},"image":{"@id":"https:\/\/saintpierre91.org\/cefop\/#\/schema\/logo\/image\/"}}]}},"_links":{"self":[{"href":"https:\/\/saintpierre91.org\/cefop\/wp-json\/wp\/v2\/pages\/18","targetHints":{"allow":["GET"]}}],"collection":[{"href":"https:\/\/saintpierre91.org\/cefop\/wp-json\/wp\/v2\/pages"}],"about":[{"href":"https:\/\/saintpierre91.org\/cefop\/wp-json\/wp\/v2\/types\/page"}],"author":[{"embeddable":true,"href":"https:\/\/saintpierre91.org\/cefop\/wp-json\/wp\/v2\/users\/1"}],"replies":[{"embeddable":true,"href":"https:\/\/saintpierre91.org\/cefop\/wp-json\/wp\/v2\/comments?post=18"}],"version-history":[{"count":10,"href":"https:\/\/saintpierre91.org\/cefop\/wp-json\/wp\/v2\/pages\/18\/revisions"}],"predecessor-version":[{"id":5115,"href":"https:\/\/saintpierre91.org\/cefop\/wp-json\/wp\/v2\/pages\/18\/revisions\/5115"}],"wp:attachment":[{"href":"https:\/\/saintpierre91.org\/cefop\/wp-json\/wp\/v2\/media?parent=18"}],"curies":[{"name":"wp","href":"https:\/\/api.w.org\/{rel}","templated":true}]}}