{"id":2887,"date":"2021-12-03T15:55:18","date_gmt":"2021-12-03T14:55:18","guid":{"rendered":"https:\/\/saintpierre91.org\/cefop\/?page_id=2887"},"modified":"2025-07-10T13:28:08","modified_gmt":"2025-07-10T11:28:08","slug":"desposer-offre","status":"publish","type":"page","link":"https:\/\/saintpierre91.org\/cefop\/desposer-offre\/","title":{"rendered":"D\u00e9poser une offre"},"content":{"rendered":"\t\t<div data-elementor-type=\"wp-page\" data-elementor-id=\"2887\" class=\"elementor elementor-2887\">\n\t\t\t\t\t\t<section class=\"elementor-section elementor-top-section elementor-element elementor-element-9f845da elementor-section-boxed elementor-section-height-default elementor-section-height-default\" data-id=\"9f845da\" data-element_type=\"section\">\n\t\t\t\t\t\t<div class=\"elementor-container elementor-column-gap-default\">\n\t\t\t\t\t<div class=\"elementor-column elementor-col-100 elementor-top-column elementor-element elementor-element-ee1261b\" data-id=\"ee1261b\" data-element_type=\"column\">\n\t\t\t<div class=\"elementor-widget-wrap elementor-element-populated\">\n\t\t\t\t\t\t<div class=\"elementor-element elementor-element-0e4203c animated-fast titre-degrade-forme elementor-invisible elementor-widget elementor-widget-heading\" data-id=\"0e4203c\" data-element_type=\"widget\" data-settings=\"{&quot;_animation&quot;:&quot;fadeIn&quot;}\" data-widget_type=\"heading.default\">\n\t\t\t\t<div class=\"elementor-widget-container\">\n\t\t\t\t\t<h2 class=\"elementor-heading-title elementor-size-default\">D\u00e9poser une offre<\/h2>\t\t\t\t<\/div>\n\t\t\t\t<\/div>\n\t\t\t\t\t<\/div>\n\t\t<\/div>\n\t\t\t\t\t<\/div>\n\t\t<\/section>\n\t\t\t\t<section class=\"elementor-section elementor-top-section elementor-element elementor-element-7bc2b8c5 elementor-section-boxed elementor-section-height-default elementor-section-height-default\" data-id=\"7bc2b8c5\" data-element_type=\"section\">\n\t\t\t\t\t\t<div class=\"elementor-container elementor-column-gap-default\">\n\t\t\t\t\t<div class=\"elementor-column elementor-col-100 elementor-top-column elementor-element elementor-element-2afbf964\" data-id=\"2afbf964\" data-element_type=\"column\">\n\t\t\t<div class=\"elementor-widget-wrap elementor-element-populated\">\n\t\t\t\t\t\t<div class=\"elementor-element elementor-element-58add0f elementor-widget elementor-widget-html\" data-id=\"58add0f\" data-element_type=\"widget\" data-widget_type=\"html.default\">\n\t\t\t\t<div class=\"elementor-widget-container\">\n\t\t\t\t\t<center>\n<h3>Contrat d'apprentissage, contrat de professionnalisation,<br>CDI ou CDD, stage<\/h3>\n<\/center>\t\t\t\t<\/div>\n\t\t\t\t<\/div>\n\t\t\t\t<div class=\"elementor-element elementor-element-be74eff elementor-widget elementor-widget-spacer\" data-id=\"be74eff\" data-element_type=\"widget\" data-widget_type=\"spacer.default\">\n\t\t\t\t<div class=\"elementor-widget-container\">\n\t\t\t\t\t\t\t<div class=\"elementor-spacer\">\n\t\t\t<div class=\"elementor-spacer-inner\"><\/div>\n\t\t<\/div>\n\t\t\t\t\t\t<\/div>\n\t\t\t\t<\/div>\n\t\t\t\t\t<\/div>\n\t\t<\/div>\n\t\t\t\t\t<\/div>\n\t\t<\/section>\n\t\t\t\t<section class=\"elementor-section elementor-top-section elementor-element elementor-element-b426c0e elementor-section-boxed elementor-section-height-default elementor-section-height-default\" data-id=\"b426c0e\" data-element_type=\"section\">\n\t\t\t\t\t\t<div class=\"elementor-container elementor-column-gap-default\">\n\t\t\t\t\t<div class=\"elementor-column elementor-col-33 elementor-top-column elementor-element elementor-element-f7e10a7\" data-id=\"f7e10a7\" data-element_type=\"column\">\n\t\t\t<div class=\"elementor-widget-wrap elementor-element-populated\">\n\t\t\t\t\t\t<div class=\"elementor-element elementor-element-bde60db eael-flipbox-content-align-center elementor-widget elementor-widget-eael-flip-box\" data-id=\"bde60db\" data-element_type=\"widget\" data-widget_type=\"eael-flip-box.default\">\n\t\t\t\t<div class=\"elementor-widget-container\">\n\t\t\t\t\t\n        <div class=\"eael-elements-flip-box-container eael-animate-flip eael-animate-left eael-content eael-flip-box-hover\">\n\n            <a class=\"eael-elements-flip-box-flip-card\" href=\"https:\/\/saintpierre91.org\/cefop\/formulaire\/\">\n                <div class=\"eael-elements-flip-box-front-container\">\n\n                    \n                        <div class=\"eael-elements-slider-display-table\">\n                            <div class=\"eael-elements-flip-box-vertical-align\">\n                                <div class=\"eael-elements-flip-box-padding\">\n                                    <div class=\"eael-elements-flip-box-icon-image\">\n                                                                                    <i aria-hidden=\"true\" class=\"ea-flipbox-icon fas fa-user-graduate\"><\/i>                                                                                    <\/div>\n                                    <h2 class=\"eael-elements-flip-box-heading\">ALTERNANCE<\/h2>                                    <div class=\"eael-elements-flip-box-content\">\n\t                                    <p>Contrat d&rsquo;apprentissage<br>\nou<br>\nContrat de professionnalisation<\/p>                                    <\/div>\n                                <\/div>\n                            <\/div>\n                        <\/div>\n                                    <\/div>\n\n                <div class=\"eael-elements-flip-box-rear-container\">\n\n                                            <div class=\"eael-elements-slider-display-table\">\n                            <div class=\"eael-elements-flip-box-vertical-align\">\n                                <div class=\"eael-elements-flip-box-padding\">\n                                                                                                            <h2 class=\"eael-elements-flip-box-heading\">ALTERNANCE<\/h2>\n                                                                        <div class=\"eael-elements-flip-box-content\">\n                                        <p>D\u00e9posez votre offre.<\/p>                                    <\/div>\n\n                                                                    <\/div>\n                            <\/div>\n                        <\/div>\n                                    <\/div>\n            <\/a>\n        <\/div>\n\n        <script>\n            jQuery(document).ready(function( $ ) {\n                $(\".eael-flip-box-click\").off('click').on( 'click', function( event ) {\n                    $(this).toggleClass( '--active' );\n                });\n            });\n        <\/script>\n\n\t\t\t\t<\/div>\n\t\t\t\t<\/div>\n\t\t\t\t\t<\/div>\n\t\t<\/div>\n\t\t\t\t<div class=\"elementor-column elementor-col-33 elementor-top-column elementor-element elementor-element-de875e7\" data-id=\"de875e7\" data-element_type=\"column\">\n\t\t\t<div class=\"elementor-widget-wrap elementor-element-populated\">\n\t\t\t\t\t\t<div class=\"elementor-element elementor-element-43a7639 eael-flipbox-content-align-center elementor-widget elementor-widget-eael-flip-box\" data-id=\"43a7639\" data-element_type=\"widget\" data-widget_type=\"eael-flip-box.default\">\n\t\t\t\t<div class=\"elementor-widget-container\">\n\t\t\t\t\t\n        <div class=\"eael-elements-flip-box-container eael-animate-flip eael-animate-left eael-content eael-flip-box-hover\">\n\n            <a class=\"eael-elements-flip-box-flip-card\" href=\"https:\/\/saintpierre91.org\/cefop\/formulaire-cdi-cdd\/\">\n                <div class=\"eael-elements-flip-box-front-container\">\n\n                    \n                        <div class=\"eael-elements-slider-display-table\">\n                            <div class=\"eael-elements-flip-box-vertical-align\">\n                                <div class=\"eael-elements-flip-box-padding\">\n                                    <div class=\"eael-elements-flip-box-icon-image\">\n                                                                                    <i aria-hidden=\"true\" class=\"ea-flipbox-icon fas fa-user-tie\"><\/i>                                                                                    <\/div>\n                                    <h2 class=\"eael-elements-flip-box-heading\">OFFRE D'EMPLOI<\/h2>                                    <div class=\"eael-elements-flip-box-content\">\n\t                                    <p>CDI<br>\nou<br>\nCDD<\/p>                                    <\/div>\n                                <\/div>\n                            <\/div>\n                        <\/div>\n                                    <\/div>\n\n                <div class=\"eael-elements-flip-box-rear-container\">\n\n                                            <div class=\"eael-elements-slider-display-table\">\n                            <div class=\"eael-elements-flip-box-vertical-align\">\n                                <div class=\"eael-elements-flip-box-padding\">\n                                                                                                            <h2 class=\"eael-elements-flip-box-heading\">OFFRE D'EMPLOI<\/h2>\n                                                                        <div class=\"eael-elements-flip-box-content\">\n                                        <p>D\u00e9posez une offre d&#8217;emploi en CDD ou CDI<\/p>                                    <\/div>\n\n                                                                    <\/div>\n                            <\/div>\n                        <\/div>\n                                    <\/div>\n            <\/a>\n        <\/div>\n\n        <script>\n            jQuery(document).ready(function( $ ) {\n                $(\".eael-flip-box-click\").off('click').on( 'click', function( event ) {\n                    $(this).toggleClass( '--active' );\n                });\n            });\n        <\/script>\n\n\t\t\t\t<\/div>\n\t\t\t\t<\/div>\n\t\t\t\t\t<\/div>\n\t\t<\/div>\n\t\t\t\t<div class=\"elementor-column elementor-col-33 elementor-top-column elementor-element elementor-element-afad04e\" data-id=\"afad04e\" data-element_type=\"column\">\n\t\t\t<div class=\"elementor-widget-wrap elementor-element-populated\">\n\t\t\t\t\t\t<div class=\"elementor-element elementor-element-e2c6ae9 eael-flipbox-content-align-center elementor-widget elementor-widget-eael-flip-box\" data-id=\"e2c6ae9\" data-element_type=\"widget\" data-widget_type=\"eael-flip-box.default\">\n\t\t\t\t<div class=\"elementor-widget-container\">\n\t\t\t\t\t\n        <div class=\"eael-elements-flip-box-container eael-animate-flip eael-animate-left eael-content eael-flip-box-hover\">\n\n            <a class=\"eael-elements-flip-box-flip-card\" href=\"https:\/\/saintpierre91.org\/cefop\/formulaire-stage\/\">\n                <div class=\"eael-elements-flip-box-front-container\">\n\n                    \n                        <div class=\"eael-elements-slider-display-table\">\n                            <div class=\"eael-elements-flip-box-vertical-align\">\n                                <div class=\"eael-elements-flip-box-padding\">\n                                    <div class=\"eael-elements-flip-box-icon-image\">\n                                                                                    <i aria-hidden=\"true\" class=\"ea-flipbox-icon fas fa-user-graduate\"><\/i>                                                                                    <\/div>\n                                    <h2 class=\"eael-elements-flip-box-heading\">OFFRE DE STAGE<\/h2>                                    <div class=\"eael-elements-flip-box-content\">\n\t                                    <p>Formations en initial<\/p><p>\u00a0<\/p>                                    <\/div>\n                                <\/div>\n                            <\/div>\n                        <\/div>\n                                    <\/div>\n\n                <div class=\"eael-elements-flip-box-rear-container\">\n\n                                            <div class=\"eael-elements-slider-display-table\">\n                            <div class=\"eael-elements-flip-box-vertical-align\">\n                                <div class=\"eael-elements-flip-box-padding\">\n                                                                                                            <h2 class=\"eael-elements-flip-box-heading\">OFFRE D'EMPLOI<\/h2>\n                                                                        <div class=\"eael-elements-flip-box-content\">\n                                        <p>Formations en initial<\/p>                                    <\/div>\n\n                                                                    <\/div>\n                            <\/div>\n                        <\/div>\n                                    <\/div>\n            <\/a>\n        <\/div>\n\n        <script>\n            jQuery(document).ready(function( $ ) {\n                $(\".eael-flip-box-click\").off('click').on( 'click', function( event ) {\n                    $(this).toggleClass( '--active' );\n                });\n            });\n        <\/script>\n\n\t\t\t\t<\/div>\n\t\t\t\t<\/div>\n\t\t\t\t\t<\/div>\n\t\t<\/div>\n\t\t\t\t\t<\/div>\n\t\t<\/section>\n\t\t\t\t<section class=\"elementor-section elementor-top-section elementor-element elementor-element-abed1d7 elementor-section-boxed elementor-section-height-default elementor-section-height-default\" data-id=\"abed1d7\" data-element_type=\"section\">\n\t\t\t\t\t\t<div class=\"elementor-container elementor-column-gap-default\">\n\t\t\t\t\t<div class=\"elementor-column elementor-col-100 elementor-top-column elementor-element elementor-element-c7613ef\" data-id=\"c7613ef\" data-element_type=\"column\">\n\t\t\t<div class=\"elementor-widget-wrap elementor-element-populated\">\n\t\t\t\t\t\t<div class=\"elementor-element elementor-element-f4cca7f elementor-widget elementor-widget-image\" data-id=\"f4cca7f\" data-element_type=\"widget\" data-widget_type=\"image.default\">\n\t\t\t\t<div class=\"elementor-widget-container\">\n\t\t\t\t\t\t\t\t\t\t\t\t\t\t\t<img fetchpriority=\"high\" decoding=\"async\" width=\"300\" height=\"188\" src=\"https:\/\/saintpierre91.org\/cefop\/wp-content\/uploads\/2020\/11\/entretien-01-300x188.png\" class=\"attachment-medium size-medium wp-image-626\" alt=\"\" srcset=\"https:\/\/saintpierre91.org\/cefop\/wp-content\/uploads\/2020\/11\/entretien-01-300x188.png 300w, https:\/\/saintpierre91.org\/cefop\/wp-content\/uploads\/2020\/11\/entretien-01-1024x640.png 1024w, https:\/\/saintpierre91.org\/cefop\/wp-content\/uploads\/2020\/11\/entretien-01-768x480.png 768w, https:\/\/saintpierre91.org\/cefop\/wp-content\/uploads\/2020\/11\/entretien-01-1536x960.png 1536w, https:\/\/saintpierre91.org\/cefop\/wp-content\/uploads\/2020\/11\/entretien-01-2048x1280.png 2048w\" sizes=\"(max-width: 300px) 100vw, 300px\" \/>\t\t\t\t\t\t\t\t\t\t\t\t\t\t\t<\/div>\n\t\t\t\t<\/div>\n\t\t\t\t\t<\/div>\n\t\t<\/div>\n\t\t\t\t\t<\/div>\n\t\t<\/section>\n\t\t\t\t<\/div>\n\t\t","protected":false},"excerpt":{"rendered":"<p>D\u00e9poser une offre Contrat d&rsquo;apprentissage, contrat de professionnalisation,CDI ou CDD, stage ALTERNANCE Contrat d&rsquo;apprentissage ou Contrat de professionnalisation ALTERNANCE D\u00e9posez votre offre. OFFRE D&rsquo;EMPLOI CDI ou CDD OFFRE D&rsquo;EMPLOI D\u00e9posez une offre d&#8217;emploi en CDD ou CDI OFFRE DE STAGE Formations en initial \u00a0 OFFRE D&rsquo;EMPLOI Formations en initial<\/p>\n","protected":false},"author":1,"featured_media":0,"parent":0,"menu_order":0,"comment_status":"closed","ping_status":"closed","template":"","meta":{"_kad_post_transparent":"","_kad_post_title":"","_kad_post_layout":"","_kad_post_sidebar_id":"","_kad_post_content_style":"","_kad_post_vertical_padding":"","_kad_post_feature":"","_kad_post_feature_position":"","_kad_post_header":false,"_kad_post_footer":false,"cybocfi_hide_featured_image":"","footnotes":""},"class_list":["post-2887","page","type-page","status-publish","hentry"],"yoast_head":"<!-- This site is optimized with the Yoast SEO plugin v25.3.1 - https:\/\/yoast.com\/wordpress\/plugins\/seo\/ -->\n<title>D\u00e9poser une offre - CEFOP Saint Pierre OF CFA<\/title>\n<meta name=\"robots\" content=\"index, follow, max-snippet:-1, max-image-preview:large, max-video-preview:-1\" \/>\n<link rel=\"canonical\" href=\"https:\/\/saintpierre91.org\/cefop\/desposer-offre\/\" \/>\n<meta property=\"og:locale\" content=\"fr_FR\" \/>\n<meta property=\"og:type\" content=\"article\" \/>\n<meta property=\"og:title\" content=\"D\u00e9poser une offre - CEFOP Saint Pierre OF CFA\" \/>\n<meta property=\"og:description\" content=\"D\u00e9poser une offre Contrat d&rsquo;apprentissage, contrat de professionnalisation,CDI ou CDD, stage ALTERNANCE Contrat d&rsquo;apprentissage ou Contrat de professionnalisation ALTERNANCE D\u00e9posez votre offre. OFFRE D&rsquo;EMPLOI CDI ou CDD OFFRE D&rsquo;EMPLOI D\u00e9posez une offre d&#8217;emploi en CDD ou CDI OFFRE DE STAGE Formations en initial \u00a0 OFFRE D&rsquo;EMPLOI Formations en initial\" \/>\n<meta property=\"og:url\" content=\"https:\/\/saintpierre91.org\/cefop\/desposer-offre\/\" \/>\n<meta property=\"og:site_name\" content=\"CEFOP Saint Pierre OF CFA\" \/>\n<meta property=\"article:modified_time\" content=\"2025-07-10T11:28:08+00:00\" \/>\n<meta property=\"og:image\" content=\"https:\/\/saintpierre91.org\/cefop\/wp-content\/uploads\/2020\/11\/entretien-01.png\" \/>\n\t<meta property=\"og:image:width\" content=\"6667\" \/>\n\t<meta property=\"og:image:height\" content=\"4167\" \/>\n\t<meta property=\"og:image:type\" content=\"image\/png\" \/>\n<meta name=\"twitter:card\" content=\"summary_large_image\" \/>\n<meta name=\"twitter:label1\" content=\"Dur\u00e9e de lecture estim\u00e9e\" \/>\n\t<meta name=\"twitter:data1\" content=\"1 minute\" \/>\n<script type=\"application\/ld+json\" class=\"yoast-schema-graph\">{\"@context\":\"https:\/\/schema.org\",\"@graph\":[{\"@type\":\"WebPage\",\"@id\":\"https:\/\/saintpierre91.org\/cefop\/desposer-offre\/\",\"url\":\"https:\/\/saintpierre91.org\/cefop\/desposer-offre\/\",\"name\":\"D\u00e9poser une offre - CEFOP Saint Pierre OF CFA\",\"isPartOf\":{\"@id\":\"https:\/\/saintpierre91.org\/cefop\/#website\"},\"primaryImageOfPage\":{\"@id\":\"https:\/\/saintpierre91.org\/cefop\/desposer-offre\/#primaryimage\"},\"image\":{\"@id\":\"https:\/\/saintpierre91.org\/cefop\/desposer-offre\/#primaryimage\"},\"thumbnailUrl\":\"https:\/\/saintpierre91.org\/cefop\/wp-content\/uploads\/2020\/11\/entretien-01-300x188.png\",\"datePublished\":\"2021-12-03T14:55:18+00:00\",\"dateModified\":\"2025-07-10T11:28:08+00:00\",\"breadcrumb\":{\"@id\":\"https:\/\/saintpierre91.org\/cefop\/desposer-offre\/#breadcrumb\"},\"inLanguage\":\"fr-FR\",\"potentialAction\":[{\"@type\":\"ReadAction\",\"target\":[\"https:\/\/saintpierre91.org\/cefop\/desposer-offre\/\"]}]},{\"@type\":\"ImageObject\",\"inLanguage\":\"fr-FR\",\"@id\":\"https:\/\/saintpierre91.org\/cefop\/desposer-offre\/#primaryimage\",\"url\":\"https:\/\/saintpierre91.org\/cefop\/wp-content\/uploads\/2020\/11\/entretien-01.png\",\"contentUrl\":\"https:\/\/saintpierre91.org\/cefop\/wp-content\/uploads\/2020\/11\/entretien-01.png\",\"width\":6667,\"height\":4167},{\"@type\":\"BreadcrumbList\",\"@id\":\"https:\/\/saintpierre91.org\/cefop\/desposer-offre\/#breadcrumb\",\"itemListElement\":[{\"@type\":\"ListItem\",\"position\":1,\"name\":\"Accueil\",\"item\":\"https:\/\/saintpierre91.org\/cefop\/\"},{\"@type\":\"ListItem\",\"position\":2,\"name\":\"D\u00e9poser une offre\"}]},{\"@type\":\"WebSite\",\"@id\":\"https:\/\/saintpierre91.org\/cefop\/#website\",\"url\":\"https:\/\/saintpierre91.org\/cefop\/\",\"name\":\"CEFOP Saint Pierre OF CFA\",\"description\":\"Le  CEFOP Saint-Pierre a l\u2019ambition d\u2019accompagner l\u2019\u00e9volution des besoins et des m\u00e9tiers dans les secteurs de l\u2019h\u00f4tellerie, de la restauration, du tertiaire et du sanitaire et social en privil\u00e9giant des partenariats p\u00e9dagogiques de qualit\u00e9.\",\"publisher\":{\"@id\":\"https:\/\/saintpierre91.org\/cefop\/#organization\"},\"potentialAction\":[{\"@type\":\"SearchAction\",\"target\":{\"@type\":\"EntryPoint\",\"urlTemplate\":\"https:\/\/saintpierre91.org\/cefop\/?s={search_term_string}\"},\"query-input\":{\"@type\":\"PropertyValueSpecification\",\"valueRequired\":true,\"valueName\":\"search_term_string\"}}],\"inLanguage\":\"fr-FR\"},{\"@type\":\"Organization\",\"@id\":\"https:\/\/saintpierre91.org\/cefop\/#organization\",\"name\":\"CEFOP SAINT-PIERRE OF-CFA\",\"url\":\"https:\/\/saintpierre91.org\/cefop\/\",\"logo\":{\"@type\":\"ImageObject\",\"inLanguage\":\"fr-FR\",\"@id\":\"https:\/\/saintpierre91.org\/cefop\/#\/schema\/logo\/image\/\",\"url\":\"https:\/\/saintpierre91.org\/cefop\/wp-content\/uploads\/2020\/11\/icone-01.png\",\"contentUrl\":\"https:\/\/saintpierre91.org\/cefop\/wp-content\/uploads\/2020\/11\/icone-01.png\",\"width\":512,\"height\":512,\"caption\":\"CEFOP SAINT-PIERRE OF-CFA\"},\"image\":{\"@id\":\"https:\/\/saintpierre91.org\/cefop\/#\/schema\/logo\/image\/\"}}]}<\/script>\n<!-- \/ Yoast SEO plugin. -->","yoast_head_json":{"title":"D\u00e9poser une offre - CEFOP Saint Pierre OF CFA","robots":{"index":"index","follow":"follow","max-snippet":"max-snippet:-1","max-image-preview":"max-image-preview:large","max-video-preview":"max-video-preview:-1"},"canonical":"https:\/\/saintpierre91.org\/cefop\/desposer-offre\/","og_locale":"fr_FR","og_type":"article","og_title":"D\u00e9poser une offre - CEFOP Saint Pierre OF CFA","og_description":"D\u00e9poser une offre Contrat d&rsquo;apprentissage, contrat de professionnalisation,CDI ou CDD, stage ALTERNANCE Contrat d&rsquo;apprentissage ou Contrat de professionnalisation ALTERNANCE D\u00e9posez votre offre. OFFRE D&rsquo;EMPLOI CDI ou CDD OFFRE D&rsquo;EMPLOI D\u00e9posez une offre d&#8217;emploi en CDD ou CDI OFFRE DE STAGE Formations en initial \u00a0 OFFRE D&rsquo;EMPLOI Formations en initial","og_url":"https:\/\/saintpierre91.org\/cefop\/desposer-offre\/","og_site_name":"CEFOP Saint Pierre OF CFA","article_modified_time":"2025-07-10T11:28:08+00:00","og_image":[{"width":6667,"height":4167,"url":"https:\/\/saintpierre91.org\/cefop\/wp-content\/uploads\/2020\/11\/entretien-01.png","type":"image\/png"}],"twitter_card":"summary_large_image","twitter_misc":{"Dur\u00e9e de lecture estim\u00e9e":"1 minute"},"schema":{"@context":"https:\/\/schema.org","@graph":[{"@type":"WebPage","@id":"https:\/\/saintpierre91.org\/cefop\/desposer-offre\/","url":"https:\/\/saintpierre91.org\/cefop\/desposer-offre\/","name":"D\u00e9poser une offre - CEFOP Saint Pierre OF CFA","isPartOf":{"@id":"https:\/\/saintpierre91.org\/cefop\/#website"},"primaryImageOfPage":{"@id":"https:\/\/saintpierre91.org\/cefop\/desposer-offre\/#primaryimage"},"image":{"@id":"https:\/\/saintpierre91.org\/cefop\/desposer-offre\/#primaryimage"},"thumbnailUrl":"https:\/\/saintpierre91.org\/cefop\/wp-content\/uploads\/2020\/11\/entretien-01-300x188.png","datePublished":"2021-12-03T14:55:18+00:00","dateModified":"2025-07-10T11:28:08+00:00","breadcrumb":{"@id":"https:\/\/saintpierre91.org\/cefop\/desposer-offre\/#breadcrumb"},"inLanguage":"fr-FR","potentialAction":[{"@type":"ReadAction","target":["https:\/\/saintpierre91.org\/cefop\/desposer-offre\/"]}]},{"@type":"ImageObject","inLanguage":"fr-FR","@id":"https:\/\/saintpierre91.org\/cefop\/desposer-offre\/#primaryimage","url":"https:\/\/saintpierre91.org\/cefop\/wp-content\/uploads\/2020\/11\/entretien-01.png","contentUrl":"https:\/\/saintpierre91.org\/cefop\/wp-content\/uploads\/2020\/11\/entretien-01.png","width":6667,"height":4167},{"@type":"BreadcrumbList","@id":"https:\/\/saintpierre91.org\/cefop\/desposer-offre\/#breadcrumb","itemListElement":[{"@type":"ListItem","position":1,"name":"Accueil","item":"https:\/\/saintpierre91.org\/cefop\/"},{"@type":"ListItem","position":2,"name":"D\u00e9poser une offre"}]},{"@type":"WebSite","@id":"https:\/\/saintpierre91.org\/cefop\/#website","url":"https:\/\/saintpierre91.org\/cefop\/","name":"CEFOP Saint Pierre OF CFA","description":"Le  CEFOP Saint-Pierre a l\u2019ambition d\u2019accompagner l\u2019\u00e9volution des besoins et des m\u00e9tiers dans les secteurs de l\u2019h\u00f4tellerie, de la restauration, du tertiaire et du sanitaire et social en privil\u00e9giant des partenariats p\u00e9dagogiques de qualit\u00e9.","publisher":{"@id":"https:\/\/saintpierre91.org\/cefop\/#organization"},"potentialAction":[{"@type":"SearchAction","target":{"@type":"EntryPoint","urlTemplate":"https:\/\/saintpierre91.org\/cefop\/?s={search_term_string}"},"query-input":{"@type":"PropertyValueSpecification","valueRequired":true,"valueName":"search_term_string"}}],"inLanguage":"fr-FR"},{"@type":"Organization","@id":"https:\/\/saintpierre91.org\/cefop\/#organization","name":"CEFOP SAINT-PIERRE OF-CFA","url":"https:\/\/saintpierre91.org\/cefop\/","logo":{"@type":"ImageObject","inLanguage":"fr-FR","@id":"https:\/\/saintpierre91.org\/cefop\/#\/schema\/logo\/image\/","url":"https:\/\/saintpierre91.org\/cefop\/wp-content\/uploads\/2020\/11\/icone-01.png","contentUrl":"https:\/\/saintpierre91.org\/cefop\/wp-content\/uploads\/2020\/11\/icone-01.png","width":512,"height":512,"caption":"CEFOP SAINT-PIERRE OF-CFA"},"image":{"@id":"https:\/\/saintpierre91.org\/cefop\/#\/schema\/logo\/image\/"}}]}},"_links":{"self":[{"href":"https:\/\/saintpierre91.org\/cefop\/wp-json\/wp\/v2\/pages\/2887","targetHints":{"allow":["GET"]}}],"collection":[{"href":"https:\/\/saintpierre91.org\/cefop\/wp-json\/wp\/v2\/pages"}],"about":[{"href":"https:\/\/saintpierre91.org\/cefop\/wp-json\/wp\/v2\/types\/page"}],"author":[{"embeddable":true,"href":"https:\/\/saintpierre91.org\/cefop\/wp-json\/wp\/v2\/users\/1"}],"replies":[{"embeddable":true,"href":"https:\/\/saintpierre91.org\/cefop\/wp-json\/wp\/v2\/comments?post=2887"}],"version-history":[{"count":54,"href":"https:\/\/saintpierre91.org\/cefop\/wp-json\/wp\/v2\/pages\/2887\/revisions"}],"predecessor-version":[{"id":5724,"href":"https:\/\/saintpierre91.org\/cefop\/wp-json\/wp\/v2\/pages\/2887\/revisions\/5724"}],"wp:attachment":[{"href":"https:\/\/saintpierre91.org\/cefop\/wp-json\/wp\/v2\/media?parent=2887"}],"curies":[{"name":"wp","href":"https:\/\/api.w.org\/{rel}","templated":true}]}}