{"id":2899,"date":"2021-12-03T16:14:27","date_gmt":"2021-12-03T15:14:27","guid":{"rendered":"https:\/\/saintpierre91.org\/cefop\/?page_id=2899"},"modified":"2025-10-14T08:17:33","modified_gmt":"2025-10-14T06:17:33","slug":"offres-d-emploi","status":"publish","type":"page","link":"https:\/\/saintpierre91.org\/cefop\/espace-alternant\/offres-d-emploi\/","title":{"rendered":"Offres d&#8217;emploi"},"content":{"rendered":"\t\t<div data-elementor-type=\"wp-page\" data-elementor-id=\"2899\" class=\"elementor elementor-2899\">\n\t\t\t\t\t\t<section class=\"elementor-section elementor-top-section elementor-element elementor-element-ef4f841 elementor-section-boxed elementor-section-height-default elementor-section-height-default\" data-id=\"ef4f841\" data-element_type=\"section\">\n\t\t\t\t\t\t<div class=\"elementor-container elementor-column-gap-default\">\n\t\t\t\t\t<div class=\"elementor-column elementor-col-100 elementor-top-column elementor-element elementor-element-4c2c429\" data-id=\"4c2c429\" data-element_type=\"column\">\n\t\t\t<div class=\"elementor-widget-wrap elementor-element-populated\">\n\t\t\t\t\t\t<div class=\"elementor-element elementor-element-6cdd096 animated-fast titre-degrade-forme elementor-invisible elementor-widget elementor-widget-heading\" data-id=\"6cdd096\" data-element_type=\"widget\" data-settings=\"{&quot;_animation&quot;:&quot;fadeIn&quot;}\" data-widget_type=\"heading.default\">\n\t\t\t\t<div class=\"elementor-widget-container\">\n\t\t\t\t\t<h2 class=\"elementor-heading-title elementor-size-default\">Offres d'emploi<\/h2>\t\t\t\t<\/div>\n\t\t\t\t<\/div>\n\t\t\t\t\t<\/div>\n\t\t<\/div>\n\t\t\t\t\t<\/div>\n\t\t<\/section>\n\t\t\t\t<section class=\"elementor-section elementor-top-section elementor-element elementor-element-8ab4269 elementor-section-boxed elementor-section-height-default elementor-section-height-default\" data-id=\"8ab4269\" data-element_type=\"section\">\n\t\t\t\t\t\t<div class=\"elementor-container elementor-column-gap-default\">\n\t\t\t\t\t<div class=\"elementor-column elementor-col-100 elementor-top-column elementor-element elementor-element-f8a57d7\" data-id=\"f8a57d7\" data-element_type=\"column\">\n\t\t\t<div class=\"elementor-widget-wrap elementor-element-populated\">\n\t\t\t\t\t\t<div class=\"elementor-element elementor-element-769f813 elementor-widget elementor-widget-heading\" data-id=\"769f813\" data-element_type=\"widget\" data-widget_type=\"heading.default\">\n\t\t\t\t<div class=\"elementor-widget-container\">\n\t\t\t\t\t<h2 class=\"elementor-heading-title elementor-size-default\">Immobilier \u2022 Petite enfance\/Assistante de vie \u2022 Commerce \u2022 Gestion administrative \u2022 Communication<\/h2>\t\t\t\t<\/div>\n\t\t\t\t<\/div>\n\t\t\t\t<div class=\"elementor-element elementor-element-7319fab elementor-widget elementor-widget-spacer\" data-id=\"7319fab\" data-element_type=\"widget\" data-widget_type=\"spacer.default\">\n\t\t\t\t<div class=\"elementor-widget-container\">\n\t\t\t\t\t\t\t<div class=\"elementor-spacer\">\n\t\t\t<div class=\"elementor-spacer-inner\"><\/div>\n\t\t<\/div>\n\t\t\t\t\t\t<\/div>\n\t\t\t\t<\/div>\n\t\t\t\t\t<\/div>\n\t\t<\/div>\n\t\t\t\t\t<\/div>\n\t\t<\/section>\n\t\t\t\t<section class=\"elementor-section elementor-top-section elementor-element elementor-element-1180fd0 elementor-section-boxed elementor-section-height-default elementor-section-height-default\" data-id=\"1180fd0\" data-element_type=\"section\">\n\t\t\t\t\t\t<div class=\"elementor-container elementor-column-gap-default\">\n\t\t\t\t\t<div class=\"elementor-column elementor-col-100 elementor-top-column elementor-element elementor-element-cc87184\" data-id=\"cc87184\" data-element_type=\"column\">\n\t\t\t<div class=\"elementor-widget-wrap elementor-element-populated\">\n\t\t\t\t\t\t<div class=\"elementor-element elementor-element-2b39788 elementor-widget elementor-widget-html\" data-id=\"2b39788\" data-element_type=\"widget\" data-widget_type=\"html.default\">\n\t\t\t\t<div class=\"elementor-widget-container\">\n\t\t\t\t\t<div class=\"container my-4\">\r\n  <!-- Nav tabs -->\r\n  <ul class=\"nav nav-tabs\" id=\"offresTab\" role=\"tablist\">\r\n    <li class=\"nav-item\" role=\"presentation\">\r\n      <button class=\"nav-link active\" id=\"tab-liste-tab\" data-bs-toggle=\"tab\" data-bs-target=\"#tab-liste\" type=\"button\" role=\"tab\" aria-controls=\"tab-liste\" aria-selected=\"true\">\r\n       <i class=\"fa-solid fa-list\"><\/i>\r\n      <\/button>\r\n    <\/li>\r\n    <li class=\"nav-item\" role=\"presentation\">\r\n      <button class=\"nav-link\" id=\"tab-carte-tab\" data-bs-toggle=\"tab\" data-bs-target=\"#tab-carte\" type=\"button\" role=\"tab\" aria-controls=\"tab-carte\" aria-selected=\"false\">\r\n        <i class=\"fa-solid fa-map-location-dot\"><\/i>\r\n      <\/button>\r\n    <\/li>\r\n  <\/ul>\r\n\r\n  <!-- Tab contents -->\r\n  <div class=\"tab-content p-3 border border-top-0\" id=\"offresTabContent\">\r\n    <div class=\"tab-pane fade show active\" id=\"tab-liste\" role=\"tabpanel\" aria-labelledby=\"tab-liste-tab\">\r\n      \r\n    <\/div>\r\n    <div class=\"tab-pane fade\" id=\"tab-carte\" role=\"tabpanel\" aria-labelledby=\"tab-carte-tab\">\r\n      \r\n    <\/div>\r\n  <\/div>\r\n<\/div>\t\t\t\t<\/div>\n\t\t\t\t<\/div>\n\t\t\t\t\t<\/div>\n\t\t<\/div>\n\t\t\t\t\t<\/div>\n\t\t<\/section>\n\t\t\t\t<section class=\"elementor-section elementor-top-section elementor-element elementor-element-3736397 elementor-section-boxed elementor-section-height-default elementor-section-height-default\" data-id=\"3736397\" data-element_type=\"section\">\n\t\t\t\t\t\t<div class=\"elementor-container elementor-column-gap-default\">\n\t\t\t\t\t<div class=\"elementor-column elementor-col-100 elementor-top-column elementor-element elementor-element-96f97c5\" data-id=\"96f97c5\" data-element_type=\"column\">\n\t\t\t<div class=\"elementor-widget-wrap elementor-element-populated\">\n\t\t\t\t\t\t<div class=\"elementor-element elementor-element-06b7aad elementor-widget elementor-widget-image\" data-id=\"06b7aad\" data-element_type=\"widget\" data-widget_type=\"image.default\">\n\t\t\t\t<div class=\"elementor-widget-container\">\n\t\t\t\t\t\t\t\t\t\t\t\t\t\t\t<img fetchpriority=\"high\" decoding=\"async\" width=\"300\" height=\"171\" src=\"https:\/\/saintpierre91.org\/cefop\/wp-content\/uploads\/Tiny-people-searching-for-business-opportunities-CEFOP-300x171.png\" class=\"attachment-medium size-medium wp-image-4708\" alt=\"\" srcset=\"https:\/\/saintpierre91.org\/cefop\/wp-content\/uploads\/Tiny-people-searching-for-business-opportunities-CEFOP-300x171.png 300w, https:\/\/saintpierre91.org\/cefop\/wp-content\/uploads\/Tiny-people-searching-for-business-opportunities-CEFOP-1024x585.png 1024w, https:\/\/saintpierre91.org\/cefop\/wp-content\/uploads\/Tiny-people-searching-for-business-opportunities-CEFOP-768x439.png 768w, https:\/\/saintpierre91.org\/cefop\/wp-content\/uploads\/Tiny-people-searching-for-business-opportunities-CEFOP-1536x878.png 1536w, https:\/\/saintpierre91.org\/cefop\/wp-content\/uploads\/Tiny-people-searching-for-business-opportunities-CEFOP-2048x1170.png 2048w\" sizes=\"(max-width: 300px) 100vw, 300px\" \/>\t\t\t\t\t\t\t\t\t\t\t\t\t\t\t<\/div>\n\t\t\t\t<\/div>\n\t\t\t\t\t<\/div>\n\t\t<\/div>\n\t\t\t\t\t<\/div>\n\t\t<\/section>\n\t\t\t\t<section class=\"elementor-section elementor-top-section elementor-element elementor-element-004fc04 elementor-section-boxed elementor-section-height-default elementor-section-height-default\" data-id=\"004fc04\" data-element_type=\"section\">\n\t\t\t\t\t\t<div class=\"elementor-container elementor-column-gap-default\">\n\t\t\t\t\t<div class=\"elementor-column elementor-col-100 elementor-top-column elementor-element elementor-element-e859526\" data-id=\"e859526\" data-element_type=\"column\">\n\t\t\t<div class=\"elementor-widget-wrap\">\n\t\t\t\t\t\t\t<\/div>\n\t\t<\/div>\n\t\t\t\t\t<\/div>\n\t\t<\/section>\n\t\t\t\t<\/div>\n\t\t","protected":false},"excerpt":{"rendered":"<p>Offres d&#8217;emploi Immobilier \u2022 Petite enfance\/Assistante de vie \u2022 Commerce \u2022 Gestion administrative \u2022 Communication<\/p>\n","protected":false},"author":1,"featured_media":0,"parent":838,"menu_order":0,"comment_status":"closed","ping_status":"closed","template":"","meta":{"_kad_post_transparent":"","_kad_post_title":"","_kad_post_layout":"","_kad_post_sidebar_id":"","_kad_post_content_style":"","_kad_post_vertical_padding":"","_kad_post_feature":"","_kad_post_feature_position":"","_kad_post_header":false,"_kad_post_footer":false,"cybocfi_hide_featured_image":"","footnotes":""},"class_list":["post-2899","page","type-page","status-publish","hentry"],"yoast_head":"<!-- This site is optimized with the Yoast SEO plugin v25.3.1 - https:\/\/yoast.com\/wordpress\/plugins\/seo\/ -->\n<title>Offres d&#039;emploi - CEFOP Saint Pierre OF CFA<\/title>\n<meta name=\"description\" content=\"D\u00e9couvrez les derni\u00e8res offres d&#039;emploi des entreprises partenaires de Saint-Pierre Institut. Trouvez des opportunit\u00e9s de carri\u00e8re dans divers secteurs et postulez d\u00e8s maintenant pour booster votre avenir professionnel.\" \/>\n<meta name=\"robots\" content=\"index, follow, max-snippet:-1, max-image-preview:large, max-video-preview:-1\" \/>\n<link rel=\"canonical\" href=\"https:\/\/saintpierre91.org\/cefop\/espace-alternant\/offres-d-emploi\/\" \/>\n<meta property=\"og:locale\" content=\"fr_FR\" \/>\n<meta property=\"og:type\" content=\"article\" \/>\n<meta property=\"og:title\" content=\"Offres d&#039;emploi - CEFOP Saint Pierre OF CFA\" \/>\n<meta property=\"og:description\" content=\"D\u00e9couvrez les derni\u00e8res offres d&#039;emploi des entreprises partenaires de Saint-Pierre Institut. Trouvez des opportunit\u00e9s de carri\u00e8re dans divers secteurs et postulez d\u00e8s maintenant pour booster votre avenir professionnel.\" \/>\n<meta property=\"og:url\" content=\"https:\/\/saintpierre91.org\/cefop\/espace-alternant\/offres-d-emploi\/\" \/>\n<meta property=\"og:site_name\" content=\"CEFOP Saint Pierre OF CFA\" \/>\n<meta property=\"article:modified_time\" content=\"2025-10-14T06:17:33+00:00\" \/>\n<meta property=\"og:image\" content=\"https:\/\/saintpierre91.org\/cefop\/wp-content\/uploads\/Tiny-people-searching-for-business-opportunities-CEFOP.png\" \/>\n\t<meta property=\"og:image:width\" content=\"3500\" \/>\n\t<meta property=\"og:image:height\" content=\"2000\" \/>\n\t<meta property=\"og:image:type\" content=\"image\/png\" \/>\n<meta name=\"twitter:card\" content=\"summary_large_image\" \/>\n<meta name=\"twitter:label1\" content=\"Dur\u00e9e de lecture estim\u00e9e\" \/>\n\t<meta name=\"twitter:data1\" content=\"1 minute\" \/>\n<script type=\"application\/ld+json\" class=\"yoast-schema-graph\">{\"@context\":\"https:\/\/schema.org\",\"@graph\":[{\"@type\":\"WebPage\",\"@id\":\"https:\/\/saintpierre91.org\/cefop\/espace-alternant\/offres-d-emploi\/\",\"url\":\"https:\/\/saintpierre91.org\/cefop\/espace-alternant\/offres-d-emploi\/\",\"name\":\"Offres d'emploi - CEFOP Saint Pierre OF CFA\",\"isPartOf\":{\"@id\":\"https:\/\/saintpierre91.org\/cefop\/#website\"},\"primaryImageOfPage\":{\"@id\":\"https:\/\/saintpierre91.org\/cefop\/espace-alternant\/offres-d-emploi\/#primaryimage\"},\"image\":{\"@id\":\"https:\/\/saintpierre91.org\/cefop\/espace-alternant\/offres-d-emploi\/#primaryimage\"},\"thumbnailUrl\":\"https:\/\/saintpierre91.org\/cefop\/wp-content\/uploads\/Tiny-people-searching-for-business-opportunities-CEFOP-300x171.png\",\"datePublished\":\"2021-12-03T15:14:27+00:00\",\"dateModified\":\"2025-10-14T06:17:33+00:00\",\"description\":\"D\u00e9couvrez les derni\u00e8res offres d'emploi des entreprises partenaires de Saint-Pierre Institut. Trouvez des opportunit\u00e9s de carri\u00e8re dans divers secteurs et postulez d\u00e8s maintenant pour booster votre avenir professionnel.\",\"breadcrumb\":{\"@id\":\"https:\/\/saintpierre91.org\/cefop\/espace-alternant\/offres-d-emploi\/#breadcrumb\"},\"inLanguage\":\"fr-FR\",\"potentialAction\":[{\"@type\":\"ReadAction\",\"target\":[\"https:\/\/saintpierre91.org\/cefop\/espace-alternant\/offres-d-emploi\/\"]}]},{\"@type\":\"ImageObject\",\"inLanguage\":\"fr-FR\",\"@id\":\"https:\/\/saintpierre91.org\/cefop\/espace-alternant\/offres-d-emploi\/#primaryimage\",\"url\":\"https:\/\/saintpierre91.org\/cefop\/wp-content\/uploads\/Tiny-people-searching-for-business-opportunities-CEFOP.png\",\"contentUrl\":\"https:\/\/saintpierre91.org\/cefop\/wp-content\/uploads\/Tiny-people-searching-for-business-opportunities-CEFOP.png\",\"width\":3500,\"height\":2000},{\"@type\":\"BreadcrumbList\",\"@id\":\"https:\/\/saintpierre91.org\/cefop\/espace-alternant\/offres-d-emploi\/#breadcrumb\",\"itemListElement\":[{\"@type\":\"ListItem\",\"position\":1,\"name\":\"Accueil\",\"item\":\"https:\/\/saintpierre91.org\/cefop\/\"},{\"@type\":\"ListItem\",\"position\":2,\"name\":\"Espace Alternant\",\"item\":\"https:\/\/saintpierre91.org\/cefop\/espace-alternant\/\"},{\"@type\":\"ListItem\",\"position\":3,\"name\":\"Offres d&#8217;emploi\"}]},{\"@type\":\"WebSite\",\"@id\":\"https:\/\/saintpierre91.org\/cefop\/#website\",\"url\":\"https:\/\/saintpierre91.org\/cefop\/\",\"name\":\"CEFOP Saint Pierre OF CFA\",\"description\":\"Le  CEFOP Saint-Pierre a l\u2019ambition d\u2019accompagner l\u2019\u00e9volution des besoins et des m\u00e9tiers dans les secteurs de l\u2019h\u00f4tellerie, de la restauration, du tertiaire et du sanitaire et social en privil\u00e9giant des partenariats p\u00e9dagogiques de qualit\u00e9.\",\"publisher\":{\"@id\":\"https:\/\/saintpierre91.org\/cefop\/#organization\"},\"potentialAction\":[{\"@type\":\"SearchAction\",\"target\":{\"@type\":\"EntryPoint\",\"urlTemplate\":\"https:\/\/saintpierre91.org\/cefop\/?s={search_term_string}\"},\"query-input\":{\"@type\":\"PropertyValueSpecification\",\"valueRequired\":true,\"valueName\":\"search_term_string\"}}],\"inLanguage\":\"fr-FR\"},{\"@type\":\"Organization\",\"@id\":\"https:\/\/saintpierre91.org\/cefop\/#organization\",\"name\":\"CEFOP SAINT-PIERRE OF-CFA\",\"url\":\"https:\/\/saintpierre91.org\/cefop\/\",\"logo\":{\"@type\":\"ImageObject\",\"inLanguage\":\"fr-FR\",\"@id\":\"https:\/\/saintpierre91.org\/cefop\/#\/schema\/logo\/image\/\",\"url\":\"https:\/\/saintpierre91.org\/cefop\/wp-content\/uploads\/2020\/11\/icone-01.png\",\"contentUrl\":\"https:\/\/saintpierre91.org\/cefop\/wp-content\/uploads\/2020\/11\/icone-01.png\",\"width\":512,\"height\":512,\"caption\":\"CEFOP SAINT-PIERRE OF-CFA\"},\"image\":{\"@id\":\"https:\/\/saintpierre91.org\/cefop\/#\/schema\/logo\/image\/\"}}]}<\/script>\n<!-- \/ Yoast SEO plugin. -->","yoast_head_json":{"title":"Offres d'emploi - CEFOP Saint Pierre OF CFA","description":"D\u00e9couvrez les derni\u00e8res offres d'emploi des entreprises partenaires de Saint-Pierre Institut. Trouvez des opportunit\u00e9s de carri\u00e8re dans divers secteurs et postulez d\u00e8s maintenant pour booster votre avenir professionnel.","robots":{"index":"index","follow":"follow","max-snippet":"max-snippet:-1","max-image-preview":"max-image-preview:large","max-video-preview":"max-video-preview:-1"},"canonical":"https:\/\/saintpierre91.org\/cefop\/espace-alternant\/offres-d-emploi\/","og_locale":"fr_FR","og_type":"article","og_title":"Offres d'emploi - CEFOP Saint Pierre OF CFA","og_description":"D\u00e9couvrez les derni\u00e8res offres d'emploi des entreprises partenaires de Saint-Pierre Institut. Trouvez des opportunit\u00e9s de carri\u00e8re dans divers secteurs et postulez d\u00e8s maintenant pour booster votre avenir professionnel.","og_url":"https:\/\/saintpierre91.org\/cefop\/espace-alternant\/offres-d-emploi\/","og_site_name":"CEFOP Saint Pierre OF CFA","article_modified_time":"2025-10-14T06:17:33+00:00","og_image":[{"width":3500,"height":2000,"url":"https:\/\/saintpierre91.org\/cefop\/wp-content\/uploads\/Tiny-people-searching-for-business-opportunities-CEFOP.png","type":"image\/png"}],"twitter_card":"summary_large_image","twitter_misc":{"Dur\u00e9e de lecture estim\u00e9e":"1 minute"},"schema":{"@context":"https:\/\/schema.org","@graph":[{"@type":"WebPage","@id":"https:\/\/saintpierre91.org\/cefop\/espace-alternant\/offres-d-emploi\/","url":"https:\/\/saintpierre91.org\/cefop\/espace-alternant\/offres-d-emploi\/","name":"Offres d'emploi - CEFOP Saint Pierre OF CFA","isPartOf":{"@id":"https:\/\/saintpierre91.org\/cefop\/#website"},"primaryImageOfPage":{"@id":"https:\/\/saintpierre91.org\/cefop\/espace-alternant\/offres-d-emploi\/#primaryimage"},"image":{"@id":"https:\/\/saintpierre91.org\/cefop\/espace-alternant\/offres-d-emploi\/#primaryimage"},"thumbnailUrl":"https:\/\/saintpierre91.org\/cefop\/wp-content\/uploads\/Tiny-people-searching-for-business-opportunities-CEFOP-300x171.png","datePublished":"2021-12-03T15:14:27+00:00","dateModified":"2025-10-14T06:17:33+00:00","description":"D\u00e9couvrez les derni\u00e8res offres d'emploi des entreprises partenaires de Saint-Pierre Institut. Trouvez des opportunit\u00e9s de carri\u00e8re dans divers secteurs et postulez d\u00e8s maintenant pour booster votre avenir professionnel.","breadcrumb":{"@id":"https:\/\/saintpierre91.org\/cefop\/espace-alternant\/offres-d-emploi\/#breadcrumb"},"inLanguage":"fr-FR","potentialAction":[{"@type":"ReadAction","target":["https:\/\/saintpierre91.org\/cefop\/espace-alternant\/offres-d-emploi\/"]}]},{"@type":"ImageObject","inLanguage":"fr-FR","@id":"https:\/\/saintpierre91.org\/cefop\/espace-alternant\/offres-d-emploi\/#primaryimage","url":"https:\/\/saintpierre91.org\/cefop\/wp-content\/uploads\/Tiny-people-searching-for-business-opportunities-CEFOP.png","contentUrl":"https:\/\/saintpierre91.org\/cefop\/wp-content\/uploads\/Tiny-people-searching-for-business-opportunities-CEFOP.png","width":3500,"height":2000},{"@type":"BreadcrumbList","@id":"https:\/\/saintpierre91.org\/cefop\/espace-alternant\/offres-d-emploi\/#breadcrumb","itemListElement":[{"@type":"ListItem","position":1,"name":"Accueil","item":"https:\/\/saintpierre91.org\/cefop\/"},{"@type":"ListItem","position":2,"name":"Espace Alternant","item":"https:\/\/saintpierre91.org\/cefop\/espace-alternant\/"},{"@type":"ListItem","position":3,"name":"Offres d&#8217;emploi"}]},{"@type":"WebSite","@id":"https:\/\/saintpierre91.org\/cefop\/#website","url":"https:\/\/saintpierre91.org\/cefop\/","name":"CEFOP Saint Pierre OF CFA","description":"Le  CEFOP Saint-Pierre a l\u2019ambition d\u2019accompagner l\u2019\u00e9volution des besoins et des m\u00e9tiers dans les secteurs de l\u2019h\u00f4tellerie, de la restauration, du tertiaire et du sanitaire et social en privil\u00e9giant des partenariats p\u00e9dagogiques de qualit\u00e9.","publisher":{"@id":"https:\/\/saintpierre91.org\/cefop\/#organization"},"potentialAction":[{"@type":"SearchAction","target":{"@type":"EntryPoint","urlTemplate":"https:\/\/saintpierre91.org\/cefop\/?s={search_term_string}"},"query-input":{"@type":"PropertyValueSpecification","valueRequired":true,"valueName":"search_term_string"}}],"inLanguage":"fr-FR"},{"@type":"Organization","@id":"https:\/\/saintpierre91.org\/cefop\/#organization","name":"CEFOP SAINT-PIERRE OF-CFA","url":"https:\/\/saintpierre91.org\/cefop\/","logo":{"@type":"ImageObject","inLanguage":"fr-FR","@id":"https:\/\/saintpierre91.org\/cefop\/#\/schema\/logo\/image\/","url":"https:\/\/saintpierre91.org\/cefop\/wp-content\/uploads\/2020\/11\/icone-01.png","contentUrl":"https:\/\/saintpierre91.org\/cefop\/wp-content\/uploads\/2020\/11\/icone-01.png","width":512,"height":512,"caption":"CEFOP SAINT-PIERRE OF-CFA"},"image":{"@id":"https:\/\/saintpierre91.org\/cefop\/#\/schema\/logo\/image\/"}}]}},"_links":{"self":[{"href":"https:\/\/saintpierre91.org\/cefop\/wp-json\/wp\/v2\/pages\/2899","targetHints":{"allow":["GET"]}}],"collection":[{"href":"https:\/\/saintpierre91.org\/cefop\/wp-json\/wp\/v2\/pages"}],"about":[{"href":"https:\/\/saintpierre91.org\/cefop\/wp-json\/wp\/v2\/types\/page"}],"author":[{"embeddable":true,"href":"https:\/\/saintpierre91.org\/cefop\/wp-json\/wp\/v2\/users\/1"}],"replies":[{"embeddable":true,"href":"https:\/\/saintpierre91.org\/cefop\/wp-json\/wp\/v2\/comments?post=2899"}],"version-history":[{"count":187,"href":"https:\/\/saintpierre91.org\/cefop\/wp-json\/wp\/v2\/pages\/2899\/revisions"}],"predecessor-version":[{"id":6642,"href":"https:\/\/saintpierre91.org\/cefop\/wp-json\/wp\/v2\/pages\/2899\/revisions\/6642"}],"up":[{"embeddable":true,"href":"https:\/\/saintpierre91.org\/cefop\/wp-json\/wp\/v2\/pages\/838"}],"wp:attachment":[{"href":"https:\/\/saintpierre91.org\/cefop\/wp-json\/wp\/v2\/media?parent=2899"}],"curies":[{"name":"wp","href":"https:\/\/api.w.org\/{rel}","templated":true}]}}