{"id":688,"date":"2020-11-18T10:55:03","date_gmt":"2020-11-18T09:55:03","guid":{"rendered":"https:\/\/saintpierre91.org\/-cfa\/?page_id=688"},"modified":"2021-06-30T08:34:24","modified_gmt":"2021-06-30T06:34:24","slug":"mentions-legales","status":"publish","type":"page","link":"https:\/\/saintpierre91.org\/cefop\/mentions-legales\/","title":{"rendered":"Mentions l\u00e9gales &#038; RGPD"},"content":{"rendered":"\t\t<div data-elementor-type=\"wp-page\" data-elementor-id=\"688\" class=\"elementor elementor-688\">\n\t\t\t\t\t\t<section class=\"elementor-section elementor-top-section elementor-element elementor-element-b47dd3a elementor-section-boxed elementor-section-height-default elementor-section-height-default\" data-id=\"b47dd3a\" data-element_type=\"section\">\n\t\t\t\t\t\t<div class=\"elementor-container elementor-column-gap-default\">\n\t\t\t\t\t<div class=\"elementor-column elementor-col-100 elementor-top-column elementor-element elementor-element-95cef3d\" data-id=\"95cef3d\" data-element_type=\"column\">\n\t\t\t<div class=\"elementor-widget-wrap elementor-element-populated\">\n\t\t\t\t\t\t<div class=\"elementor-element elementor-element-3a8d02c elementor-widget elementor-widget-text-editor\" data-id=\"3a8d02c\" data-element_type=\"widget\" data-widget_type=\"text-editor.default\">\n\t\t\t\t<div class=\"elementor-widget-container\">\n\t\t\t\t\t\t\t\t\t<div class=\"jumbotron\"><h1>Mentions L\u00e9gales &amp; RGPD<\/h1><p>\u00c9diteur du site Web, h\u00e9bergement, conditions g\u00e9n\u00e9rales d&rsquo;utilisation.<\/p><\/div><center><br \/><img fetchpriority=\"high\" decoding=\"async\" class=\"alignnone size-medium wp-image-693\" src=\"https:\/\/saintpierre91.org\/cefop\/wp-content\/uploads\/2020\/11\/mentions-legales-01-300x167.png\" alt=\"\" width=\"300\" height=\"167\" srcset=\"https:\/\/saintpierre91.org\/cefop\/wp-content\/uploads\/2020\/11\/mentions-legales-01-300x167.png 300w, https:\/\/saintpierre91.org\/cefop\/wp-content\/uploads\/2020\/11\/mentions-legales-01-1024x569.png 1024w, https:\/\/saintpierre91.org\/cefop\/wp-content\/uploads\/2020\/11\/mentions-legales-01-768x427.png 768w, https:\/\/saintpierre91.org\/cefop\/wp-content\/uploads\/2020\/11\/mentions-legales-01-1536x853.png 1536w, https:\/\/saintpierre91.org\/cefop\/wp-content\/uploads\/2020\/11\/mentions-legales-01-2048x1138.png 2048w\" sizes=\"(max-width: 300px) 100vw, 300px\" \/><\/center><div class=\"row\"><div class=\"col-md-6\"><h2><span class=\"Style117\">Editeur du site web<\/span><\/h2><p><span class=\"Style125\"><b>CEFOP SAINT-PIERRE :<\/b><\/span><\/p><p><span class=\"Style125\">70, rue de Montgeron<br \/>BP 201 &#8211; 91801 Brunoy Cedex <\/span><\/p><\/div><div class=\"col-md-6\">\u00a0<\/div><\/div><table class=\"Style125\"><tbody><tr><td class=\"Style125\"><b>Directeur de publication<\/b><\/td><td class=\"Style117\">\u00a0<\/td><td class=\"Style117\">M. Laurent GEORGES<\/td><\/tr><tr><td class=\"Style125\"><b>Webmestre<\/b><\/td><td class=\"Style117\" style=\"width: 75px;\">\u00a0<\/td><td class=\"Style117\">M. Johann CORDIER<\/td><\/tr><\/tbody><\/table><h2><span class=\"Style125\"><span class=\"Style117\">Fournisseur d\u2019h\u00e9bergement<\/span><\/span><\/h2><p><span class=\"Style125\"> 1&amp;1 Internet SARL<br \/>7, place de la Gare<br \/>BP 70109<br \/>57201 Sarreguemines Cedex<br \/><\/span><\/p><h3>\u00a0<\/h3><h3>Limitations contractuelles sur les donn\u00e9es techniques :<\/h3><p>Le site utilise les technologies :<\/p><table style=\"width: 100%; height: 174px; margin-left: auto; margin-right: auto;\"><tbody><tr><td style=\"text-align: center; vertical-align: middle;\"><center><img decoding=\"async\" src=\"http:\/\/pluspng.com\/img-png\/google-maps-png-google-maps-icon-1600.png\" alt=\"\" width=\"72\" height=\"72\" \/><\/center><\/td><td style=\"text-align: center; vertical-align: middle;\"><center><img decoding=\"async\" src=\"https:\/\/upload.wikimedia.org\/wikipedia\/commons\/6\/61\/HTML5_logo_and_wordmark.svg\" alt=\"\" width=\"67\" height=\"67\" \/><\/center><\/td><td style=\"text-align: center; vertical-align: middle;\"><center><img decoding=\"async\" src=\"https:\/\/seeklogo.com\/images\/F\/font-awesome-logo-6E69605A6D-seeklogo.com.png\" alt=\"\" width=\"88px\" \/><\/center><\/td><td style=\"text-align: center; vertical-align: middle;\"><center><img loading=\"lazy\" decoding=\"async\" src=\"https:\/\/upload.wikimedia.org\/wikipedia\/commons\/thumb\/b\/b2\/Bootstrap_logo.svg\/512px-Bootstrap_logo.svg.png\" alt=\"\" width=\"88\" height=\"88\" \/><\/center><\/td><td style=\"text-align: center; vertical-align: middle;\"><center><img decoding=\"async\" src=\"https:\/\/s.w.org\/style\/images\/about\/WordPress-logotype-alternative.png\" alt=\"\" width=\"88\" \/><\/center><\/td><\/tr><tr><td style=\"text-align: center; vertical-align: middle;\"><strong><a href=\"https:\/\/developers.google.com\/maps\/documentation?hl=fr\">API Google Maps<\/a><\/strong><\/td><td style=\"text-align: center; vertical-align: middle;\"><strong><a href=\"https:\/\/fr.wikipedia.org\/wiki\/HTML5\">HTML5<\/a><\/strong><\/td><td style=\"text-align: center; vertical-align: middle;\"><strong><a href=\"https:\/\/fontawesome.com\/\">Font Awesome<\/a><\/strong><\/td><td style=\"text-align: center; vertical-align: middle;\"><strong><a href=\"https:\/\/getbootstrap.com\/\">Bootstrap<\/a><\/strong><\/td><td style=\"text-align: center; vertical-align: middle;\"><strong><a href=\"https:\/\/wordpress.com\/\">WordPress<\/a><\/strong><\/td><\/tr><\/tbody><\/table><p>Le site Internet ne pourra \u00eatre tenu responsable de dommages mat\u00e9riels li\u00e9s \u00e0 l\u2019utilisation du site. De plus, l\u2019utilisateur du site s\u2019engage \u00e0 acc\u00e9der au site en utilisant un mat\u00e9riel r\u00e9cent, ne contenant pas de virus et avec un navigateur de derni\u00e8re g\u00e9n\u00e9ration mis-\u00e0-jour.<\/p><h3>\u00a0<\/h3><h2>Conditions g\u00e9n\u00e9rales d\u2019utilisation&#8230;<\/h2><h4>1 &#8211; Objet :<\/h4><p>Les pr\u00e9sentes conditions g\u00e9n\u00e9rales d&rsquo;utilisation d\u00e9terminent les r\u00e8gles d\u2019acc\u00e8s au site du CEFOP Saint-Pierre.<\/p><h4>2 &#8211; Acceptation des conditions d\u2019utilisation :<\/h4><p>L\u2019utilisateur reconna\u00eet accepter, sans r\u00e9serve, les pr\u00e9sentes conditions g\u00e9n\u00e9rales d\u2019utilisation du seul fait de sa connexion au site.<\/p><h4>3 &#8211; Utilisations autoris\u00e9es :<\/h4><h5 style=\"padding-left: 40px;\">3.1\u00a0\u00a0 Utilisation personnelle et non marchande :<\/h5><p>Les services mis \u00e0 disposition sur le site et les contenus qui y sont publi\u00e9s sont r\u00e9serv\u00e9s \u00e0 l\u2019usage priv\u00e9 et non commercial de l\u2019utilisateur. Toute utilisation collective et\/ou marchande est interdite.<\/p><h5 style=\"padding-left: 40px;\">3.2\u00a0\u00a0 Utilisations pr\u00e9vues par la loi :<\/h5><p>L\u2019utilisateur est l\u00e9galement habilit\u00e9 \u00e0 proc\u00e9der \u00e0 de courtes citations, analyses et reproductions destin\u00e9es \u00e0 des revues de presse ainsi qu\u2019aux autres utilisations express\u00e9ment autoris\u00e9es par la loi, dans les limites et conditions fix\u00e9es par cette derni\u00e8re et sous r\u00e9serve notamment de citer le nom des auteurs et la source \u00e9ditoriale.<\/p><h5 style=\"padding-left: 40px;\">3.3\u00a0\u00a0 Liens hypertextes :<\/h5><p>L\u2019utilisateur est autoris\u00e9 \u00e0 cr\u00e9er :<\/p><p>Un ou plusieurs lien(s) simple(s) pointant vers la page d&rsquo;accueil du site.<br \/>Un ou plusieurs lien(s) simple(s) pointant vers la page d&rsquo;accueil des diff\u00e9rentes rubriques du site.<\/p><p>En tout \u00e9tat de cause, le CEFOP Saint-Pierre se r\u00e9serve le droit de mettre fin \u00e0 cette autorisation \u00e0 tout moment s\u2019il lui para\u00eet que<br \/>le lien \u00e9tabli avec le site est de nature \u00e0 porter atteinte \u00e0 ses int\u00e9r\u00eats.<\/p><p>En aucun cas, l&rsquo;existence d&rsquo;un lien hypertexte en provenance d&rsquo;un site tiers vers le site n&rsquo;implique une coop\u00e9ration entre l\u2019Institut Saint-Pierre et ce site tiers.Le CEFOP Saint-Pierre n&rsquo;exerce aucun contr\u00f4le sur les sites de tiers et n&rsquo;assume par cons\u00e9quent, aucune responsabilit\u00e9 quant aux contenus, produits, services, informations, mat\u00e9riaux, logiciels des sites tiers comportant un lien hypertexte vers le site.<\/p><h2>\u00a0<\/h2><h2>Cookies<\/h2><div class=\"row\"><div class=\"col-xs-9\"><h3>Qu\u2019est-ce qu\u2019un Cookie ?<\/h3><p>Les Cookies sont de petits fichiers texte d\u00e9pos\u00e9s sur votre terminal (ordinateur, tablette ou mobile) lorsque vous naviguez sur des sites internet, et notamment sur le site de l&rsquo;OF-CFA CEFOP Saint-Pierre. Nous utilisons principalement ces Cookies afin de rendre votre navigation sur nos sites plus agr\u00e9able et d\u2019am\u00e9liorer l\u2019utilisation et la fonctionnalit\u00e9 de ces derniers; par exemple, pour vous reconna\u00eetre lors de votre prochaine connexion et vous pr\u00e9senter un contenu susceptible de correspondre \u00e0 vos attentes \/ centres d\u2019int\u00e9r\u00eats.<br \/>A titre accessoire, nous nous servons \u00e9galement de ces fichiers pour \u00e9tablir des statistiques de fr\u00e9quentation de nos sites et d\u00e9terminer comment vous avez \u00e9t\u00e9 amen\u00e9 \u00e0 conna\u00eetre notre site.<\/p><\/div><\/div><h3>Quels Cookies utilisons-nous ?<\/h3><p>En fonction du terminal que vous utilisez pour naviguer sur notre site, nous mettons en place des Cookies notamment afin de : <br \/>\u2022 Vous identifier. <br \/>\u2022 Vous assurer une s\u00e9curit\u00e9 de navigation et lutter contre la fraude.<\/p><h2>\u00a0<\/h2><h2><strong>Informations transmises par un utilisateur<\/strong><\/h2><p>Toute information transmise par un utilisateur au CEFOP Saint-Pierre OF-CFA via ce site sera consid\u00e9r\u00e9e comme non confidentielle.<\/p><h2><strong>RGPD<\/strong><\/h2><p>Dans le cadre du R\u00e8glement G\u00e9n\u00e9ral sur la Protection des Donn\u00e9es, vous pouvez nous demander la consultation, la modification ou la suppression des donn\u00e9es que nous avons collect\u00e9es sur vous en nous \u00e9crivant un message via <a href=\"mailto:saint-pierre91@saint-pierre91.org\">saint-pierre91@saint-pierre91.org<\/a>.<\/p>\t\t\t\t\t\t\t\t<\/div>\n\t\t\t\t<\/div>\n\t\t\t\t\t<\/div>\n\t\t<\/div>\n\t\t\t\t\t<\/div>\n\t\t<\/section>\n\t\t\t\t<\/div>\n\t\t","protected":false},"excerpt":{"rendered":"<p>Mentions L\u00e9gales &amp; RGPD \u00c9diteur du site Web, h\u00e9bergement, conditions g\u00e9n\u00e9rales d&rsquo;utilisation. Editeur du site web CEFOP SAINT-PIERRE : 70, rue de MontgeronBP 201 &#8211; 91801 Brunoy Cedex \u00a0 Directeur de publication \u00a0 M. Laurent GEORGES Webmestre \u00a0 M. Johann CORDIER Fournisseur d\u2019h\u00e9bergement 1&amp;1 Internet SARL7, place de la GareBP 7010957201 Sarreguemines Cedex \u00a0 Limitations&#8230;<\/p>\n","protected":false},"author":1,"featured_media":0,"parent":0,"menu_order":0,"comment_status":"closed","ping_status":"closed","template":"","meta":{"_kad_post_transparent":"","_kad_post_title":"","_kad_post_layout":"","_kad_post_sidebar_id":"","_kad_post_content_style":"","_kad_post_vertical_padding":"","_kad_post_feature":"","_kad_post_feature_position":"","_kad_post_header":false,"_kad_post_footer":false,"cybocfi_hide_featured_image":"","footnotes":""},"class_list":["post-688","page","type-page","status-publish","hentry"],"yoast_head":"<!-- This site is optimized with the Yoast SEO plugin v25.3.1 - https:\/\/yoast.com\/wordpress\/plugins\/seo\/ -->\n<title>Mentions l\u00e9gales &amp; RGPD - CEFOP Saint Pierre OF CFA<\/title>\n<meta name=\"description\" content=\"Mentions l\u00e9gal\u00e9s. CEFOP Saint-Pierre OF-CFA. Centre de formation \u00e0 Brunoy en Essonne.\" \/>\n<meta name=\"robots\" content=\"index, follow, max-snippet:-1, max-image-preview:large, max-video-preview:-1\" \/>\n<link rel=\"canonical\" href=\"https:\/\/saintpierre91.org\/cefop\/mentions-legales\/\" \/>\n<meta property=\"og:locale\" content=\"fr_FR\" \/>\n<meta property=\"og:type\" content=\"article\" \/>\n<meta property=\"og:title\" content=\"Mentions l\u00e9gales &amp; RGPD - CEFOP Saint Pierre OF CFA\" \/>\n<meta property=\"og:description\" content=\"Mentions l\u00e9gal\u00e9s. CEFOP Saint-Pierre OF-CFA. Centre de formation \u00e0 Brunoy en Essonne.\" \/>\n<meta property=\"og:url\" content=\"https:\/\/saintpierre91.org\/cefop\/mentions-legales\/\" \/>\n<meta property=\"og:site_name\" content=\"CEFOP Saint Pierre OF CFA\" \/>\n<meta property=\"article:modified_time\" content=\"2021-06-30T06:34:24+00:00\" \/>\n<meta property=\"og:image\" content=\"https:\/\/saintpierre91.org\/cefop\/wp-content\/uploads\/2020\/11\/mentions-legales-01-300x167.png\" \/>\n<meta name=\"twitter:card\" content=\"summary_large_image\" \/>\n<meta name=\"twitter:label1\" content=\"Dur\u00e9e de lecture estim\u00e9e\" \/>\n\t<meta name=\"twitter:data1\" content=\"4 minutes\" \/>\n<script type=\"application\/ld+json\" class=\"yoast-schema-graph\">{\"@context\":\"https:\/\/schema.org\",\"@graph\":[{\"@type\":\"WebPage\",\"@id\":\"https:\/\/saintpierre91.org\/cefop\/mentions-legales\/\",\"url\":\"https:\/\/saintpierre91.org\/cefop\/mentions-legales\/\",\"name\":\"Mentions l\u00e9gales & RGPD - CEFOP Saint Pierre OF CFA\",\"isPartOf\":{\"@id\":\"https:\/\/saintpierre91.org\/cefop\/#website\"},\"primaryImageOfPage\":{\"@id\":\"https:\/\/saintpierre91.org\/cefop\/mentions-legales\/#primaryimage\"},\"image\":{\"@id\":\"https:\/\/saintpierre91.org\/cefop\/mentions-legales\/#primaryimage\"},\"thumbnailUrl\":\"https:\/\/saintpierre91.org\/cefop\/wp-content\/uploads\/2020\/11\/mentions-legales-01-300x167.png\",\"datePublished\":\"2020-11-18T09:55:03+00:00\",\"dateModified\":\"2021-06-30T06:34:24+00:00\",\"description\":\"Mentions l\u00e9gal\u00e9s. CEFOP Saint-Pierre OF-CFA. Centre de formation \u00e0 Brunoy en Essonne.\",\"breadcrumb\":{\"@id\":\"https:\/\/saintpierre91.org\/cefop\/mentions-legales\/#breadcrumb\"},\"inLanguage\":\"fr-FR\",\"potentialAction\":[{\"@type\":\"ReadAction\",\"target\":[\"https:\/\/saintpierre91.org\/cefop\/mentions-legales\/\"]}]},{\"@type\":\"ImageObject\",\"inLanguage\":\"fr-FR\",\"@id\":\"https:\/\/saintpierre91.org\/cefop\/mentions-legales\/#primaryimage\",\"url\":\"https:\/\/saintpierre91.org\/cefop\/wp-content\/uploads\/2020\/11\/mentions-legales-01.png\",\"contentUrl\":\"https:\/\/saintpierre91.org\/cefop\/wp-content\/uploads\/2020\/11\/mentions-legales-01.png\",\"width\":5761,\"height\":3201},{\"@type\":\"BreadcrumbList\",\"@id\":\"https:\/\/saintpierre91.org\/cefop\/mentions-legales\/#breadcrumb\",\"itemListElement\":[{\"@type\":\"ListItem\",\"position\":1,\"name\":\"Accueil\",\"item\":\"https:\/\/saintpierre91.org\/cefop\/\"},{\"@type\":\"ListItem\",\"position\":2,\"name\":\"Mentions l\u00e9gales &#038; RGPD\"}]},{\"@type\":\"WebSite\",\"@id\":\"https:\/\/saintpierre91.org\/cefop\/#website\",\"url\":\"https:\/\/saintpierre91.org\/cefop\/\",\"name\":\"CEFOP Saint Pierre OF CFA\",\"description\":\"Le  CEFOP Saint-Pierre a l\u2019ambition d\u2019accompagner l\u2019\u00e9volution des besoins et des m\u00e9tiers dans les secteurs de l\u2019h\u00f4tellerie, de la restauration, du tertiaire et du sanitaire et social en privil\u00e9giant des partenariats p\u00e9dagogiques de qualit\u00e9.\",\"publisher\":{\"@id\":\"https:\/\/saintpierre91.org\/cefop\/#organization\"},\"potentialAction\":[{\"@type\":\"SearchAction\",\"target\":{\"@type\":\"EntryPoint\",\"urlTemplate\":\"https:\/\/saintpierre91.org\/cefop\/?s={search_term_string}\"},\"query-input\":{\"@type\":\"PropertyValueSpecification\",\"valueRequired\":true,\"valueName\":\"search_term_string\"}}],\"inLanguage\":\"fr-FR\"},{\"@type\":\"Organization\",\"@id\":\"https:\/\/saintpierre91.org\/cefop\/#organization\",\"name\":\"CEFOP SAINT-PIERRE OF-CFA\",\"url\":\"https:\/\/saintpierre91.org\/cefop\/\",\"logo\":{\"@type\":\"ImageObject\",\"inLanguage\":\"fr-FR\",\"@id\":\"https:\/\/saintpierre91.org\/cefop\/#\/schema\/logo\/image\/\",\"url\":\"https:\/\/saintpierre91.org\/cefop\/wp-content\/uploads\/2020\/11\/icone-01.png\",\"contentUrl\":\"https:\/\/saintpierre91.org\/cefop\/wp-content\/uploads\/2020\/11\/icone-01.png\",\"width\":512,\"height\":512,\"caption\":\"CEFOP SAINT-PIERRE OF-CFA\"},\"image\":{\"@id\":\"https:\/\/saintpierre91.org\/cefop\/#\/schema\/logo\/image\/\"}}]}<\/script>\n<!-- \/ Yoast SEO plugin. -->","yoast_head_json":{"title":"Mentions l\u00e9gales & RGPD - CEFOP Saint Pierre OF CFA","description":"Mentions l\u00e9gal\u00e9s. CEFOP Saint-Pierre OF-CFA. Centre de formation \u00e0 Brunoy en Essonne.","robots":{"index":"index","follow":"follow","max-snippet":"max-snippet:-1","max-image-preview":"max-image-preview:large","max-video-preview":"max-video-preview:-1"},"canonical":"https:\/\/saintpierre91.org\/cefop\/mentions-legales\/","og_locale":"fr_FR","og_type":"article","og_title":"Mentions l\u00e9gales & RGPD - CEFOP Saint Pierre OF CFA","og_description":"Mentions l\u00e9gal\u00e9s. CEFOP Saint-Pierre OF-CFA. Centre de formation \u00e0 Brunoy en Essonne.","og_url":"https:\/\/saintpierre91.org\/cefop\/mentions-legales\/","og_site_name":"CEFOP Saint Pierre OF CFA","article_modified_time":"2021-06-30T06:34:24+00:00","og_image":[{"url":"https:\/\/saintpierre91.org\/cefop\/wp-content\/uploads\/2020\/11\/mentions-legales-01-300x167.png","type":"","width":"","height":""}],"twitter_card":"summary_large_image","twitter_misc":{"Dur\u00e9e de lecture estim\u00e9e":"4 minutes"},"schema":{"@context":"https:\/\/schema.org","@graph":[{"@type":"WebPage","@id":"https:\/\/saintpierre91.org\/cefop\/mentions-legales\/","url":"https:\/\/saintpierre91.org\/cefop\/mentions-legales\/","name":"Mentions l\u00e9gales & RGPD - CEFOP Saint Pierre OF CFA","isPartOf":{"@id":"https:\/\/saintpierre91.org\/cefop\/#website"},"primaryImageOfPage":{"@id":"https:\/\/saintpierre91.org\/cefop\/mentions-legales\/#primaryimage"},"image":{"@id":"https:\/\/saintpierre91.org\/cefop\/mentions-legales\/#primaryimage"},"thumbnailUrl":"https:\/\/saintpierre91.org\/cefop\/wp-content\/uploads\/2020\/11\/mentions-legales-01-300x167.png","datePublished":"2020-11-18T09:55:03+00:00","dateModified":"2021-06-30T06:34:24+00:00","description":"Mentions l\u00e9gal\u00e9s. CEFOP Saint-Pierre OF-CFA. Centre de formation \u00e0 Brunoy en Essonne.","breadcrumb":{"@id":"https:\/\/saintpierre91.org\/cefop\/mentions-legales\/#breadcrumb"},"inLanguage":"fr-FR","potentialAction":[{"@type":"ReadAction","target":["https:\/\/saintpierre91.org\/cefop\/mentions-legales\/"]}]},{"@type":"ImageObject","inLanguage":"fr-FR","@id":"https:\/\/saintpierre91.org\/cefop\/mentions-legales\/#primaryimage","url":"https:\/\/saintpierre91.org\/cefop\/wp-content\/uploads\/2020\/11\/mentions-legales-01.png","contentUrl":"https:\/\/saintpierre91.org\/cefop\/wp-content\/uploads\/2020\/11\/mentions-legales-01.png","width":5761,"height":3201},{"@type":"BreadcrumbList","@id":"https:\/\/saintpierre91.org\/cefop\/mentions-legales\/#breadcrumb","itemListElement":[{"@type":"ListItem","position":1,"name":"Accueil","item":"https:\/\/saintpierre91.org\/cefop\/"},{"@type":"ListItem","position":2,"name":"Mentions l\u00e9gales &#038; RGPD"}]},{"@type":"WebSite","@id":"https:\/\/saintpierre91.org\/cefop\/#website","url":"https:\/\/saintpierre91.org\/cefop\/","name":"CEFOP Saint Pierre OF CFA","description":"Le  CEFOP Saint-Pierre a l\u2019ambition d\u2019accompagner l\u2019\u00e9volution des besoins et des m\u00e9tiers dans les secteurs de l\u2019h\u00f4tellerie, de la restauration, du tertiaire et du sanitaire et social en privil\u00e9giant des partenariats p\u00e9dagogiques de qualit\u00e9.","publisher":{"@id":"https:\/\/saintpierre91.org\/cefop\/#organization"},"potentialAction":[{"@type":"SearchAction","target":{"@type":"EntryPoint","urlTemplate":"https:\/\/saintpierre91.org\/cefop\/?s={search_term_string}"},"query-input":{"@type":"PropertyValueSpecification","valueRequired":true,"valueName":"search_term_string"}}],"inLanguage":"fr-FR"},{"@type":"Organization","@id":"https:\/\/saintpierre91.org\/cefop\/#organization","name":"CEFOP SAINT-PIERRE OF-CFA","url":"https:\/\/saintpierre91.org\/cefop\/","logo":{"@type":"ImageObject","inLanguage":"fr-FR","@id":"https:\/\/saintpierre91.org\/cefop\/#\/schema\/logo\/image\/","url":"https:\/\/saintpierre91.org\/cefop\/wp-content\/uploads\/2020\/11\/icone-01.png","contentUrl":"https:\/\/saintpierre91.org\/cefop\/wp-content\/uploads\/2020\/11\/icone-01.png","width":512,"height":512,"caption":"CEFOP SAINT-PIERRE OF-CFA"},"image":{"@id":"https:\/\/saintpierre91.org\/cefop\/#\/schema\/logo\/image\/"}}]}},"_links":{"self":[{"href":"https:\/\/saintpierre91.org\/cefop\/wp-json\/wp\/v2\/pages\/688","targetHints":{"allow":["GET"]}}],"collection":[{"href":"https:\/\/saintpierre91.org\/cefop\/wp-json\/wp\/v2\/pages"}],"about":[{"href":"https:\/\/saintpierre91.org\/cefop\/wp-json\/wp\/v2\/types\/page"}],"author":[{"embeddable":true,"href":"https:\/\/saintpierre91.org\/cefop\/wp-json\/wp\/v2\/users\/1"}],"replies":[{"embeddable":true,"href":"https:\/\/saintpierre91.org\/cefop\/wp-json\/wp\/v2\/comments?post=688"}],"version-history":[{"count":22,"href":"https:\/\/saintpierre91.org\/cefop\/wp-json\/wp\/v2\/pages\/688\/revisions"}],"predecessor-version":[{"id":2596,"href":"https:\/\/saintpierre91.org\/cefop\/wp-json\/wp\/v2\/pages\/688\/revisions\/2596"}],"wp:attachment":[{"href":"https:\/\/saintpierre91.org\/cefop\/wp-json\/wp\/v2\/media?parent=688"}],"curies":[{"name":"wp","href":"https:\/\/api.w.org\/{rel}","templated":true}]}}