{"id":757,"date":"2020-11-25T10:44:00","date_gmt":"2020-11-25T09:44:00","guid":{"rendered":"https:\/\/saintpierre91.org\/-cfa\/?page_id=757"},"modified":"2024-02-09T11:53:06","modified_gmt":"2024-02-09T10:53:06","slug":"plan-du-site","status":"publish","type":"page","link":"https:\/\/saintpierre91.org\/cefop\/plan-du-site\/","title":{"rendered":"Plan du site"},"content":{"rendered":"\t\t<div data-elementor-type=\"wp-page\" data-elementor-id=\"757\" class=\"elementor elementor-757\">\n\t\t\t\t\t\t<section class=\"elementor-section elementor-top-section elementor-element elementor-element-912ad01 elementor-section-boxed elementor-section-height-default elementor-section-height-default\" data-id=\"912ad01\" data-element_type=\"section\">\n\t\t\t\t\t\t<div class=\"elementor-container elementor-column-gap-default\">\n\t\t\t\t\t<div class=\"elementor-column elementor-col-100 elementor-top-column elementor-element elementor-element-09997fd\" data-id=\"09997fd\" data-element_type=\"column\">\n\t\t\t<div class=\"elementor-widget-wrap elementor-element-populated\">\n\t\t\t\t\t\t<div class=\"elementor-element elementor-element-897ab5f elementor-widget elementor-widget-text-editor\" data-id=\"897ab5f\" data-element_type=\"widget\" data-widget_type=\"text-editor.default\">\n\t\t\t\t<div class=\"elementor-widget-container\">\n\t\t\t\t\t\t\t\t\t<div class=\"jumbotron\">\n<h1>Plan du site<\/h1>\n<\/div>\t\t\t\t\t\t\t\t<\/div>\n\t\t\t\t<\/div>\n\t\t\t\t\t<\/div>\n\t\t<\/div>\n\t\t\t\t\t<\/div>\n\t\t<\/section>\n\t\t\t\t<section class=\"elementor-section elementor-top-section elementor-element elementor-element-f1cbdab elementor-section-boxed elementor-section-height-default elementor-section-height-default\" data-id=\"f1cbdab\" data-element_type=\"section\">\n\t\t\t\t\t\t<div class=\"elementor-container elementor-column-gap-default\">\n\t\t\t\t\t<div class=\"elementor-column elementor-col-50 elementor-top-column elementor-element elementor-element-cb7bfa6\" data-id=\"cb7bfa6\" data-element_type=\"column\">\n\t\t\t<div class=\"elementor-widget-wrap elementor-element-populated\">\n\t\t\t\t\t\t<div class=\"elementor-element elementor-element-6c3e306 eael_simple_menu_hamburger_disable_selected_menu_no eael-simple-menu-hamburger-align-right eael-hamburger--tablet elementor-widget elementor-widget-eael-simple-menu\" data-id=\"6c3e306\" data-element_type=\"widget\" data-widget_type=\"eael-simple-menu.default\">\n\t\t\t\t<div class=\"elementor-widget-container\">\n\t\t\t\t\t<style>\n                        @media screen and (max-width: 1024px) {\n                            .eael-hamburger--tablet {\n                                .eael-simple-menu-horizontal,\n                                .eael-simple-menu-vertical {\n                                    display: none;\n                                }\n                            }\n                            .eael-hamburger--tablet {\n                                .eael-simple-menu-container .eael-simple-menu-toggle {\n                                    display: block;\n                                }\n                            }\n                        }\n                    <\/style>            <div data-hamburger-icon=\"&lt;i aria-hidden=&quot;true&quot; class=&quot;fas fa-bars&quot;&gt;&lt;\/i&gt;\" data-indicator-icon=\"&lt;i aria-hidden=&quot;true&quot; class=&quot;fas fa-angle-down&quot;&gt;&lt;\/i&gt;\" data-dropdown-indicator-icon=\"&lt;i class=&quot;fas fa-angle-down&quot;&gt;&lt;\/i&gt;\" class=\"eael-simple-menu-container eael-simple-menu-align-left eael-simple-menu-dropdown-align-left preset-2\" data-hamburger-breakpoints=\"{&quot;mobile&quot;:&quot;Portrait mobile (&gt; 767px)&quot;,&quot;tablet&quot;:&quot;Tablette en mode portrait (&gt; 1024px)&quot;,&quot;desktop&quot;:&quot;Desktop (&gt; 2400px)&quot;,&quot;none&quot;:&quot;None&quot;}\" data-hamburger-device=\"tablet\">\n                <ul id=\"menu-principal\" class=\"eael-simple-menu eael-simple-menu-dropdown-animate-to-top eael-simple-menu-indicator eael-simple-menu-vertical\"><li id=\"menu-item-1411\" class=\"menu-item menu-item-type-post_type menu-item-object-page menu-item-has-children menu-item-1411\"><a href=\"https:\/\/saintpierre91.org\/cefop\/formations-en-alternance\/presentation-du-cfa\/\">Formations en alternance<\/a>\n<ul class=\"sub-menu\">\n\t<li id=\"menu-item-992\" class=\"menu-item menu-item-type-post_type menu-item-object-page menu-item-992\"><a href=\"https:\/\/saintpierre91.org\/cefop\/formations-en-alternance\/presentation-du-cfa\/\">Pr\u00e9sentation du CFA<\/a><\/li>\n\t<li id=\"menu-item-834\" class=\"menu-item menu-item-type-post_type menu-item-object-page menu-item-has-children menu-item-834\"><a href=\"https:\/\/saintpierre91.org\/cefop\/formations-en-alternance\/listes-des-formations\/\">Nos formations<\/a>\n\t<ul class=\"sub-menu\">\n\t\t<li id=\"menu-item-3420\" class=\"menu-item menu-item-type-post_type menu-item-object-page menu-item-3420\"><a href=\"https:\/\/saintpierre91.org\/cefop\/sanitaire-et-social\/cap-aepe\/\">CAP AEPE<\/a><\/li>\n\t\t<li id=\"menu-item-3413\" class=\"menu-item menu-item-type-post_type menu-item-object-page menu-item-3413\"><a href=\"https:\/\/saintpierre91.org\/cefop\/tertiaire\/bts-mco-management-commercial-operationnel\/\">BTS Management Commercial Op\u00e9rationnel<\/a><\/li>\n\t\t<li id=\"menu-item-5067\" class=\"menu-item menu-item-type-post_type menu-item-object-page menu-item-5067\"><a href=\"https:\/\/saintpierre91.org\/cefop\/tertiaire\/bts-ndrc-negociation-et-digitalisation-de-la-relation-client\/\">BTS NDRC : N\u00e9gociation et Digitalisation de la relation client<\/a><\/li>\n\t\t<li id=\"menu-item-3414\" class=\"menu-item menu-item-type-post_type menu-item-object-page menu-item-3414\"><a href=\"https:\/\/saintpierre91.org\/cefop\/tertiaire\/bts-professions-immobilieres\/\">BTS Professions Immobili\u00e8res<\/a><\/li>\n\t\t<li id=\"menu-item-3415\" class=\"menu-item menu-item-type-post_type menu-item-object-page menu-item-3415\"><a href=\"https:\/\/saintpierre91.org\/cefop\/tertiaire\/bts-support-a-laction-manageriale\/\">BTS Support \u00e0 l\u2019Action Manag\u00e9riale<\/a><\/li>\n\t\t<li id=\"menu-item-3419\" class=\"menu-item menu-item-type-post_type menu-item-object-page menu-item-3419\"><a href=\"https:\/\/saintpierre91.org\/cefop\/bachelor-charge-communication\/\">BACHELOR Charg\u00e9(e) de Communication<\/a><\/li>\n\t\t<li id=\"menu-item-3682\" class=\"menu-item menu-item-type-post_type menu-item-object-page menu-item-3682\"><a href=\"https:\/\/saintpierre91.org\/cefop\/bachelor-charge-de-recrutement-et-conseils-en-ressources-humaines\/\">BACHELOR  Charg\u00e9(e) de recrutement et conseils en ressources humaines<\/a><\/li>\n\t\t<li id=\"menu-item-4038\" class=\"menu-item menu-item-type-post_type menu-item-object-page menu-item-4038\"><a href=\"https:\/\/saintpierre91.org\/cefop\/bachelor-responsable-du-developpement-commercial\/\">BACHELOR Responsable du d\u00e9veloppement commercial<\/a><\/li>\n\t\t<li id=\"menu-item-4949\" class=\"menu-item menu-item-type-post_type menu-item-object-page menu-item-4949\"><a href=\"https:\/\/saintpierre91.org\/cefop\/licence-professionnelle-entrepreneuriat-reprenariat-et-intraprenariat\/\">Licence Professionnelle \u2013 Entrepreneuriat, reprenariat et intraprenariat<\/a><\/li>\n\t<\/ul>\n<\/li>\n<\/ul>\n<\/li>\n<li id=\"menu-item-859\" class=\"menu-item menu-item-type-post_type menu-item-object-page menu-item-has-children menu-item-859\"><a href=\"https:\/\/saintpierre91.org\/cefop\/espace-alternant\/\">Espace Alternant<\/a>\n<ul class=\"sub-menu\">\n\t<li id=\"menu-item-864\" class=\"menu-item menu-item-type-post_type menu-item-object-page menu-item-864\"><a href=\"https:\/\/saintpierre91.org\/cefop\/espace-alternant\/le-contrat-dapprentissage\/\">Contrat d\u2019apprentissage<\/a><\/li>\n\t<li id=\"menu-item-861\" class=\"menu-item menu-item-type-post_type menu-item-object-page menu-item-861\"><a href=\"https:\/\/saintpierre91.org\/cefop\/espace-alternant\/le-contrat-de-professionnalisation\/\">Contrat de professionnalisation<\/a><\/li>\n\t<li id=\"menu-item-1105\" class=\"menu-item menu-item-type-post_type menu-item-object-page menu-item-1105\"><a href=\"https:\/\/saintpierre91.org\/cefop\/espace-alternant\/droits-de-lalternant\/\">Droits de l\u2019alternant<\/a><\/li>\n\t<li id=\"menu-item-5964\" class=\"menu-item menu-item-type-post_type menu-item-object-page menu-item-5964\"><a href=\"https:\/\/saintpierre91.org\/cefop\/espace-alternant\/offres-d-emploi\/\">Offres d\u2019emploi<\/a><\/li>\n<\/ul>\n<\/li>\n<li id=\"menu-item-895\" class=\"menu-item menu-item-type-post_type menu-item-object-page menu-item-has-children menu-item-895\"><a href=\"https:\/\/saintpierre91.org\/cefop\/espace-entreprise\/\">Espace Entreprise<\/a>\n<ul class=\"sub-menu\">\n\t<li id=\"menu-item-1073\" class=\"menu-item menu-item-type-post_type menu-item-object-page menu-item-1073\"><a href=\"https:\/\/saintpierre91.org\/cefop\/espace-entreprise\/aide-a-lembauche\/\">Aide \u00e0 l\u2019embauche<\/a><\/li>\n\t<li id=\"menu-item-902\" class=\"menu-item menu-item-type-post_type menu-item-object-page menu-item-902\"><a href=\"https:\/\/saintpierre91.org\/cefop\/espace-entreprise\/les-contrats-en-alternance\/vous-recherchez-un-apprenti\/\">Vous recherchez un alternant<\/a><\/li>\n\t<li id=\"menu-item-896\" class=\"menu-item menu-item-type-post_type menu-item-object-page menu-item-896\"><a href=\"https:\/\/saintpierre91.org\/cefop\/espace-entreprise\/taxe-dapprentissage\/\">Taxe d\u2019apprentissage<\/a><\/li>\n\t<li id=\"menu-item-2965\" class=\"menu-item menu-item-type-post_type menu-item-object-page menu-item-2965\"><a href=\"https:\/\/saintpierre91.org\/cefop\/desposer-offre\/\">D\u00e9poser une offre<\/a><\/li>\n<\/ul>\n<\/li>\n<li id=\"menu-item-5149\" class=\"menu-item menu-item-type-post_type menu-item-object-page menu-item-has-children menu-item-5149\"><a href=\"https:\/\/saintpierre91.org\/cefop\/formation-continue\/formation-continue\/\">Formations continue<\/a>\n<ul class=\"sub-menu\">\n\t<li id=\"menu-item-953\" class=\"menu-item menu-item-type-post_type menu-item-object-page menu-item-953\"><a href=\"https:\/\/saintpierre91.org\/cefop\/formation-continue\/formation-continue\/\">Pr\u00e9sentation<\/a><\/li>\n\t<li id=\"menu-item-1049\" class=\"menu-item menu-item-type-post_type menu-item-object-page menu-item-has-children menu-item-1049\"><a href=\"https:\/\/saintpierre91.org\/cefop\/pee\/\">Parcours Entr\u00e9e dans l&rsquo;Emploi<\/a>\n\t<ul class=\"sub-menu\">\n\t\t<li id=\"menu-item-1095\" class=\"menu-item menu-item-type-post_type menu-item-object-page menu-item-1095\"><a href=\"https:\/\/saintpierre91.org\/cefop\/pee\/psa\/\">PSA<\/a><\/li>\n\t<\/ul>\n<\/li>\n\t<li id=\"menu-item-1051\" class=\"menu-item menu-item-type-post_type menu-item-object-page menu-item-1051\"><a href=\"https:\/\/saintpierre91.org\/cefop\/formation-continue\/les-autres-formations\/les-formations-secourisme-sst-psc1\/\">SST : Sauveteur Secouriste du Travail<\/a><\/li>\n\t<li id=\"menu-item-4390\" class=\"menu-item menu-item-type-post_type menu-item-object-page menu-item-4390\"><a href=\"https:\/\/saintpierre91.org\/cefop\/sanitaire-et-social\/titre-professionnel-advf-en-formation-continue\/\">Titre Professionnel ADVF<\/a><\/li>\n<\/ul>\n<\/li>\n<li id=\"menu-item-976\" class=\"menu-item menu-item-type-post_type menu-item-object-page menu-item-has-children menu-item-976\"><a href=\"https:\/\/saintpierre91.org\/cefop\/espace-reserve\/\">Espace R\u00e9serv\u00e9<\/a>\n<ul class=\"sub-menu\">\n\t<li id=\"menu-item-980\" class=\"menu-item menu-item-type-post_type menu-item-object-page menu-item-980\"><a href=\"https:\/\/saintpierre91.org\/cefop\/espace-reserve\/formateurs\/\">Formateurs<\/a><\/li>\n\t<li id=\"menu-item-979\" class=\"menu-item menu-item-type-post_type menu-item-object-page menu-item-979\"><a href=\"https:\/\/saintpierre91.org\/cefop\/espace-reserve\/alternant\/\">Alternant<\/a><\/li>\n\t<li id=\"menu-item-978\" class=\"menu-item menu-item-type-post_type menu-item-object-page menu-item-978\"><a href=\"https:\/\/saintpierre91.org\/cefop\/espace-reserve\/entreprise\/\">Entreprise<\/a><\/li>\n\t<li id=\"menu-item-977\" class=\"menu-item menu-item-type-post_type menu-item-object-page menu-item-977\"><a href=\"https:\/\/saintpierre91.org\/cefop\/espace-reserve\/stagiaire-de-la-formation-pro\/\">Stagiaire de la formation pro<\/a><\/li>\n<\/ul>\n<\/li>\n<li id=\"menu-item-1401\" class=\"menu-item menu-item-type-post_type menu-item-object-page menu-item-1401\"><a href=\"https:\/\/saintpierre91.org\/cefop\/inscription\/\">Inscriptions<\/a><\/li>\n<\/ul>                <button class=\"eael-simple-menu-toggle\">\n                    <span class=\"sr-only \">Hamburger Toggle Menu<\/span>\n                    <i aria-hidden=\"true\" class=\"fas fa-bars\"><\/i>                <\/button>\n            <\/div>\n            \t\t\t\t<\/div>\n\t\t\t\t<\/div>\n\t\t\t\t\t<\/div>\n\t\t<\/div>\n\t\t\t\t<div class=\"elementor-column elementor-col-50 elementor-top-column elementor-element elementor-element-d123eae\" data-id=\"d123eae\" data-element_type=\"column\">\n\t\t\t<div class=\"elementor-widget-wrap elementor-element-populated\">\n\t\t\t\t\t\t<div class=\"elementor-element elementor-element-2d4ee0b elementor-widget elementor-widget-image\" data-id=\"2d4ee0b\" data-element_type=\"widget\" data-widget_type=\"image.default\">\n\t\t\t\t<div class=\"elementor-widget-container\">\n\t\t\t\t\t\t\t\t\t\t\t\t\t\t\t<img fetchpriority=\"high\" decoding=\"async\" width=\"1024\" height=\"731\" src=\"https:\/\/saintpierre91.org\/cefop\/wp-content\/uploads\/10590-1024x731.jpg\" class=\"attachment-large size-large wp-image-4681\" alt=\"\" srcset=\"https:\/\/saintpierre91.org\/cefop\/wp-content\/uploads\/10590-1024x731.jpg 1024w, https:\/\/saintpierre91.org\/cefop\/wp-content\/uploads\/10590-300x214.jpg 300w, https:\/\/saintpierre91.org\/cefop\/wp-content\/uploads\/10590-768x549.jpg 768w, https:\/\/saintpierre91.org\/cefop\/wp-content\/uploads\/10590-1536x1097.jpg 1536w, https:\/\/saintpierre91.org\/cefop\/wp-content\/uploads\/10590-2048x1463.jpg 2048w\" sizes=\"(max-width: 1024px) 100vw, 1024px\" \/>\t\t\t\t\t\t\t\t\t\t\t\t\t\t\t<\/div>\n\t\t\t\t<\/div>\n\t\t\t\t\t<\/div>\n\t\t<\/div>\n\t\t\t\t\t<\/div>\n\t\t<\/section>\n\t\t\t\t<\/div>\n\t\t","protected":false},"excerpt":{"rendered":"<p>Plan du site Formations en alternance Pr\u00e9sentation du CFA Listes des formations Titre Professionnel ADVF CAP AEPE BTS Gestion de la PME BTS Management Commercial Op\u00e9rationnel BTS Professions Immobili\u00e8res BTS Support \u00e0 l\u2019Action Manag\u00e9riale Licence Professionnelle \u2013 Commercialisation de Produits Touristiques Licence Professionnelle \u2013 Entrepreneuriat, Reprenariat et Intraprenariat BACHELOR Charg\u00e9(e) de Communication BACHELOR Charg\u00e9(e) de&#8230;<\/p>\n","protected":false},"author":1,"featured_media":0,"parent":0,"menu_order":0,"comment_status":"closed","ping_status":"closed","template":"","meta":{"_kad_post_transparent":"","_kad_post_title":"","_kad_post_layout":"","_kad_post_sidebar_id":"","_kad_post_content_style":"","_kad_post_vertical_padding":"","_kad_post_feature":"","_kad_post_feature_position":"","_kad_post_header":false,"_kad_post_footer":false,"cybocfi_hide_featured_image":"","footnotes":""},"class_list":["post-757","page","type-page","status-publish","hentry"],"yoast_head":"<!-- This site is optimized with the Yoast SEO plugin v25.3.1 - https:\/\/yoast.com\/wordpress\/plugins\/seo\/ -->\n<title>Plan du site - CEFOP Saint Pierre OF CFA<\/title>\n<meta name=\"robots\" content=\"index, follow, max-snippet:-1, max-image-preview:large, max-video-preview:-1\" \/>\n<link rel=\"canonical\" href=\"https:\/\/saintpierre91.org\/cefop\/plan-du-site\/\" \/>\n<meta property=\"og:locale\" content=\"fr_FR\" \/>\n<meta property=\"og:type\" content=\"article\" \/>\n<meta property=\"og:title\" content=\"Plan du site - CEFOP Saint Pierre OF CFA\" \/>\n<meta property=\"og:description\" content=\"Plan du site Formations en alternance Pr\u00e9sentation du CFA Listes des formations Titre Professionnel ADVF CAP AEPE BTS Gestion de la PME BTS Management Commercial Op\u00e9rationnel BTS Professions Immobili\u00e8res BTS Support \u00e0 l\u2019Action Manag\u00e9riale Licence Professionnelle \u2013 Commercialisation de Produits Touristiques Licence Professionnelle \u2013 Entrepreneuriat, Reprenariat et Intraprenariat BACHELOR Charg\u00e9(e) de Communication BACHELOR Charg\u00e9(e) de...\" \/>\n<meta property=\"og:url\" content=\"https:\/\/saintpierre91.org\/cefop\/plan-du-site\/\" \/>\n<meta property=\"og:site_name\" content=\"CEFOP Saint Pierre OF CFA\" \/>\n<meta property=\"article:modified_time\" content=\"2024-02-09T10:53:06+00:00\" \/>\n<meta property=\"og:image\" content=\"https:\/\/saintpierre91.org\/cefop\/wp-content\/uploads\/10590-1024x731.jpg\" \/>\n<meta name=\"twitter:card\" content=\"summary_large_image\" \/>\n<meta name=\"twitter:label1\" content=\"Dur\u00e9e de lecture estim\u00e9e\" \/>\n\t<meta name=\"twitter:data1\" content=\"1 minute\" \/>\n<script type=\"application\/ld+json\" class=\"yoast-schema-graph\">{\"@context\":\"https:\/\/schema.org\",\"@graph\":[{\"@type\":\"WebPage\",\"@id\":\"https:\/\/saintpierre91.org\/cefop\/plan-du-site\/\",\"url\":\"https:\/\/saintpierre91.org\/cefop\/plan-du-site\/\",\"name\":\"Plan du site - CEFOP Saint Pierre OF CFA\",\"isPartOf\":{\"@id\":\"https:\/\/saintpierre91.org\/cefop\/#website\"},\"primaryImageOfPage\":{\"@id\":\"https:\/\/saintpierre91.org\/cefop\/plan-du-site\/#primaryimage\"},\"image\":{\"@id\":\"https:\/\/saintpierre91.org\/cefop\/plan-du-site\/#primaryimage\"},\"thumbnailUrl\":\"https:\/\/saintpierre91.org\/cefop\/wp-content\/uploads\/10590-1024x731.jpg\",\"datePublished\":\"2020-11-25T09:44:00+00:00\",\"dateModified\":\"2024-02-09T10:53:06+00:00\",\"breadcrumb\":{\"@id\":\"https:\/\/saintpierre91.org\/cefop\/plan-du-site\/#breadcrumb\"},\"inLanguage\":\"fr-FR\",\"potentialAction\":[{\"@type\":\"ReadAction\",\"target\":[\"https:\/\/saintpierre91.org\/cefop\/plan-du-site\/\"]}]},{\"@type\":\"ImageObject\",\"inLanguage\":\"fr-FR\",\"@id\":\"https:\/\/saintpierre91.org\/cefop\/plan-du-site\/#primaryimage\",\"url\":\"https:\/\/saintpierre91.org\/cefop\/wp-content\/uploads\/10590-scaled.jpg\",\"contentUrl\":\"https:\/\/saintpierre91.org\/cefop\/wp-content\/uploads\/10590-scaled.jpg\",\"width\":2560,\"height\":1829,\"caption\":\"Digital marketing team constructing landing or home page. Tiny people painting units on webpage. Vector illustration for website designers, content managers, internet promotion concept\"},{\"@type\":\"BreadcrumbList\",\"@id\":\"https:\/\/saintpierre91.org\/cefop\/plan-du-site\/#breadcrumb\",\"itemListElement\":[{\"@type\":\"ListItem\",\"position\":1,\"name\":\"Accueil\",\"item\":\"https:\/\/saintpierre91.org\/cefop\/\"},{\"@type\":\"ListItem\",\"position\":2,\"name\":\"Plan du site\"}]},{\"@type\":\"WebSite\",\"@id\":\"https:\/\/saintpierre91.org\/cefop\/#website\",\"url\":\"https:\/\/saintpierre91.org\/cefop\/\",\"name\":\"CEFOP Saint Pierre OF CFA\",\"description\":\"Le  CEFOP Saint-Pierre a l\u2019ambition d\u2019accompagner l\u2019\u00e9volution des besoins et des m\u00e9tiers dans les secteurs de l\u2019h\u00f4tellerie, de la restauration, du tertiaire et du sanitaire et social en privil\u00e9giant des partenariats p\u00e9dagogiques de qualit\u00e9.\",\"publisher\":{\"@id\":\"https:\/\/saintpierre91.org\/cefop\/#organization\"},\"potentialAction\":[{\"@type\":\"SearchAction\",\"target\":{\"@type\":\"EntryPoint\",\"urlTemplate\":\"https:\/\/saintpierre91.org\/cefop\/?s={search_term_string}\"},\"query-input\":{\"@type\":\"PropertyValueSpecification\",\"valueRequired\":true,\"valueName\":\"search_term_string\"}}],\"inLanguage\":\"fr-FR\"},{\"@type\":\"Organization\",\"@id\":\"https:\/\/saintpierre91.org\/cefop\/#organization\",\"name\":\"CEFOP SAINT-PIERRE OF-CFA\",\"url\":\"https:\/\/saintpierre91.org\/cefop\/\",\"logo\":{\"@type\":\"ImageObject\",\"inLanguage\":\"fr-FR\",\"@id\":\"https:\/\/saintpierre91.org\/cefop\/#\/schema\/logo\/image\/\",\"url\":\"https:\/\/saintpierre91.org\/cefop\/wp-content\/uploads\/2020\/11\/icone-01.png\",\"contentUrl\":\"https:\/\/saintpierre91.org\/cefop\/wp-content\/uploads\/2020\/11\/icone-01.png\",\"width\":512,\"height\":512,\"caption\":\"CEFOP SAINT-PIERRE OF-CFA\"},\"image\":{\"@id\":\"https:\/\/saintpierre91.org\/cefop\/#\/schema\/logo\/image\/\"}}]}<\/script>\n<!-- \/ Yoast SEO plugin. -->","yoast_head_json":{"title":"Plan du site - CEFOP Saint Pierre OF CFA","robots":{"index":"index","follow":"follow","max-snippet":"max-snippet:-1","max-image-preview":"max-image-preview:large","max-video-preview":"max-video-preview:-1"},"canonical":"https:\/\/saintpierre91.org\/cefop\/plan-du-site\/","og_locale":"fr_FR","og_type":"article","og_title":"Plan du site - CEFOP Saint Pierre OF CFA","og_description":"Plan du site Formations en alternance Pr\u00e9sentation du CFA Listes des formations Titre Professionnel ADVF CAP AEPE BTS Gestion de la PME BTS Management Commercial Op\u00e9rationnel BTS Professions Immobili\u00e8res BTS Support \u00e0 l\u2019Action Manag\u00e9riale Licence Professionnelle \u2013 Commercialisation de Produits Touristiques Licence Professionnelle \u2013 Entrepreneuriat, Reprenariat et Intraprenariat BACHELOR Charg\u00e9(e) de Communication BACHELOR Charg\u00e9(e) de...","og_url":"https:\/\/saintpierre91.org\/cefop\/plan-du-site\/","og_site_name":"CEFOP Saint Pierre OF CFA","article_modified_time":"2024-02-09T10:53:06+00:00","og_image":[{"url":"https:\/\/saintpierre91.org\/cefop\/wp-content\/uploads\/10590-1024x731.jpg","type":"","width":"","height":""}],"twitter_card":"summary_large_image","twitter_misc":{"Dur\u00e9e de lecture estim\u00e9e":"1 minute"},"schema":{"@context":"https:\/\/schema.org","@graph":[{"@type":"WebPage","@id":"https:\/\/saintpierre91.org\/cefop\/plan-du-site\/","url":"https:\/\/saintpierre91.org\/cefop\/plan-du-site\/","name":"Plan du site - CEFOP Saint Pierre OF CFA","isPartOf":{"@id":"https:\/\/saintpierre91.org\/cefop\/#website"},"primaryImageOfPage":{"@id":"https:\/\/saintpierre91.org\/cefop\/plan-du-site\/#primaryimage"},"image":{"@id":"https:\/\/saintpierre91.org\/cefop\/plan-du-site\/#primaryimage"},"thumbnailUrl":"https:\/\/saintpierre91.org\/cefop\/wp-content\/uploads\/10590-1024x731.jpg","datePublished":"2020-11-25T09:44:00+00:00","dateModified":"2024-02-09T10:53:06+00:00","breadcrumb":{"@id":"https:\/\/saintpierre91.org\/cefop\/plan-du-site\/#breadcrumb"},"inLanguage":"fr-FR","potentialAction":[{"@type":"ReadAction","target":["https:\/\/saintpierre91.org\/cefop\/plan-du-site\/"]}]},{"@type":"ImageObject","inLanguage":"fr-FR","@id":"https:\/\/saintpierre91.org\/cefop\/plan-du-site\/#primaryimage","url":"https:\/\/saintpierre91.org\/cefop\/wp-content\/uploads\/10590-scaled.jpg","contentUrl":"https:\/\/saintpierre91.org\/cefop\/wp-content\/uploads\/10590-scaled.jpg","width":2560,"height":1829,"caption":"Digital marketing team constructing landing or home page. Tiny people painting units on webpage. Vector illustration for website designers, content managers, internet promotion concept"},{"@type":"BreadcrumbList","@id":"https:\/\/saintpierre91.org\/cefop\/plan-du-site\/#breadcrumb","itemListElement":[{"@type":"ListItem","position":1,"name":"Accueil","item":"https:\/\/saintpierre91.org\/cefop\/"},{"@type":"ListItem","position":2,"name":"Plan du site"}]},{"@type":"WebSite","@id":"https:\/\/saintpierre91.org\/cefop\/#website","url":"https:\/\/saintpierre91.org\/cefop\/","name":"CEFOP Saint Pierre OF CFA","description":"Le  CEFOP Saint-Pierre a l\u2019ambition d\u2019accompagner l\u2019\u00e9volution des besoins et des m\u00e9tiers dans les secteurs de l\u2019h\u00f4tellerie, de la restauration, du tertiaire et du sanitaire et social en privil\u00e9giant des partenariats p\u00e9dagogiques de qualit\u00e9.","publisher":{"@id":"https:\/\/saintpierre91.org\/cefop\/#organization"},"potentialAction":[{"@type":"SearchAction","target":{"@type":"EntryPoint","urlTemplate":"https:\/\/saintpierre91.org\/cefop\/?s={search_term_string}"},"query-input":{"@type":"PropertyValueSpecification","valueRequired":true,"valueName":"search_term_string"}}],"inLanguage":"fr-FR"},{"@type":"Organization","@id":"https:\/\/saintpierre91.org\/cefop\/#organization","name":"CEFOP SAINT-PIERRE OF-CFA","url":"https:\/\/saintpierre91.org\/cefop\/","logo":{"@type":"ImageObject","inLanguage":"fr-FR","@id":"https:\/\/saintpierre91.org\/cefop\/#\/schema\/logo\/image\/","url":"https:\/\/saintpierre91.org\/cefop\/wp-content\/uploads\/2020\/11\/icone-01.png","contentUrl":"https:\/\/saintpierre91.org\/cefop\/wp-content\/uploads\/2020\/11\/icone-01.png","width":512,"height":512,"caption":"CEFOP SAINT-PIERRE OF-CFA"},"image":{"@id":"https:\/\/saintpierre91.org\/cefop\/#\/schema\/logo\/image\/"}}]}},"_links":{"self":[{"href":"https:\/\/saintpierre91.org\/cefop\/wp-json\/wp\/v2\/pages\/757","targetHints":{"allow":["GET"]}}],"collection":[{"href":"https:\/\/saintpierre91.org\/cefop\/wp-json\/wp\/v2\/pages"}],"about":[{"href":"https:\/\/saintpierre91.org\/cefop\/wp-json\/wp\/v2\/types\/page"}],"author":[{"embeddable":true,"href":"https:\/\/saintpierre91.org\/cefop\/wp-json\/wp\/v2\/users\/1"}],"replies":[{"embeddable":true,"href":"https:\/\/saintpierre91.org\/cefop\/wp-json\/wp\/v2\/comments?post=757"}],"version-history":[{"count":23,"href":"https:\/\/saintpierre91.org\/cefop\/wp-json\/wp\/v2\/pages\/757\/revisions"}],"predecessor-version":[{"id":4693,"href":"https:\/\/saintpierre91.org\/cefop\/wp-json\/wp\/v2\/pages\/757\/revisions\/4693"}],"wp:attachment":[{"href":"https:\/\/saintpierre91.org\/cefop\/wp-json\/wp\/v2\/media?parent=757"}],"curies":[{"name":"wp","href":"https:\/\/api.w.org\/{rel}","templated":true}]}}