{"id":831,"date":"2021-01-14T14:10:14","date_gmt":"2021-01-14T13:10:14","guid":{"rendered":"https:\/\/saintpierre91.org\/-cfa\/?page_id=831"},"modified":"2025-10-17T13:58:28","modified_gmt":"2025-10-17T11:58:28","slug":"listes-des-formations","status":"publish","type":"page","link":"https:\/\/saintpierre91.org\/cefop\/formations-en-alternance\/listes-des-formations\/","title":{"rendered":"Listes des formations"},"content":{"rendered":"\t\t<div data-elementor-type=\"wp-page\" data-elementor-id=\"831\" class=\"elementor elementor-831\">\n\t\t\t\t\t\t<section class=\"elementor-section elementor-top-section elementor-element elementor-element-eb6118a elementor-section-boxed elementor-section-height-default elementor-section-height-default\" data-id=\"eb6118a\" data-element_type=\"section\">\n\t\t\t\t\t\t<div class=\"elementor-container elementor-column-gap-default\">\n\t\t\t\t\t<div class=\"elementor-column elementor-col-100 elementor-top-column elementor-element elementor-element-c40ae27\" data-id=\"c40ae27\" data-element_type=\"column\">\n\t\t\t<div class=\"elementor-widget-wrap elementor-element-populated\">\n\t\t\t\t\t\t<div class=\"elementor-element elementor-element-4519ec9 animated-fast titre-degrade-forme elementor-invisible elementor-widget elementor-widget-heading\" data-id=\"4519ec9\" data-element_type=\"widget\" data-settings=\"{&quot;_animation&quot;:&quot;fadeIn&quot;}\" data-widget_type=\"heading.default\">\n\t\t\t\t<div class=\"elementor-widget-container\">\n\t\t\t\t\t<h2 class=\"elementor-heading-title elementor-size-default\">Nos formations<\/h2>\t\t\t\t<\/div>\n\t\t\t\t<\/div>\n\t\t\t\t<section class=\"elementor-section elementor-inner-section elementor-element elementor-element-58290f2 elementor-section-boxed elementor-section-height-default elementor-section-height-default\" data-id=\"58290f2\" data-element_type=\"section\">\n\t\t\t\t\t\t<div class=\"elementor-container elementor-column-gap-default\">\n\t\t\t\t\t<div class=\"elementor-column elementor-col-50 elementor-inner-column elementor-element elementor-element-c756c09\" data-id=\"c756c09\" data-element_type=\"column\">\n\t\t\t<div class=\"elementor-widget-wrap elementor-element-populated\">\n\t\t\t\t\t\t<div class=\"elementor-element elementor-element-e8647d2 elementor-widget elementor-widget-text-editor\" data-id=\"e8647d2\" data-element_type=\"widget\" data-widget_type=\"text-editor.default\">\n\t\t\t\t<div class=\"elementor-widget-container\">\n\t\t\t\t\t\t\t\t\t<h3>C.A.P<\/h3>\n<ul>\n<li><a href=\"https:\/\/saintpierre91.org\/cefop\/cap-aepe\">CAP AEPE<\/a> (Accompagnant \u00e9ducatif petite enfance)<\/li>\n<\/ul>\t\t\t\t\t\t\t\t<\/div>\n\t\t\t\t<\/div>\n\t\t\t\t\t<\/div>\n\t\t<\/div>\n\t\t\t\t<div class=\"elementor-column elementor-col-50 elementor-inner-column elementor-element elementor-element-c7e19b2\" data-id=\"c7e19b2\" data-element_type=\"column\">\n\t\t\t<div class=\"elementor-widget-wrap elementor-element-populated\">\n\t\t\t\t\t\t<div class=\"elementor-element elementor-element-e30e390 elementor-widget elementor-widget-text-editor\" data-id=\"e30e390\" data-element_type=\"widget\" data-widget_type=\"text-editor.default\">\n\t\t\t\t<div class=\"elementor-widget-container\">\n\t\t\t\t\t\t\t\t\t<h3>BTS<\/h3>\n<p><!-- \/wp:heading -->\n\n\n<ul>\n<li><a href=\"https:\/\/saintpierre91.org\/cefop\/bts-mco-management-commercial-operationnel\">BTS Management Commercial Op\u00e9rationnel<\/a><\/li>\n<li><a href=\"https:\/\/saintpierre91.org\/cefop\/tertiaire\/bts-ndrc-negociation-et-digitalisation-de-la-relation-client\/\">BTS NDRC : N\u00e9gociation et Digitalisation de la Relation Client<\/a><\/li>\n<li><a href=\"https:\/\/saintpierre91.org\/cefop\/bts-professions-immobilieres\">BTS Professions Immobili\u00e8res<\/a><\/li>\n<li><a href=\"https:\/\/saintpierre91.org\/cefop\/bts-support-a-laction-manageriale\">BTS Support \u00e0 l\u2019Action Manag\u00e9riale<\/a><\/li>\n<\/ul>\n<h3>BACHELORS<\/h3>\n<ul>\n<li><a href=\"https:\/\/saintpierre91.org\/cefop\/bachelor-charge-communication\/\">BACHELOR Charg\u00e9(e) de communication<\/a><\/li>\n<li><a href=\"https:\/\/saintpierre91.org\/cefop\/bachelor-charge-de-recrutement-et-conseils-en-ressources-humaines\/\">BACHELOR Charg\u00e9 de recrutement et conseils en ressources humaines<\/a><\/li>\n<li><a href=\"https:\/\/saintpierre91.org\/cefop\/bachelor-responsable-du-developpement-commercial\/\">BACHELOR Responsable du d\u00e9veloppement commercial<\/a><\/li>\n<\/ul>\n<h3>LICENCE<\/h3>\n<ul>\n<li><a href=\"https:\/\/saintpierre91.org\/cefop\/licence-professionnelle-entrepreneuriat-reprenariat-et-intraprenariat\/\">Licence Professionnelle : Entrepreneuriat, reprenariat et intraprenariat<\/a><\/li>\n<\/ul>\n\n\t\t\t\t\t\t\t\t<\/div>\n\t\t\t\t<\/div>\n\t\t\t\t\t<\/div>\n\t\t<\/div>\n\t\t\t\t\t<\/div>\n\t\t<\/section>\n\t\t\t\t\t<\/div>\n\t\t<\/div>\n\t\t\t\t\t<\/div>\n\t\t<\/section>\n\t\t\t\t<section class=\"elementor-section elementor-top-section elementor-element elementor-element-45058c1 elementor-section-boxed elementor-section-height-default elementor-section-height-default\" data-id=\"45058c1\" data-element_type=\"section\">\n\t\t\t\t\t\t<div class=\"elementor-container elementor-column-gap-default\">\n\t\t\t\t\t<div class=\"elementor-column elementor-col-100 elementor-top-column elementor-element elementor-element-f4ac542\" data-id=\"f4ac542\" data-element_type=\"column\">\n\t\t\t<div class=\"elementor-widget-wrap elementor-element-populated\">\n\t\t\t\t\t\t<div class=\"elementor-element elementor-element-95d5323 elementor-widget elementor-widget-spacer\" data-id=\"95d5323\" data-element_type=\"widget\" data-widget_type=\"spacer.default\">\n\t\t\t\t<div class=\"elementor-widget-container\">\n\t\t\t\t\t\t\t<div class=\"elementor-spacer\">\n\t\t\t<div class=\"elementor-spacer-inner\"><\/div>\n\t\t<\/div>\n\t\t\t\t\t\t<\/div>\n\t\t\t\t<\/div>\n\t\t\t\t\t<\/div>\n\t\t<\/div>\n\t\t\t\t\t<\/div>\n\t\t<\/section>\n\t\t\t\t<\/div>\n\t\t","protected":false},"excerpt":{"rendered":"<p>Nos formations C.A.P CAP AEPE (Accompagnant \u00e9ducatif petite enfance) BTS BTS Management Commercial Op\u00e9rationnel BTS NDRC : N\u00e9gociation et Digitalisation de la Relation Client BTS Professions Immobili\u00e8res BTS Support \u00e0 l\u2019Action Manag\u00e9riale BACHELORS BACHELOR Charg\u00e9(e) de communication BACHELOR Charg\u00e9 de recrutement et conseils en ressources humaines BACHELOR Responsable du d\u00e9veloppement commercial LICENCE Licence Professionnelle :&#8230;<\/p>\n","protected":false},"author":1,"featured_media":0,"parent":36,"menu_order":0,"comment_status":"closed","ping_status":"closed","template":"","meta":{"_kad_post_transparent":"","_kad_post_title":"","_kad_post_layout":"","_kad_post_sidebar_id":"","_kad_post_content_style":"","_kad_post_vertical_padding":"","_kad_post_feature":"","_kad_post_feature_position":"","_kad_post_header":false,"_kad_post_footer":false,"cybocfi_hide_featured_image":"","footnotes":""},"class_list":["post-831","page","type-page","status-publish","hentry"],"yoast_head":"<!-- This site is optimized with the Yoast SEO plugin v25.3.1 - https:\/\/yoast.com\/wordpress\/plugins\/seo\/ -->\n<title>Listes des formations - CEFOP Saint Pierre OF CFA<\/title>\n<meta name=\"robots\" content=\"index, follow, max-snippet:-1, max-image-preview:large, max-video-preview:-1\" \/>\n<link rel=\"canonical\" href=\"https:\/\/saintpierre91.org\/cefop\/formations-en-alternance\/listes-des-formations\/\" \/>\n<meta property=\"og:locale\" content=\"fr_FR\" \/>\n<meta property=\"og:type\" content=\"article\" \/>\n<meta property=\"og:title\" content=\"Listes des formations - CEFOP Saint Pierre OF CFA\" \/>\n<meta property=\"og:description\" content=\"Nos formations C.A.P CAP AEPE (Accompagnant \u00e9ducatif petite enfance) BTS BTS Management Commercial Op\u00e9rationnel BTS NDRC : N\u00e9gociation et Digitalisation de la Relation Client BTS Professions Immobili\u00e8res BTS Support \u00e0 l\u2019Action Manag\u00e9riale BACHELORS BACHELOR Charg\u00e9(e) de communication BACHELOR Charg\u00e9 de recrutement et conseils en ressources humaines BACHELOR Responsable du d\u00e9veloppement commercial LICENCE Licence Professionnelle :...\" \/>\n<meta property=\"og:url\" content=\"https:\/\/saintpierre91.org\/cefop\/formations-en-alternance\/listes-des-formations\/\" \/>\n<meta property=\"og:site_name\" content=\"CEFOP Saint Pierre OF CFA\" \/>\n<meta property=\"article:modified_time\" content=\"2025-10-17T11:58:28+00:00\" \/>\n<meta name=\"twitter:card\" content=\"summary_large_image\" \/>\n<meta name=\"twitter:label1\" content=\"Dur\u00e9e de lecture estim\u00e9e\" \/>\n\t<meta name=\"twitter:data1\" content=\"1 minute\" \/>\n<script type=\"application\/ld+json\" class=\"yoast-schema-graph\">{\"@context\":\"https:\/\/schema.org\",\"@graph\":[{\"@type\":\"WebPage\",\"@id\":\"https:\/\/saintpierre91.org\/cefop\/formations-en-alternance\/listes-des-formations\/\",\"url\":\"https:\/\/saintpierre91.org\/cefop\/formations-en-alternance\/listes-des-formations\/\",\"name\":\"Listes des formations - CEFOP Saint Pierre OF CFA\",\"isPartOf\":{\"@id\":\"https:\/\/saintpierre91.org\/cefop\/#website\"},\"datePublished\":\"2021-01-14T13:10:14+00:00\",\"dateModified\":\"2025-10-17T11:58:28+00:00\",\"breadcrumb\":{\"@id\":\"https:\/\/saintpierre91.org\/cefop\/formations-en-alternance\/listes-des-formations\/#breadcrumb\"},\"inLanguage\":\"fr-FR\",\"potentialAction\":[{\"@type\":\"ReadAction\",\"target\":[\"https:\/\/saintpierre91.org\/cefop\/formations-en-alternance\/listes-des-formations\/\"]}]},{\"@type\":\"BreadcrumbList\",\"@id\":\"https:\/\/saintpierre91.org\/cefop\/formations-en-alternance\/listes-des-formations\/#breadcrumb\",\"itemListElement\":[{\"@type\":\"ListItem\",\"position\":1,\"name\":\"Accueil\",\"item\":\"https:\/\/saintpierre91.org\/cefop\/\"},{\"@type\":\"ListItem\",\"position\":2,\"name\":\"Formations en alternance\",\"item\":\"https:\/\/saintpierre91.org\/cefop\/formations-en-alternance\/\"},{\"@type\":\"ListItem\",\"position\":3,\"name\":\"Listes des formations\"}]},{\"@type\":\"WebSite\",\"@id\":\"https:\/\/saintpierre91.org\/cefop\/#website\",\"url\":\"https:\/\/saintpierre91.org\/cefop\/\",\"name\":\"CEFOP Saint Pierre OF CFA\",\"description\":\"Le  CEFOP Saint-Pierre a l\u2019ambition d\u2019accompagner l\u2019\u00e9volution des besoins et des m\u00e9tiers dans les secteurs de l\u2019h\u00f4tellerie, de la restauration, du tertiaire et du sanitaire et social en privil\u00e9giant des partenariats p\u00e9dagogiques de qualit\u00e9.\",\"publisher\":{\"@id\":\"https:\/\/saintpierre91.org\/cefop\/#organization\"},\"potentialAction\":[{\"@type\":\"SearchAction\",\"target\":{\"@type\":\"EntryPoint\",\"urlTemplate\":\"https:\/\/saintpierre91.org\/cefop\/?s={search_term_string}\"},\"query-input\":{\"@type\":\"PropertyValueSpecification\",\"valueRequired\":true,\"valueName\":\"search_term_string\"}}],\"inLanguage\":\"fr-FR\"},{\"@type\":\"Organization\",\"@id\":\"https:\/\/saintpierre91.org\/cefop\/#organization\",\"name\":\"CEFOP SAINT-PIERRE OF-CFA\",\"url\":\"https:\/\/saintpierre91.org\/cefop\/\",\"logo\":{\"@type\":\"ImageObject\",\"inLanguage\":\"fr-FR\",\"@id\":\"https:\/\/saintpierre91.org\/cefop\/#\/schema\/logo\/image\/\",\"url\":\"https:\/\/saintpierre91.org\/cefop\/wp-content\/uploads\/2020\/11\/icone-01.png\",\"contentUrl\":\"https:\/\/saintpierre91.org\/cefop\/wp-content\/uploads\/2020\/11\/icone-01.png\",\"width\":512,\"height\":512,\"caption\":\"CEFOP SAINT-PIERRE OF-CFA\"},\"image\":{\"@id\":\"https:\/\/saintpierre91.org\/cefop\/#\/schema\/logo\/image\/\"}}]}<\/script>\n<!-- \/ Yoast SEO plugin. -->","yoast_head_json":{"title":"Listes des formations - CEFOP Saint Pierre OF CFA","robots":{"index":"index","follow":"follow","max-snippet":"max-snippet:-1","max-image-preview":"max-image-preview:large","max-video-preview":"max-video-preview:-1"},"canonical":"https:\/\/saintpierre91.org\/cefop\/formations-en-alternance\/listes-des-formations\/","og_locale":"fr_FR","og_type":"article","og_title":"Listes des formations - CEFOP Saint Pierre OF CFA","og_description":"Nos formations C.A.P CAP AEPE (Accompagnant \u00e9ducatif petite enfance) BTS BTS Management Commercial Op\u00e9rationnel BTS NDRC : N\u00e9gociation et Digitalisation de la Relation Client BTS Professions Immobili\u00e8res BTS Support \u00e0 l\u2019Action Manag\u00e9riale BACHELORS BACHELOR Charg\u00e9(e) de communication BACHELOR Charg\u00e9 de recrutement et conseils en ressources humaines BACHELOR Responsable du d\u00e9veloppement commercial LICENCE Licence Professionnelle :...","og_url":"https:\/\/saintpierre91.org\/cefop\/formations-en-alternance\/listes-des-formations\/","og_site_name":"CEFOP Saint Pierre OF CFA","article_modified_time":"2025-10-17T11:58:28+00:00","twitter_card":"summary_large_image","twitter_misc":{"Dur\u00e9e de lecture estim\u00e9e":"1 minute"},"schema":{"@context":"https:\/\/schema.org","@graph":[{"@type":"WebPage","@id":"https:\/\/saintpierre91.org\/cefop\/formations-en-alternance\/listes-des-formations\/","url":"https:\/\/saintpierre91.org\/cefop\/formations-en-alternance\/listes-des-formations\/","name":"Listes des formations - CEFOP Saint Pierre OF CFA","isPartOf":{"@id":"https:\/\/saintpierre91.org\/cefop\/#website"},"datePublished":"2021-01-14T13:10:14+00:00","dateModified":"2025-10-17T11:58:28+00:00","breadcrumb":{"@id":"https:\/\/saintpierre91.org\/cefop\/formations-en-alternance\/listes-des-formations\/#breadcrumb"},"inLanguage":"fr-FR","potentialAction":[{"@type":"ReadAction","target":["https:\/\/saintpierre91.org\/cefop\/formations-en-alternance\/listes-des-formations\/"]}]},{"@type":"BreadcrumbList","@id":"https:\/\/saintpierre91.org\/cefop\/formations-en-alternance\/listes-des-formations\/#breadcrumb","itemListElement":[{"@type":"ListItem","position":1,"name":"Accueil","item":"https:\/\/saintpierre91.org\/cefop\/"},{"@type":"ListItem","position":2,"name":"Formations en alternance","item":"https:\/\/saintpierre91.org\/cefop\/formations-en-alternance\/"},{"@type":"ListItem","position":3,"name":"Listes des formations"}]},{"@type":"WebSite","@id":"https:\/\/saintpierre91.org\/cefop\/#website","url":"https:\/\/saintpierre91.org\/cefop\/","name":"CEFOP Saint Pierre OF CFA","description":"Le  CEFOP Saint-Pierre a l\u2019ambition d\u2019accompagner l\u2019\u00e9volution des besoins et des m\u00e9tiers dans les secteurs de l\u2019h\u00f4tellerie, de la restauration, du tertiaire et du sanitaire et social en privil\u00e9giant des partenariats p\u00e9dagogiques de qualit\u00e9.","publisher":{"@id":"https:\/\/saintpierre91.org\/cefop\/#organization"},"potentialAction":[{"@type":"SearchAction","target":{"@type":"EntryPoint","urlTemplate":"https:\/\/saintpierre91.org\/cefop\/?s={search_term_string}"},"query-input":{"@type":"PropertyValueSpecification","valueRequired":true,"valueName":"search_term_string"}}],"inLanguage":"fr-FR"},{"@type":"Organization","@id":"https:\/\/saintpierre91.org\/cefop\/#organization","name":"CEFOP SAINT-PIERRE OF-CFA","url":"https:\/\/saintpierre91.org\/cefop\/","logo":{"@type":"ImageObject","inLanguage":"fr-FR","@id":"https:\/\/saintpierre91.org\/cefop\/#\/schema\/logo\/image\/","url":"https:\/\/saintpierre91.org\/cefop\/wp-content\/uploads\/2020\/11\/icone-01.png","contentUrl":"https:\/\/saintpierre91.org\/cefop\/wp-content\/uploads\/2020\/11\/icone-01.png","width":512,"height":512,"caption":"CEFOP SAINT-PIERRE OF-CFA"},"image":{"@id":"https:\/\/saintpierre91.org\/cefop\/#\/schema\/logo\/image\/"}}]}},"_links":{"self":[{"href":"https:\/\/saintpierre91.org\/cefop\/wp-json\/wp\/v2\/pages\/831","targetHints":{"allow":["GET"]}}],"collection":[{"href":"https:\/\/saintpierre91.org\/cefop\/wp-json\/wp\/v2\/pages"}],"about":[{"href":"https:\/\/saintpierre91.org\/cefop\/wp-json\/wp\/v2\/types\/page"}],"author":[{"embeddable":true,"href":"https:\/\/saintpierre91.org\/cefop\/wp-json\/wp\/v2\/users\/1"}],"replies":[{"embeddable":true,"href":"https:\/\/saintpierre91.org\/cefop\/wp-json\/wp\/v2\/comments?post=831"}],"version-history":[{"count":176,"href":"https:\/\/saintpierre91.org\/cefop\/wp-json\/wp\/v2\/pages\/831\/revisions"}],"predecessor-version":[{"id":6808,"href":"https:\/\/saintpierre91.org\/cefop\/wp-json\/wp\/v2\/pages\/831\/revisions\/6808"}],"up":[{"embeddable":true,"href":"https:\/\/saintpierre91.org\/cefop\/wp-json\/wp\/v2\/pages\/36"}],"wp:attachment":[{"href":"https:\/\/saintpierre91.org\/cefop\/wp-json\/wp\/v2\/media?parent=831"}],"curies":[{"name":"wp","href":"https:\/\/api.w.org\/{rel}","templated":true}]}}