{"id":850,"date":"2021-01-14T14:19:44","date_gmt":"2021-01-14T13:19:44","guid":{"rendered":"https:\/\/saintpierre91.org\/-cfa\/?page_id=850"},"modified":"2025-09-01T10:52:07","modified_gmt":"2025-09-01T08:52:07","slug":"le-contrat-de-professionnalisation","status":"publish","type":"page","link":"https:\/\/saintpierre91.org\/cefop\/espace-alternant\/le-contrat-de-professionnalisation\/","title":{"rendered":"Le contrat de professionnalisation"},"content":{"rendered":"\t\t<div data-elementor-type=\"wp-page\" data-elementor-id=\"850\" class=\"elementor elementor-850\">\n\t\t\t\t\t\t<section class=\"elementor-section elementor-top-section elementor-element elementor-element-75e648a elementor-section-boxed elementor-section-height-default elementor-section-height-default\" data-id=\"75e648a\" data-element_type=\"section\">\n\t\t\t\t\t\t<div class=\"elementor-container elementor-column-gap-default\">\n\t\t\t\t\t<div class=\"elementor-column elementor-col-100 elementor-top-column elementor-element elementor-element-a95d2f7\" data-id=\"a95d2f7\" data-element_type=\"column\">\n\t\t\t<div class=\"elementor-widget-wrap elementor-element-populated\">\n\t\t\t\t\t\t<div class=\"elementor-element elementor-element-b747691 animated-fast titre-degrade-forme elementor-invisible elementor-widget elementor-widget-heading\" data-id=\"b747691\" data-element_type=\"widget\" data-settings=\"{&quot;_animation&quot;:&quot;fadeIn&quot;}\" data-widget_type=\"heading.default\">\n\t\t\t\t<div class=\"elementor-widget-container\">\n\t\t\t\t\t<h2 class=\"elementor-heading-title elementor-size-default\">Le contrat de professionnalisation<\/h2>\t\t\t\t<\/div>\n\t\t\t\t<\/div>\n\t\t\t\t\t<\/div>\n\t\t<\/div>\n\t\t\t\t\t<\/div>\n\t\t<\/section>\n\t\t\t\t<section class=\"elementor-section elementor-top-section elementor-element elementor-element-55bd498e elementor-section-boxed elementor-section-height-default elementor-section-height-default\" data-id=\"55bd498e\" data-element_type=\"section\">\n\t\t\t\t\t\t<div class=\"elementor-container elementor-column-gap-default\">\n\t\t\t\t\t<div class=\"elementor-column elementor-col-100 elementor-top-column elementor-element elementor-element-479e30b2\" data-id=\"479e30b2\" data-element_type=\"column\">\n\t\t\t<div class=\"elementor-widget-wrap elementor-element-populated\">\n\t\t\t\t\t\t<div class=\"elementor-element elementor-element-6a78af00 elementor-widget elementor-widget-text-editor\" data-id=\"6a78af00\" data-element_type=\"widget\" data-widget_type=\"text-editor.default\">\n\t\t\t\t<div class=\"elementor-widget-container\">\n\t\t\t\t\t\t\t\t\t<h3>POUR QUI ?<\/h3>\n<!-- \/wp:heading --><!-- wp:list -->\n<ul><!-- wp:list-item -->\n<li>Tout jeune \u00e2g\u00e9 d\u2019au moins 15 ans ayant satisfait \u00e0 l&rsquo;obligation scolaire.<\/li>\n<!-- \/wp:list-item --><!-- wp:list-item -->\n<li>Toute entreprise relevant du secteur artisanal, commercial, industriel ou associatif, priv\u00e9e ou publique.<\/li>\n<!-- \/wp:list-item --><\/ul>\n<!-- \/wp:list --><!-- wp:heading -->\n<h3 class=\"wp-block-heading\">Qu&rsquo;est-ce que c&rsquo;est ?<\/h3>\n<!-- \/wp:heading --><!-- wp:paragraph -->\n<p>Le contrat de professionnalisation est un contrat de travail conclu entre un employeur et un salari\u00e9. Il permet l\u2019acquisition \u2013 dans le cadre de la formation continue \u2013 d\u2019une qualification professionnelle (dipl\u00f4me, titre, certificat de qualification professionnelle\u2026) reconnue par l\u2019\u00c9tat et\/ou la branche professionnelle.<br \/>L\u2019objectif est l\u2019insertion ou le retour \u00e0 l\u2019emploi des jeunes et des adultes.<\/p>\n<!-- \/wp:paragraph --><!-- wp:paragraph -->\n<p>Le contrat de professionnalisation est un contrat de travail \u00e9crit de type particulier \u00e9tabli sur un formulaire type sign\u00e9 par l&#8217;employeur et l&rsquo;alternant (ou son repr\u00e9sentant l\u00e9gal). La dur\u00e9e du contrat varie de 6 mois \u00e0 3 ans (en g\u00e9n\u00e9ral 2 ans) en fonction du type de profession et du niveau de qualification.<\/p>\n<!-- \/wp:paragraph --><!-- wp:paragraph -->\n<p>Avec le contrat le planning de la formation annuelle est annex\u00e9, avec un exemplaire pour l\u2019employeur et un pour l\u2019apprenti.<\/p>\n<!-- \/wp:paragraph --><!-- wp:heading {\"align\":\"center\"} -->\n<h3 id=\"remuneration\" class=\"wp-block-heading\">R\u00e9mun\u00e9ration<\/h3>\n<!-- \/wp:heading --><!-- wp:paragraph {\"align\":\"center\"} -->\n<p class=\"has-text-align-center\" style=\"text-align: left;\">Suite \u00e0 la hausse du Smic au 1<sup>er<\/sup> janvier 2025, son montant mensuel brut s\u2019\u00e9l\u00e8ve \u00e0 1801,80 euros et la r\u00e9mun\u00e9ration des alternants en contrat pro a m\u00e9caniquement augment\u00e9 pour s\u2019\u00e9tablir comme suit :<\/p>\n<!-- \/wp:paragraph --><!-- wp:table -->\n<figure class=\"wp-block-table\">\n<table>\n<tbody>\n<tr>\n<td><strong>SITUATION<\/strong><\/td>\n<td><strong>16\u201320\u00a0ANS<\/strong><\/td>\n<td><strong>21\u201325\u00a0ANS<\/strong><\/td>\n<td><strong>26\u00a0ANS ET PLUS<\/strong><\/td>\n<\/tr>\n<tr>\n<td>Sans qualification ou avec un dipl\u00f4me ou titre inf\u00e9rieur au bac professionnel<\/td>\n<td>55\u00a0% du SMIC\u00a0<\/td>\n<td>70\u00a0% du SMIC\u00a0<\/td>\n<td>100\u00a0% du SMIC\u00a0<\/td>\n<\/tr>\n<tr>\n<td>Avec un dipl\u00f4me ou titre de niveau bac professionnel ou plus<\/td>\n<td>65\u00a0% du SMIC\u00a0<\/td>\n<td>80\u00a0% du SMIC\u00a0<\/td>\n<td>100\u00a0% du SMIC\u00a0<\/td>\n<\/tr>\n<\/tbody>\n<\/table>\n<\/figure>\n<!-- \/wp:table --><!-- wp:html -->\n<div class=\"card bg-light\">\n<div class=\"card-body\">\n<p class=\"has-text-align-center\">Pour les alternants de plus de 26 ans, le salaire ne doit pas \u00eatre inf\u00e9rieur au SMIC mais \u00e9galement \u00e0 85% du salaire minimum conventionnel (SMC) applicable suivant la convention collective de l\u2019entreprise (si existante).<\/p>\n<\/div>\n<\/div>\n<!-- \/wp:html -->\t\t\t\t\t\t\t\t<\/div>\n\t\t\t\t<\/div>\n\t\t\t\t\t<\/div>\n\t\t<\/div>\n\t\t\t\t\t<\/div>\n\t\t<\/section>\n\t\t\t\t<section class=\"elementor-section elementor-top-section elementor-element elementor-element-83f9f47 elementor-section-boxed elementor-section-height-default elementor-section-height-default\" data-id=\"83f9f47\" data-element_type=\"section\">\n\t\t\t\t\t\t<div class=\"elementor-container elementor-column-gap-default\">\n\t\t\t\t\t<div class=\"elementor-column elementor-col-100 elementor-top-column elementor-element elementor-element-3e2211e\" data-id=\"3e2211e\" data-element_type=\"column\">\n\t\t\t<div class=\"elementor-widget-wrap elementor-element-populated\">\n\t\t\t\t\t\t<div class=\"elementor-element elementor-element-182e88a elementor-align-center elementor-widget elementor-widget-button\" data-id=\"182e88a\" data-element_type=\"widget\" data-widget_type=\"button.default\">\n\t\t\t\t<div class=\"elementor-widget-container\">\n\t\t\t\t\t\t\t\t\t<div class=\"elementor-button-wrapper\">\n\t\t\t\t\t<a class=\"elementor-button elementor-button-link elementor-size-sm\" href=\"https:\/\/www.service-public.fr\/particuliers\/vosdroits\/F15478\">\n\t\t\t\t\t\t<span class=\"elementor-button-content-wrapper\">\n\t\t\t\t\t\t\t\t\t<span class=\"elementor-button-text\">Plus d'informations sur le site du service public<\/span>\n\t\t\t\t\t<\/span>\n\t\t\t\t\t<\/a>\n\t\t\t\t<\/div>\n\t\t\t\t\t\t\t\t<\/div>\n\t\t\t\t<\/div>\n\t\t\t\t\t<\/div>\n\t\t<\/div>\n\t\t\t\t\t<\/div>\n\t\t<\/section>\n\t\t\t\t<\/div>\n\t\t","protected":false},"excerpt":{"rendered":"<p>Le contrat de professionnalisation POUR QUI ? Tout jeune \u00e2g\u00e9 d\u2019au moins 15 ans ayant satisfait \u00e0 l&rsquo;obligation scolaire. Toute entreprise relevant du secteur artisanal, commercial, industriel ou associatif, priv\u00e9e ou publique. Qu&rsquo;est-ce que c&rsquo;est ? Le contrat de professionnalisation est un contrat de travail conclu entre un employeur et un salari\u00e9. Il permet l\u2019acquisition&#8230;<\/p>\n","protected":false},"author":1,"featured_media":0,"parent":838,"menu_order":0,"comment_status":"closed","ping_status":"closed","template":"","meta":{"_kad_post_transparent":"","_kad_post_title":"","_kad_post_layout":"","_kad_post_sidebar_id":"","_kad_post_content_style":"","_kad_post_vertical_padding":"","_kad_post_feature":"","_kad_post_feature_position":"","_kad_post_header":false,"_kad_post_footer":false,"cybocfi_hide_featured_image":"","footnotes":""},"class_list":["post-850","page","type-page","status-publish","hentry"],"yoast_head":"<!-- This site is optimized with the Yoast SEO plugin v25.3.1 - https:\/\/yoast.com\/wordpress\/plugins\/seo\/ -->\n<title>Le contrat de professionnalisation - CEFOP Saint Pierre OF CFA<\/title>\n<meta name=\"robots\" content=\"index, follow, max-snippet:-1, max-image-preview:large, max-video-preview:-1\" \/>\n<link rel=\"canonical\" href=\"https:\/\/saintpierre91.org\/cefop\/espace-alternant\/le-contrat-de-professionnalisation\/\" \/>\n<meta property=\"og:locale\" content=\"fr_FR\" \/>\n<meta property=\"og:type\" content=\"article\" \/>\n<meta property=\"og:title\" content=\"Le contrat de professionnalisation - CEFOP Saint Pierre OF CFA\" \/>\n<meta property=\"og:description\" content=\"Le contrat de professionnalisation POUR QUI ? Tout jeune \u00e2g\u00e9 d\u2019au moins 15 ans ayant satisfait \u00e0 l&rsquo;obligation scolaire. Toute entreprise relevant du secteur artisanal, commercial, industriel ou associatif, priv\u00e9e ou publique. Qu&rsquo;est-ce que c&rsquo;est ? Le contrat de professionnalisation est un contrat de travail conclu entre un employeur et un salari\u00e9. Il permet l\u2019acquisition...\" \/>\n<meta property=\"og:url\" content=\"https:\/\/saintpierre91.org\/cefop\/espace-alternant\/le-contrat-de-professionnalisation\/\" \/>\n<meta property=\"og:site_name\" content=\"CEFOP Saint Pierre OF CFA\" \/>\n<meta property=\"article:modified_time\" content=\"2025-09-01T08:52:07+00:00\" \/>\n<meta name=\"twitter:card\" content=\"summary_large_image\" \/>\n<meta name=\"twitter:label1\" content=\"Dur\u00e9e de lecture estim\u00e9e\" \/>\n\t<meta name=\"twitter:data1\" content=\"2 minutes\" \/>\n<script type=\"application\/ld+json\" class=\"yoast-schema-graph\">{\"@context\":\"https:\/\/schema.org\",\"@graph\":[{\"@type\":\"WebPage\",\"@id\":\"https:\/\/saintpierre91.org\/cefop\/espace-alternant\/le-contrat-de-professionnalisation\/\",\"url\":\"https:\/\/saintpierre91.org\/cefop\/espace-alternant\/le-contrat-de-professionnalisation\/\",\"name\":\"Le contrat de professionnalisation - CEFOP Saint Pierre OF CFA\",\"isPartOf\":{\"@id\":\"https:\/\/saintpierre91.org\/cefop\/#website\"},\"datePublished\":\"2021-01-14T13:19:44+00:00\",\"dateModified\":\"2025-09-01T08:52:07+00:00\",\"breadcrumb\":{\"@id\":\"https:\/\/saintpierre91.org\/cefop\/espace-alternant\/le-contrat-de-professionnalisation\/#breadcrumb\"},\"inLanguage\":\"fr-FR\",\"potentialAction\":[{\"@type\":\"ReadAction\",\"target\":[\"https:\/\/saintpierre91.org\/cefop\/espace-alternant\/le-contrat-de-professionnalisation\/\"]}]},{\"@type\":\"BreadcrumbList\",\"@id\":\"https:\/\/saintpierre91.org\/cefop\/espace-alternant\/le-contrat-de-professionnalisation\/#breadcrumb\",\"itemListElement\":[{\"@type\":\"ListItem\",\"position\":1,\"name\":\"Accueil\",\"item\":\"https:\/\/saintpierre91.org\/cefop\/\"},{\"@type\":\"ListItem\",\"position\":2,\"name\":\"Espace Alternant\",\"item\":\"https:\/\/saintpierre91.org\/cefop\/espace-alternant\/\"},{\"@type\":\"ListItem\",\"position\":3,\"name\":\"Le contrat de professionnalisation\"}]},{\"@type\":\"WebSite\",\"@id\":\"https:\/\/saintpierre91.org\/cefop\/#website\",\"url\":\"https:\/\/saintpierre91.org\/cefop\/\",\"name\":\"CEFOP Saint Pierre OF CFA\",\"description\":\"Le  CEFOP Saint-Pierre a l\u2019ambition d\u2019accompagner l\u2019\u00e9volution des besoins et des m\u00e9tiers dans les secteurs de l\u2019h\u00f4tellerie, de la restauration, du tertiaire et du sanitaire et social en privil\u00e9giant des partenariats p\u00e9dagogiques de qualit\u00e9.\",\"publisher\":{\"@id\":\"https:\/\/saintpierre91.org\/cefop\/#organization\"},\"potentialAction\":[{\"@type\":\"SearchAction\",\"target\":{\"@type\":\"EntryPoint\",\"urlTemplate\":\"https:\/\/saintpierre91.org\/cefop\/?s={search_term_string}\"},\"query-input\":{\"@type\":\"PropertyValueSpecification\",\"valueRequired\":true,\"valueName\":\"search_term_string\"}}],\"inLanguage\":\"fr-FR\"},{\"@type\":\"Organization\",\"@id\":\"https:\/\/saintpierre91.org\/cefop\/#organization\",\"name\":\"CEFOP SAINT-PIERRE OF-CFA\",\"url\":\"https:\/\/saintpierre91.org\/cefop\/\",\"logo\":{\"@type\":\"ImageObject\",\"inLanguage\":\"fr-FR\",\"@id\":\"https:\/\/saintpierre91.org\/cefop\/#\/schema\/logo\/image\/\",\"url\":\"https:\/\/saintpierre91.org\/cefop\/wp-content\/uploads\/2020\/11\/icone-01.png\",\"contentUrl\":\"https:\/\/saintpierre91.org\/cefop\/wp-content\/uploads\/2020\/11\/icone-01.png\",\"width\":512,\"height\":512,\"caption\":\"CEFOP SAINT-PIERRE OF-CFA\"},\"image\":{\"@id\":\"https:\/\/saintpierre91.org\/cefop\/#\/schema\/logo\/image\/\"}}]}<\/script>\n<!-- \/ Yoast SEO plugin. -->","yoast_head_json":{"title":"Le contrat de professionnalisation - CEFOP Saint Pierre OF CFA","robots":{"index":"index","follow":"follow","max-snippet":"max-snippet:-1","max-image-preview":"max-image-preview:large","max-video-preview":"max-video-preview:-1"},"canonical":"https:\/\/saintpierre91.org\/cefop\/espace-alternant\/le-contrat-de-professionnalisation\/","og_locale":"fr_FR","og_type":"article","og_title":"Le contrat de professionnalisation - CEFOP Saint Pierre OF CFA","og_description":"Le contrat de professionnalisation POUR QUI ? Tout jeune \u00e2g\u00e9 d\u2019au moins 15 ans ayant satisfait \u00e0 l&rsquo;obligation scolaire. Toute entreprise relevant du secteur artisanal, commercial, industriel ou associatif, priv\u00e9e ou publique. Qu&rsquo;est-ce que c&rsquo;est ? Le contrat de professionnalisation est un contrat de travail conclu entre un employeur et un salari\u00e9. Il permet l\u2019acquisition...","og_url":"https:\/\/saintpierre91.org\/cefop\/espace-alternant\/le-contrat-de-professionnalisation\/","og_site_name":"CEFOP Saint Pierre OF CFA","article_modified_time":"2025-09-01T08:52:07+00:00","twitter_card":"summary_large_image","twitter_misc":{"Dur\u00e9e de lecture estim\u00e9e":"2 minutes"},"schema":{"@context":"https:\/\/schema.org","@graph":[{"@type":"WebPage","@id":"https:\/\/saintpierre91.org\/cefop\/espace-alternant\/le-contrat-de-professionnalisation\/","url":"https:\/\/saintpierre91.org\/cefop\/espace-alternant\/le-contrat-de-professionnalisation\/","name":"Le contrat de professionnalisation - CEFOP Saint Pierre OF CFA","isPartOf":{"@id":"https:\/\/saintpierre91.org\/cefop\/#website"},"datePublished":"2021-01-14T13:19:44+00:00","dateModified":"2025-09-01T08:52:07+00:00","breadcrumb":{"@id":"https:\/\/saintpierre91.org\/cefop\/espace-alternant\/le-contrat-de-professionnalisation\/#breadcrumb"},"inLanguage":"fr-FR","potentialAction":[{"@type":"ReadAction","target":["https:\/\/saintpierre91.org\/cefop\/espace-alternant\/le-contrat-de-professionnalisation\/"]}]},{"@type":"BreadcrumbList","@id":"https:\/\/saintpierre91.org\/cefop\/espace-alternant\/le-contrat-de-professionnalisation\/#breadcrumb","itemListElement":[{"@type":"ListItem","position":1,"name":"Accueil","item":"https:\/\/saintpierre91.org\/cefop\/"},{"@type":"ListItem","position":2,"name":"Espace Alternant","item":"https:\/\/saintpierre91.org\/cefop\/espace-alternant\/"},{"@type":"ListItem","position":3,"name":"Le contrat de professionnalisation"}]},{"@type":"WebSite","@id":"https:\/\/saintpierre91.org\/cefop\/#website","url":"https:\/\/saintpierre91.org\/cefop\/","name":"CEFOP Saint Pierre OF CFA","description":"Le  CEFOP Saint-Pierre a l\u2019ambition d\u2019accompagner l\u2019\u00e9volution des besoins et des m\u00e9tiers dans les secteurs de l\u2019h\u00f4tellerie, de la restauration, du tertiaire et du sanitaire et social en privil\u00e9giant des partenariats p\u00e9dagogiques de qualit\u00e9.","publisher":{"@id":"https:\/\/saintpierre91.org\/cefop\/#organization"},"potentialAction":[{"@type":"SearchAction","target":{"@type":"EntryPoint","urlTemplate":"https:\/\/saintpierre91.org\/cefop\/?s={search_term_string}"},"query-input":{"@type":"PropertyValueSpecification","valueRequired":true,"valueName":"search_term_string"}}],"inLanguage":"fr-FR"},{"@type":"Organization","@id":"https:\/\/saintpierre91.org\/cefop\/#organization","name":"CEFOP SAINT-PIERRE OF-CFA","url":"https:\/\/saintpierre91.org\/cefop\/","logo":{"@type":"ImageObject","inLanguage":"fr-FR","@id":"https:\/\/saintpierre91.org\/cefop\/#\/schema\/logo\/image\/","url":"https:\/\/saintpierre91.org\/cefop\/wp-content\/uploads\/2020\/11\/icone-01.png","contentUrl":"https:\/\/saintpierre91.org\/cefop\/wp-content\/uploads\/2020\/11\/icone-01.png","width":512,"height":512,"caption":"CEFOP SAINT-PIERRE OF-CFA"},"image":{"@id":"https:\/\/saintpierre91.org\/cefop\/#\/schema\/logo\/image\/"}}]}},"_links":{"self":[{"href":"https:\/\/saintpierre91.org\/cefop\/wp-json\/wp\/v2\/pages\/850","targetHints":{"allow":["GET"]}}],"collection":[{"href":"https:\/\/saintpierre91.org\/cefop\/wp-json\/wp\/v2\/pages"}],"about":[{"href":"https:\/\/saintpierre91.org\/cefop\/wp-json\/wp\/v2\/types\/page"}],"author":[{"embeddable":true,"href":"https:\/\/saintpierre91.org\/cefop\/wp-json\/wp\/v2\/users\/1"}],"replies":[{"embeddable":true,"href":"https:\/\/saintpierre91.org\/cefop\/wp-json\/wp\/v2\/comments?post=850"}],"version-history":[{"count":40,"href":"https:\/\/saintpierre91.org\/cefop\/wp-json\/wp\/v2\/pages\/850\/revisions"}],"predecessor-version":[{"id":6207,"href":"https:\/\/saintpierre91.org\/cefop\/wp-json\/wp\/v2\/pages\/850\/revisions\/6207"}],"up":[{"embeddable":true,"href":"https:\/\/saintpierre91.org\/cefop\/wp-json\/wp\/v2\/pages\/838"}],"wp:attachment":[{"href":"https:\/\/saintpierre91.org\/cefop\/wp-json\/wp\/v2\/media?parent=850"}],"curies":[{"name":"wp","href":"https:\/\/api.w.org\/{rel}","templated":true}]}}