{"id":881,"date":"2021-01-14T15:29:39","date_gmt":"2021-01-14T14:29:39","guid":{"rendered":"https:\/\/saintpierre91.org\/-cfa\/?page_id=881"},"modified":"2025-09-01T11:23:25","modified_gmt":"2025-09-01T09:23:25","slug":"vous-recherchez-un-apprenti","status":"publish","type":"page","link":"https:\/\/saintpierre91.org\/cefop\/espace-entreprise\/les-contrats-en-alternance\/vous-recherchez-un-apprenti\/","title":{"rendered":"Vous recherchez un alternant"},"content":{"rendered":"\t\t<div data-elementor-type=\"wp-page\" data-elementor-id=\"881\" class=\"elementor elementor-881\">\n\t\t\t\t\t\t<section class=\"elementor-section elementor-top-section elementor-element elementor-element-b09d2e2 elementor-section-boxed elementor-section-height-default elementor-section-height-default\" data-id=\"b09d2e2\" data-element_type=\"section\">\n\t\t\t\t\t\t<div class=\"elementor-container elementor-column-gap-default\">\n\t\t\t\t\t<div class=\"elementor-column elementor-col-100 elementor-top-column elementor-element elementor-element-124e4de\" data-id=\"124e4de\" data-element_type=\"column\">\n\t\t\t<div class=\"elementor-widget-wrap elementor-element-populated\">\n\t\t\t\t\t\t<div class=\"elementor-element elementor-element-61f3e1a animated-fast titre-degrade-forme elementor-invisible elementor-widget elementor-widget-heading\" data-id=\"61f3e1a\" data-element_type=\"widget\" data-settings=\"{&quot;_animation&quot;:&quot;fadeIn&quot;}\" data-widget_type=\"heading.default\">\n\t\t\t\t<div class=\"elementor-widget-container\">\n\t\t\t\t\t<h2 class=\"elementor-heading-title elementor-size-default\">Vous recherchez\nun alternant ?<\/h2>\t\t\t\t<\/div>\n\t\t\t\t<\/div>\n\t\t\t\t\t<\/div>\n\t\t<\/div>\n\t\t\t\t\t<\/div>\n\t\t<\/section>\n\t\t\t\t<section class=\"elementor-section elementor-top-section elementor-element elementor-element-361546db elementor-section-boxed elementor-section-height-default elementor-section-height-default\" data-id=\"361546db\" data-element_type=\"section\">\n\t\t\t\t\t\t<div class=\"elementor-container elementor-column-gap-default\">\n\t\t\t\t\t<div class=\"elementor-column elementor-col-100 elementor-top-column elementor-element elementor-element-29b23be8\" data-id=\"29b23be8\" data-element_type=\"column\">\n\t\t\t<div class=\"elementor-widget-wrap elementor-element-populated\">\n\t\t\t\t\t\t<div class=\"elementor-element elementor-element-e3631ed elementor-widget elementor-widget-text-editor\" data-id=\"e3631ed\" data-element_type=\"widget\" data-widget_type=\"text-editor.default\">\n\t\t\t\t<div class=\"elementor-widget-container\">\n\t\t\t\t\t\t\t\t\t<h3 style=\"text-align: center;\"><a href=\"https:\/\/saintpierre91.org\/cefop\/contact\/\">Faites appel au CEFOP Saint Pierre OF-CFA<\/a> <br \/>pour recruter un(e) alternant(e) !<\/h3>\n<!-- \/wp:paragraph -->\t\t\t\t\t\t\t\t<\/div>\n\t\t\t\t<\/div>\n\t\t\t\t<div class=\"elementor-element elementor-element-70c2f2e elementor-widget elementor-widget-image\" data-id=\"70c2f2e\" data-element_type=\"widget\" data-widget_type=\"image.default\">\n\t\t\t\t<div class=\"elementor-widget-container\">\n\t\t\t\t\t\t\t\t\t\t\t\t\t\t\t<img fetchpriority=\"high\" decoding=\"async\" width=\"1024\" height=\"683\" src=\"https:\/\/saintpierre91.org\/cefop\/wp-content\/uploads\/etudiants-visages-1024x683.png\" class=\"attachment-large size-large wp-image-5703\" alt=\"\" srcset=\"https:\/\/saintpierre91.org\/cefop\/wp-content\/uploads\/etudiants-visages-1024x683.png 1024w, https:\/\/saintpierre91.org\/cefop\/wp-content\/uploads\/etudiants-visages-300x200.png 300w, https:\/\/saintpierre91.org\/cefop\/wp-content\/uploads\/etudiants-visages-768x512.png 768w, https:\/\/saintpierre91.org\/cefop\/wp-content\/uploads\/etudiants-visages.png 1536w\" sizes=\"(max-width: 1024px) 100vw, 1024px\" \/>\t\t\t\t\t\t\t\t\t\t\t\t\t\t\t<\/div>\n\t\t\t\t<\/div>\n\t\t\t\t<div class=\"elementor-element elementor-element-26d83fc3 elementor-widget elementor-widget-text-editor\" data-id=\"26d83fc3\" data-element_type=\"widget\" data-widget_type=\"text-editor.default\">\n\t\t\t\t<div class=\"elementor-widget-container\">\n\t\t\t\t\t\t\t\t\t<!-- \/wp:heading --><!-- wp:paragraph -->\n<h2><em>Vous \u00eates une entreprise et vous souhaitez recruter un alternant? <br \/>Vous souhaitez participer \u00e0 la formation de vos futurs collaborateurs ?<\/em><\/h2>\n<!-- \/wp:paragraph --><!-- wp:paragraph -->\n<p>Nous proposons des formations en alternance dans diff\u00e9rents secteurs d\u2019activit\u00e9 tels que\u00a0l\u2019H\u00f4tellerie Restauration, le Sanitaire et Social ou encore le secteur de la Gestion et du Commerce.<\/p>\n<!-- \/wp:paragraph --><!-- wp:paragraph -->\n<p>Depuis plusieurs ann\u00e9es maintenant, nous aidons les entreprises \u00e0 recruter leurs alternants dans l\u2019optique de les aider \u00e0 devenir des professionnels accomplis dans leur domaine.<\/p>\n<!-- \/wp:paragraph --><!-- wp:paragraph -->\n<p>Pour ce faire, nous recherchons au quotidien de nouvelles solutions pour am\u00e9liorer les \u00e9changes entre les 3 acteurs de l\u2019alternance (le CFA, l\u2019entreprise et le jeune).<\/p>\n<!-- \/wp:paragraph --><!-- wp:paragraph -->\n<p>Nous savons que vous avez des exigences lorsque vous choisissez de recruter un alternant,<\/p>\n<!-- \/wp:paragraph --><!-- wp:paragraph -->\n<p>Nous attachons une importance dans le recrutement des alternants et nous leur proposons un accompagnement leur permettant d\u2019entr\u00e9e avec les <strong>bases indispensables \u00e0 l\u2019int\u00e9gration d\u2019une entreprise<\/strong>.<\/p>\n<!-- \/wp:paragraph --><!-- wp:paragraph -->\n<p>Nous encadrons \u00e9galement les jeunes tout au long de leur parcours de la r\u00e9alisation de leur CV, \u00e0 la formation des exigences du m\u00e9tier en passant par les enjeux de l\u2019alternance.<\/p>\n<!-- \/wp:paragraph --><!-- wp:paragraph -->\n<p>Nous faisons en sorte de proposer aux entreprises des <strong>profils adapt\u00e9s \u00e0 leurs demandes<\/strong>.<\/p>\n<!-- \/wp:paragraph --><!-- wp:paragraph -->\n<p>Nous accordons une attention toute particuli\u00e8re \u00e0 la qualit\u00e9 de l\u2019enseignement fourni mais \u00e9galement \u00e0 l\u2019accompagnement fait par les entreprises.<\/p>\n<!-- \/wp:paragraph --><!-- wp:paragraph -->\n<p>Nous entretenons des relations privil\u00e9gi\u00e9es avec les entreprises partenaires pour accompagner le jeune dans son <strong>\u00e9panouissement professionnel<\/strong>.<\/p>\n<!-- \/wp:paragraph --><!-- wp:heading {\"level\":3} -->\n<h3 class=\"wp-block-heading\" style=\"text-align: center;\">N\u2019attendez plus,<br \/>l\u2019alternance est la solution<br \/>pour former vos salari\u00e9s de demain !<\/h3>\n<!-- \/wp:heading --><!-- wp:paragraph -->\n<p>\u00a0<\/p>\n<h2 style=\"text-align: center;\">Pour recruter un alternant,<br \/>vous pouvez contacter notre responsable du d\u00e9veloppement :<\/h2>\n<!-- \/wp:paragraph --><!-- wp:html -->\n<div class=\"row\">\u00a0<\/div>\n<!-- \/wp:paragraph -->\t\t\t\t\t\t\t\t<\/div>\n\t\t\t\t<\/div>\n\t\t\t\t\t<\/div>\n\t\t<\/div>\n\t\t\t\t\t<\/div>\n\t\t<\/section>\n\t\t\t\t<section class=\"elementor-section elementor-top-section elementor-element elementor-element-69d3074 elementor-section-boxed elementor-section-height-default elementor-section-height-default\" data-id=\"69d3074\" data-element_type=\"section\">\n\t\t\t\t\t\t<div class=\"elementor-container elementor-column-gap-default\">\n\t\t\t\t\t<div class=\"elementor-column elementor-col-100 elementor-top-column elementor-element elementor-element-01ec94e\" data-id=\"01ec94e\" data-element_type=\"column\">\n\t\t\t<div class=\"elementor-widget-wrap elementor-element-populated\">\n\t\t\t\t\t\t<div class=\"elementor-element elementor-element-2e193b4 eael-team-align-centered elementor-widget elementor-widget-eael-team-member\" data-id=\"2e193b4\" data-element_type=\"widget\" data-widget_type=\"eael-team-member.default\">\n\t\t\t\t<div class=\"elementor-widget-container\">\n\t\t\t\t\t\n\n\t<div id=\"eael-team-member-2e193b4\" class=\"eael-team-item eael-team-members-circle team-avatar-rounded\">\n\t\t<div class=\"eael-team-item-inner\">\n\t\t\t<div class=\"eael-team-image\">\n\t\t\t\t<figure>\n\t\t\t\t\t\t\t\t\t\t<img decoding=\"async\" src=\"https:\/\/media.licdn.com\/dms\/image\/v2\/C4D03AQE10AtNCOvn1A\/profile-displayphoto-shrink_200_200\/profile-displayphoto-shrink_200_200\/0\/1645469223150?e=2147483647&#038;v=beta&#038;t=cVcUu8iIRmKSiVHX7g1Y9XyXxpjoCQcOWmmqQ-qgjks\" alt=\"Laure BERNAT\">\n\t\t\t\t\t\t\t\t\t<\/figure>\n\t\t\t\t\n\t\t\t\t\n\t\t\t<\/div>\n\n\t\t\t<div class=\"eael-team-content\">\n\t\t\t\t<h2 class=\"eael-team-member-name\">Laure BERNAT<\/h2><h3 class=\"eael-team-member-position\">Responsable du D\u00e9veloppement<\/h3>\n\t\t\t\t\t\t\t\t\t\t\t\t\t\t<p class=\"eael-team-text\">07 57 45 44 80<br>\n<a href=\"mailto:laure.bernat@saint-pierre91.org\">laure.bernat@saint-pierre91.org<\/a><\/p>\n\t\t\t\t\t\t\t<\/div>\n\t\t<\/div>\n\t<\/div>\n\t\t\t\t\t<\/div>\n\t\t\t\t<\/div>\n\t\t\t\t\t<\/div>\n\t\t<\/div>\n\t\t\t\t\t<\/div>\n\t\t<\/section>\n\t\t\t\t<section class=\"elementor-section elementor-top-section elementor-element elementor-element-9116e40 elementor-section-boxed elementor-section-height-default elementor-section-height-default\" data-id=\"9116e40\" data-element_type=\"section\">\n\t\t\t\t\t\t<div class=\"elementor-container elementor-column-gap-default\">\n\t\t\t\t\t<div class=\"elementor-column elementor-col-100 elementor-top-column elementor-element elementor-element-cce518e\" data-id=\"cce518e\" data-element_type=\"column\">\n\t\t\t<div class=\"elementor-widget-wrap elementor-element-populated\">\n\t\t\t\t\t\t<div class=\"elementor-element elementor-element-bc81a7a elementor-align-center elementor-widget elementor-widget-button\" data-id=\"bc81a7a\" data-element_type=\"widget\" data-widget_type=\"button.default\">\n\t\t\t\t<div class=\"elementor-widget-container\">\n\t\t\t\t\t\t\t\t\t<div class=\"elementor-button-wrapper\">\n\t\t\t\t\t<a class=\"elementor-button elementor-button-link elementor-size-sm\" href=\"https:\/\/saintpierre91.org\/cefop\/formulaire\/\">\n\t\t\t\t\t\t<span class=\"elementor-button-content-wrapper\">\n\t\t\t\t\t\t\t\t\t<span class=\"elementor-button-text\"><i class=\"fas fa-user-tie fa-2x\"><\/i><br \/><br \/>Vous avez \u00e9galement la possibilit\u00e9 de remplir le formulaire<br \/>en d\u00e9crivant le poste en alternance que vous proposez.<\/span>\n\t\t\t\t\t<\/span>\n\t\t\t\t\t<\/a>\n\t\t\t\t<\/div>\n\t\t\t\t\t\t\t\t<\/div>\n\t\t\t\t<\/div>\n\t\t\t\t\t<\/div>\n\t\t<\/div>\n\t\t\t\t\t<\/div>\n\t\t<\/section>\n\t\t\t\t<\/div>\n\t\t","protected":false},"excerpt":{"rendered":"<p>Vous recherchez un alternant ? Faites appel au CEFOP Saint Pierre OF-CFA pour recruter un(e) alternant(e) ! Vous \u00eates une entreprise et vous souhaitez recruter un alternant? Vous souhaitez participer \u00e0 la formation de vos futurs collaborateurs ? Nous proposons des formations en alternance dans diff\u00e9rents secteurs d\u2019activit\u00e9 tels que\u00a0l\u2019H\u00f4tellerie Restauration, le Sanitaire et Social&#8230;<\/p>\n","protected":false},"author":1,"featured_media":0,"parent":871,"menu_order":0,"comment_status":"closed","ping_status":"closed","template":"","meta":{"_kad_post_transparent":"","_kad_post_title":"","_kad_post_layout":"","_kad_post_sidebar_id":"","_kad_post_content_style":"","_kad_post_vertical_padding":"","_kad_post_feature":"","_kad_post_feature_position":"","_kad_post_header":false,"_kad_post_footer":false,"cybocfi_hide_featured_image":"","footnotes":""},"class_list":["post-881","page","type-page","status-publish","hentry"],"yoast_head":"<!-- This site is optimized with the Yoast SEO plugin v25.3.1 - https:\/\/yoast.com\/wordpress\/plugins\/seo\/ -->\n<title>Vous recherchez un alternant - CEFOP Saint Pierre OF CFA<\/title>\n<meta name=\"robots\" content=\"index, follow, max-snippet:-1, max-image-preview:large, max-video-preview:-1\" \/>\n<link rel=\"canonical\" href=\"https:\/\/saintpierre91.org\/cefop\/espace-entreprise\/les-contrats-en-alternance\/vous-recherchez-un-apprenti\/\" \/>\n<meta property=\"og:locale\" content=\"fr_FR\" \/>\n<meta property=\"og:type\" content=\"article\" \/>\n<meta property=\"og:title\" content=\"Vous recherchez un alternant - CEFOP Saint Pierre OF CFA\" \/>\n<meta property=\"og:description\" content=\"Vous recherchez un alternant ? Faites appel au CEFOP Saint Pierre OF-CFA pour recruter un(e) alternant(e) ! Vous \u00eates une entreprise et vous souhaitez recruter un alternant? Vous souhaitez participer \u00e0 la formation de vos futurs collaborateurs ? Nous proposons des formations en alternance dans diff\u00e9rents secteurs d\u2019activit\u00e9 tels que\u00a0l\u2019H\u00f4tellerie Restauration, le Sanitaire et Social...\" \/>\n<meta property=\"og:url\" content=\"https:\/\/saintpierre91.org\/cefop\/espace-entreprise\/les-contrats-en-alternance\/vous-recherchez-un-apprenti\/\" \/>\n<meta property=\"og:site_name\" content=\"CEFOP Saint Pierre OF CFA\" \/>\n<meta property=\"article:modified_time\" content=\"2025-09-01T09:23:25+00:00\" \/>\n<meta property=\"og:image\" content=\"https:\/\/saintpierre91.org\/cefop\/wp-content\/uploads\/etudiants-visages-1024x683.png\" \/>\n\t<meta property=\"og:image:width\" content=\"1024\" \/>\n\t<meta property=\"og:image:height\" content=\"683\" \/>\n\t<meta property=\"og:image:type\" content=\"image\/png\" \/>\n<meta name=\"twitter:card\" content=\"summary_large_image\" \/>\n<meta name=\"twitter:label1\" content=\"Dur\u00e9e de lecture estim\u00e9e\" \/>\n\t<meta name=\"twitter:data1\" content=\"2 minutes\" \/>\n<script type=\"application\/ld+json\" class=\"yoast-schema-graph\">{\"@context\":\"https:\/\/schema.org\",\"@graph\":[{\"@type\":\"WebPage\",\"@id\":\"https:\/\/saintpierre91.org\/cefop\/espace-entreprise\/les-contrats-en-alternance\/vous-recherchez-un-apprenti\/\",\"url\":\"https:\/\/saintpierre91.org\/cefop\/espace-entreprise\/les-contrats-en-alternance\/vous-recherchez-un-apprenti\/\",\"name\":\"Vous recherchez un alternant - CEFOP Saint Pierre OF CFA\",\"isPartOf\":{\"@id\":\"https:\/\/saintpierre91.org\/cefop\/#website\"},\"primaryImageOfPage\":{\"@id\":\"https:\/\/saintpierre91.org\/cefop\/espace-entreprise\/les-contrats-en-alternance\/vous-recherchez-un-apprenti\/#primaryimage\"},\"image\":{\"@id\":\"https:\/\/saintpierre91.org\/cefop\/espace-entreprise\/les-contrats-en-alternance\/vous-recherchez-un-apprenti\/#primaryimage\"},\"thumbnailUrl\":\"https:\/\/saintpierre91.org\/cefop\/wp-content\/uploads\/etudiants-visages-1024x683.png\",\"datePublished\":\"2021-01-14T14:29:39+00:00\",\"dateModified\":\"2025-09-01T09:23:25+00:00\",\"breadcrumb\":{\"@id\":\"https:\/\/saintpierre91.org\/cefop\/espace-entreprise\/les-contrats-en-alternance\/vous-recherchez-un-apprenti\/#breadcrumb\"},\"inLanguage\":\"fr-FR\",\"potentialAction\":[{\"@type\":\"ReadAction\",\"target\":[\"https:\/\/saintpierre91.org\/cefop\/espace-entreprise\/les-contrats-en-alternance\/vous-recherchez-un-apprenti\/\"]}]},{\"@type\":\"ImageObject\",\"inLanguage\":\"fr-FR\",\"@id\":\"https:\/\/saintpierre91.org\/cefop\/espace-entreprise\/les-contrats-en-alternance\/vous-recherchez-un-apprenti\/#primaryimage\",\"url\":\"https:\/\/saintpierre91.org\/cefop\/wp-content\/uploads\/etudiants-visages.png\",\"contentUrl\":\"https:\/\/saintpierre91.org\/cefop\/wp-content\/uploads\/etudiants-visages.png\",\"width\":1536,\"height\":1024},{\"@type\":\"BreadcrumbList\",\"@id\":\"https:\/\/saintpierre91.org\/cefop\/espace-entreprise\/les-contrats-en-alternance\/vous-recherchez-un-apprenti\/#breadcrumb\",\"itemListElement\":[{\"@type\":\"ListItem\",\"position\":1,\"name\":\"Accueil\",\"item\":\"https:\/\/saintpierre91.org\/cefop\/\"},{\"@type\":\"ListItem\",\"position\":2,\"name\":\"Espace Entreprise\",\"item\":\"https:\/\/saintpierre91.org\/cefop\/espace-entreprise\/\"},{\"@type\":\"ListItem\",\"position\":3,\"name\":\"Les contrats en alternance\",\"item\":\"https:\/\/saintpierre91.org\/cefop\/espace-entreprise\/les-contrats-en-alternance\/\"},{\"@type\":\"ListItem\",\"position\":4,\"name\":\"Vous recherchez un alternant\"}]},{\"@type\":\"WebSite\",\"@id\":\"https:\/\/saintpierre91.org\/cefop\/#website\",\"url\":\"https:\/\/saintpierre91.org\/cefop\/\",\"name\":\"CEFOP Saint Pierre OF CFA\",\"description\":\"Le  CEFOP Saint-Pierre a l\u2019ambition d\u2019accompagner l\u2019\u00e9volution des besoins et des m\u00e9tiers dans les secteurs de l\u2019h\u00f4tellerie, de la restauration, du tertiaire et du sanitaire et social en privil\u00e9giant des partenariats p\u00e9dagogiques de qualit\u00e9.\",\"publisher\":{\"@id\":\"https:\/\/saintpierre91.org\/cefop\/#organization\"},\"potentialAction\":[{\"@type\":\"SearchAction\",\"target\":{\"@type\":\"EntryPoint\",\"urlTemplate\":\"https:\/\/saintpierre91.org\/cefop\/?s={search_term_string}\"},\"query-input\":{\"@type\":\"PropertyValueSpecification\",\"valueRequired\":true,\"valueName\":\"search_term_string\"}}],\"inLanguage\":\"fr-FR\"},{\"@type\":\"Organization\",\"@id\":\"https:\/\/saintpierre91.org\/cefop\/#organization\",\"name\":\"CEFOP SAINT-PIERRE OF-CFA\",\"url\":\"https:\/\/saintpierre91.org\/cefop\/\",\"logo\":{\"@type\":\"ImageObject\",\"inLanguage\":\"fr-FR\",\"@id\":\"https:\/\/saintpierre91.org\/cefop\/#\/schema\/logo\/image\/\",\"url\":\"https:\/\/saintpierre91.org\/cefop\/wp-content\/uploads\/2020\/11\/icone-01.png\",\"contentUrl\":\"https:\/\/saintpierre91.org\/cefop\/wp-content\/uploads\/2020\/11\/icone-01.png\",\"width\":512,\"height\":512,\"caption\":\"CEFOP SAINT-PIERRE OF-CFA\"},\"image\":{\"@id\":\"https:\/\/saintpierre91.org\/cefop\/#\/schema\/logo\/image\/\"}}]}<\/script>\n<!-- \/ Yoast SEO plugin. -->","yoast_head_json":{"title":"Vous recherchez un alternant - CEFOP Saint Pierre OF CFA","robots":{"index":"index","follow":"follow","max-snippet":"max-snippet:-1","max-image-preview":"max-image-preview:large","max-video-preview":"max-video-preview:-1"},"canonical":"https:\/\/saintpierre91.org\/cefop\/espace-entreprise\/les-contrats-en-alternance\/vous-recherchez-un-apprenti\/","og_locale":"fr_FR","og_type":"article","og_title":"Vous recherchez un alternant - CEFOP Saint Pierre OF CFA","og_description":"Vous recherchez un alternant ? Faites appel au CEFOP Saint Pierre OF-CFA pour recruter un(e) alternant(e) ! Vous \u00eates une entreprise et vous souhaitez recruter un alternant? Vous souhaitez participer \u00e0 la formation de vos futurs collaborateurs ? Nous proposons des formations en alternance dans diff\u00e9rents secteurs d\u2019activit\u00e9 tels que\u00a0l\u2019H\u00f4tellerie Restauration, le Sanitaire et Social...","og_url":"https:\/\/saintpierre91.org\/cefop\/espace-entreprise\/les-contrats-en-alternance\/vous-recherchez-un-apprenti\/","og_site_name":"CEFOP Saint Pierre OF CFA","article_modified_time":"2025-09-01T09:23:25+00:00","og_image":[{"width":1024,"height":683,"url":"https:\/\/saintpierre91.org\/cefop\/wp-content\/uploads\/etudiants-visages-1024x683.png","type":"image\/png"}],"twitter_card":"summary_large_image","twitter_misc":{"Dur\u00e9e de lecture estim\u00e9e":"2 minutes"},"schema":{"@context":"https:\/\/schema.org","@graph":[{"@type":"WebPage","@id":"https:\/\/saintpierre91.org\/cefop\/espace-entreprise\/les-contrats-en-alternance\/vous-recherchez-un-apprenti\/","url":"https:\/\/saintpierre91.org\/cefop\/espace-entreprise\/les-contrats-en-alternance\/vous-recherchez-un-apprenti\/","name":"Vous recherchez un alternant - CEFOP Saint Pierre OF CFA","isPartOf":{"@id":"https:\/\/saintpierre91.org\/cefop\/#website"},"primaryImageOfPage":{"@id":"https:\/\/saintpierre91.org\/cefop\/espace-entreprise\/les-contrats-en-alternance\/vous-recherchez-un-apprenti\/#primaryimage"},"image":{"@id":"https:\/\/saintpierre91.org\/cefop\/espace-entreprise\/les-contrats-en-alternance\/vous-recherchez-un-apprenti\/#primaryimage"},"thumbnailUrl":"https:\/\/saintpierre91.org\/cefop\/wp-content\/uploads\/etudiants-visages-1024x683.png","datePublished":"2021-01-14T14:29:39+00:00","dateModified":"2025-09-01T09:23:25+00:00","breadcrumb":{"@id":"https:\/\/saintpierre91.org\/cefop\/espace-entreprise\/les-contrats-en-alternance\/vous-recherchez-un-apprenti\/#breadcrumb"},"inLanguage":"fr-FR","potentialAction":[{"@type":"ReadAction","target":["https:\/\/saintpierre91.org\/cefop\/espace-entreprise\/les-contrats-en-alternance\/vous-recherchez-un-apprenti\/"]}]},{"@type":"ImageObject","inLanguage":"fr-FR","@id":"https:\/\/saintpierre91.org\/cefop\/espace-entreprise\/les-contrats-en-alternance\/vous-recherchez-un-apprenti\/#primaryimage","url":"https:\/\/saintpierre91.org\/cefop\/wp-content\/uploads\/etudiants-visages.png","contentUrl":"https:\/\/saintpierre91.org\/cefop\/wp-content\/uploads\/etudiants-visages.png","width":1536,"height":1024},{"@type":"BreadcrumbList","@id":"https:\/\/saintpierre91.org\/cefop\/espace-entreprise\/les-contrats-en-alternance\/vous-recherchez-un-apprenti\/#breadcrumb","itemListElement":[{"@type":"ListItem","position":1,"name":"Accueil","item":"https:\/\/saintpierre91.org\/cefop\/"},{"@type":"ListItem","position":2,"name":"Espace Entreprise","item":"https:\/\/saintpierre91.org\/cefop\/espace-entreprise\/"},{"@type":"ListItem","position":3,"name":"Les contrats en alternance","item":"https:\/\/saintpierre91.org\/cefop\/espace-entreprise\/les-contrats-en-alternance\/"},{"@type":"ListItem","position":4,"name":"Vous recherchez un alternant"}]},{"@type":"WebSite","@id":"https:\/\/saintpierre91.org\/cefop\/#website","url":"https:\/\/saintpierre91.org\/cefop\/","name":"CEFOP Saint Pierre OF CFA","description":"Le  CEFOP Saint-Pierre a l\u2019ambition d\u2019accompagner l\u2019\u00e9volution des besoins et des m\u00e9tiers dans les secteurs de l\u2019h\u00f4tellerie, de la restauration, du tertiaire et du sanitaire et social en privil\u00e9giant des partenariats p\u00e9dagogiques de qualit\u00e9.","publisher":{"@id":"https:\/\/saintpierre91.org\/cefop\/#organization"},"potentialAction":[{"@type":"SearchAction","target":{"@type":"EntryPoint","urlTemplate":"https:\/\/saintpierre91.org\/cefop\/?s={search_term_string}"},"query-input":{"@type":"PropertyValueSpecification","valueRequired":true,"valueName":"search_term_string"}}],"inLanguage":"fr-FR"},{"@type":"Organization","@id":"https:\/\/saintpierre91.org\/cefop\/#organization","name":"CEFOP SAINT-PIERRE OF-CFA","url":"https:\/\/saintpierre91.org\/cefop\/","logo":{"@type":"ImageObject","inLanguage":"fr-FR","@id":"https:\/\/saintpierre91.org\/cefop\/#\/schema\/logo\/image\/","url":"https:\/\/saintpierre91.org\/cefop\/wp-content\/uploads\/2020\/11\/icone-01.png","contentUrl":"https:\/\/saintpierre91.org\/cefop\/wp-content\/uploads\/2020\/11\/icone-01.png","width":512,"height":512,"caption":"CEFOP SAINT-PIERRE OF-CFA"},"image":{"@id":"https:\/\/saintpierre91.org\/cefop\/#\/schema\/logo\/image\/"}}]}},"_links":{"self":[{"href":"https:\/\/saintpierre91.org\/cefop\/wp-json\/wp\/v2\/pages\/881","targetHints":{"allow":["GET"]}}],"collection":[{"href":"https:\/\/saintpierre91.org\/cefop\/wp-json\/wp\/v2\/pages"}],"about":[{"href":"https:\/\/saintpierre91.org\/cefop\/wp-json\/wp\/v2\/types\/page"}],"author":[{"embeddable":true,"href":"https:\/\/saintpierre91.org\/cefop\/wp-json\/wp\/v2\/users\/1"}],"replies":[{"embeddable":true,"href":"https:\/\/saintpierre91.org\/cefop\/wp-json\/wp\/v2\/comments?post=881"}],"version-history":[{"count":60,"href":"https:\/\/saintpierre91.org\/cefop\/wp-json\/wp\/v2\/pages\/881\/revisions"}],"predecessor-version":[{"id":6250,"href":"https:\/\/saintpierre91.org\/cefop\/wp-json\/wp\/v2\/pages\/881\/revisions\/6250"}],"up":[{"embeddable":true,"href":"https:\/\/saintpierre91.org\/cefop\/wp-json\/wp\/v2\/pages\/871"}],"wp:attachment":[{"href":"https:\/\/saintpierre91.org\/cefop\/wp-json\/wp\/v2\/media?parent=881"}],"curies":[{"name":"wp","href":"https:\/\/api.w.org\/{rel}","templated":true}]}}