{"id":891,"date":"2021-01-14T15:35:00","date_gmt":"2021-01-14T14:35:00","guid":{"rendered":"https:\/\/saintpierre91.org\/-cfa\/?page_id=891"},"modified":"2025-09-01T13:19:47","modified_gmt":"2025-09-01T11:19:47","slug":"taxe-dapprentissage","status":"publish","type":"page","link":"https:\/\/saintpierre91.org\/cefop\/espace-entreprise\/taxe-dapprentissage\/","title":{"rendered":"Taxe d&rsquo;apprentissage"},"content":{"rendered":"\t\t<div data-elementor-type=\"wp-page\" data-elementor-id=\"891\" class=\"elementor elementor-891\">\n\t\t\t\t\t\t<section class=\"elementor-section elementor-top-section elementor-element elementor-element-7c683d5 elementor-section-boxed elementor-section-height-default elementor-section-height-default\" data-id=\"7c683d5\" data-element_type=\"section\">\n\t\t\t\t\t\t<div class=\"elementor-container elementor-column-gap-default\">\n\t\t\t\t\t<div class=\"elementor-column elementor-col-100 elementor-top-column elementor-element elementor-element-d90cc96\" data-id=\"d90cc96\" data-element_type=\"column\">\n\t\t\t<div class=\"elementor-widget-wrap elementor-element-populated\">\n\t\t\t\t\t\t<div class=\"elementor-element elementor-element-503985a animated-fast titre-degrade-forme elementor-invisible elementor-widget elementor-widget-heading\" data-id=\"503985a\" data-element_type=\"widget\" data-settings=\"{&quot;_animation&quot;:&quot;fadeIn&quot;}\" data-widget_type=\"heading.default\">\n\t\t\t\t<div class=\"elementor-widget-container\">\n\t\t\t\t\t<h2 class=\"elementor-heading-title elementor-size-default\">Taxe d'Apprentissage<\/h2>\t\t\t\t<\/div>\n\t\t\t\t<\/div>\n\t\t\t\t\t<\/div>\n\t\t<\/div>\n\t\t\t\t\t<\/div>\n\t\t<\/section>\n\t\t\t\t<section class=\"elementor-section elementor-top-section elementor-element elementor-element-69ee788b elementor-section-boxed elementor-section-height-default elementor-section-height-default\" data-id=\"69ee788b\" data-element_type=\"section\">\n\t\t\t\t\t\t<div class=\"elementor-container elementor-column-gap-default\">\n\t\t\t\t\t<div class=\"elementor-column elementor-col-100 elementor-top-column elementor-element elementor-element-12161f63\" data-id=\"12161f63\" data-element_type=\"column\">\n\t\t\t<div class=\"elementor-widget-wrap elementor-element-populated\">\n\t\t\t\t\t\t<div class=\"elementor-element elementor-element-28315f4d elementor-widget elementor-widget-text-editor\" data-id=\"28315f4d\" data-element_type=\"widget\" data-widget_type=\"text-editor.default\">\n\t\t\t\t<div class=\"elementor-widget-container\">\n\t\t\t\t\t\t\t\t\t\n<h3>La taxe d\u2019apprentissage, essentielle pour nos apprentis, \u00e9tudiants et stagiaires du CEFOP Saint Pierre !<\/h3>\n<div class=\"jumbotron\">\n<p>La taxe constitue un apport indispensable au maintien du haut niveau des enseignements et au d\u00e9veloppement de nouveaux projets ambitieux !<\/p>\n<\/div>\n<div class=\"row\">\n<div class=\"col-md-6\">\n<div class=\"panel panel-primary\">\n<div class=\"panel-heading\">\n<h1 class=\"panel-title\">Votre contact<\/h1>\n<\/div>\n<div class=\"panel-body\"><!-- BOX CONTACT -->\n<div class=\"bg-white rounded shadow-sm py-5 px-4\"><center><img decoding=\"async\" class=\"img-circle\" src=\"https:\/\/ahisc.files.wordpress.com\/2020\/11\/unknown-m.jpg\" alt=\"\" width=\"100\" \/>\n<h4 class=\"mb-0\">Alexandre NOEL<\/h4>\n<span class=\"small text-uppercase text-muted\">Directeur Administratif &amp; Financier<\/span> <br \/><a class=\"social-link\" href=\"#\"><i class=\"fa fa-phone-square\" aria-hidden=\"true\"><\/i> 06.83.69.99.49<\/a><br \/><a href=\"mailto:daf@saint-pierre91.org\">daf@saint-pierre91.org<\/a><\/center><\/div>\n<!-- End --><\/div>\n<\/div>\n<\/div>\n<!-- MODALITES D AFFECTATION -->\n<div class=\"col-md-6\">\n<div class=\"panel panel-primary\">\n<div class=\"panel-heading\">\n<h1 class=\"panel-title\">SOLT\u00e9A \u2022 Plateforme de la Caisse des D\u00e9p\u00f4ts et Consignations<\/h1>\n<\/div>\n<div class=\"panel-body\">\n<p><a href=\"https:\/\/www.soltea.education.gouv.fr\/espace-public\/connexion-lespace-prive\" target=\"_blank\" rel=\"noopener\">LIEN SOLT\u00e9A<\/a><\/p>\n<\/div>\n<\/div>\n<br \/>\n<div class=\"panel panel-primary\">\n<div class=\"panel-heading\">\n<h1 class=\"panel-title\">Pour nous retrouver<\/h1>\n<\/div>\n<div class=\"panel-body\">\n<p>Code UAI : 0910843X<br \/>Siret : 78517365900018<\/p>\n<\/div>\n<\/div>\n<\/div>\n<\/div>\n<hr \/>\n<div class=\"row\">\n<div class=\"col-md-6\">\n<h2>Qu\u2019est ce que la taxe d\u2019apprentissage ?<\/h2>\n<p>La Taxe d\u2019Apprentissage est calcul\u00e9e sur la masse salariale (MS) N-1. Pr\u00e9cis\u00e9ment, elle repr\u00e9sente 0,68% de la masse salariale de l\u2019entreprise (et 0,44% pour les entreprises situ\u00e9es en Alsace-Moselle).<\/p>\n<p>La taxe d&rsquo;apprentissage comprend les fractions suivantes :<\/p>\n<ul>\n<li>Une fraction principale de la taxe destin\u00e9e au financement de l&rsquo;apprentissage correspondant \u00e0 l&rsquo;application d&rsquo;un taux \u00e0 0,59 % (elle est per\u00e7ue par l&rsquo;Urssaf )<\/li>\n<li>Le solde, correspondant \u00e0 l&rsquo;application d&rsquo;un taux \u00e0 0,09 % destin\u00e9e \u00e0 des d\u00e9penses lib\u00e9ratoires (d\u00e9pense qui \u00e9teint une dette due). Elle est per\u00e7ue par l&rsquo;Urssaf. Puis elle est vers\u00e9e par la Caisse des d\u00e9p\u00f4ts qui sollicite les entreprises, via la plateforme Solt\u00e9a, pour affecter leur versement aux \u00e9tablissements habilit\u00e9s \u00e0 la percevoir. Les entreprises peuvent choisir plusieurs b\u00e9n\u00e9ficiaires.<\/li>\n<\/ul>\n<\/div>\n<div class=\"col-md-6\"><img decoding=\"async\" src=\"https:\/\/saintpierre91.org\/images\/schema-taxe-2023-01.png\" \/><\/div>\n<\/div>\n<hr \/>\n<div class=\"col-md-8\">\u00a0<\/div>\n<p>\u00a0<\/p>\n\t\t\t\t\t\t\t\t<\/div>\n\t\t\t\t<\/div>\n\t\t\t\t<div class=\"elementor-element elementor-element-c0542e5 elementor-widget elementor-widget-text-editor\" data-id=\"c0542e5\" data-element_type=\"widget\" data-widget_type=\"text-editor.default\">\n\t\t\t\t<div class=\"elementor-widget-container\">\n\t\t\t\t\t\t\t\t\t<h3>\u00c0 quoi sert la taxe ?<\/h3>\n<p style=\"text-align: left;\">Les recettes de la taxe d\u2019apprentissage repr\u00e9sentent une ressource essentielle pour notre \u00e9tablissement en nous permettant d\u2019investir dans le mat\u00e9riel n\u00e9cessaire \u00e0 la formation des \u00e9l\u00e8ves, de renouveler nos \u00e9quipements ou encore de recruter des intervenants professionnels.<br \/>Par le biais de votre taxe d\u2019apprentissage, vous devenez un partenaire privil\u00e9gi\u00e9 de Saint-Pierre et soutenez une formation en phase avec les attentes des jeunes et la r\u00e9alit\u00e9 des entreprises.<\/p>\t\t\t\t\t\t\t\t<\/div>\n\t\t\t\t<\/div>\n\t\t\t\t\t<\/div>\n\t\t<\/div>\n\t\t\t\t\t<\/div>\n\t\t<\/section>\n\t\t\t\t<\/div>\n\t\t","protected":false},"excerpt":{"rendered":"<p>Taxe d&rsquo;Apprentissage La taxe d\u2019apprentissage, essentielle pour nos apprentis, \u00e9tudiants et stagiaires du CEFOP Saint Pierre ! La taxe constitue un apport indispensable au maintien du haut niveau des enseignements et au d\u00e9veloppement de nouveaux projets ambitieux ! Votre contact Alexandre NOEL Directeur Administratif &amp; Financier 06.83.69.99.49daf@saint-pierre91.org SOLT\u00e9A \u2022 Plateforme de la Caisse des D\u00e9p\u00f4ts&#8230;<\/p>\n","protected":false},"author":1,"featured_media":0,"parent":869,"menu_order":0,"comment_status":"closed","ping_status":"closed","template":"","meta":{"_kad_post_transparent":"","_kad_post_title":"","_kad_post_layout":"","_kad_post_sidebar_id":"","_kad_post_content_style":"","_kad_post_vertical_padding":"","_kad_post_feature":"","_kad_post_feature_position":"","_kad_post_header":false,"_kad_post_footer":false,"cybocfi_hide_featured_image":"","footnotes":""},"class_list":["post-891","page","type-page","status-publish","hentry"],"yoast_head":"<!-- This site is optimized with the Yoast SEO plugin v25.3.1 - https:\/\/yoast.com\/wordpress\/plugins\/seo\/ -->\n<title>Taxe d&#039;apprentissage - CEFOP Saint Pierre OF CFA<\/title>\n<meta name=\"robots\" content=\"index, follow, max-snippet:-1, max-image-preview:large, max-video-preview:-1\" \/>\n<link rel=\"canonical\" href=\"https:\/\/saintpierre91.org\/cefop\/espace-entreprise\/taxe-dapprentissage\/\" \/>\n<meta property=\"og:locale\" content=\"fr_FR\" \/>\n<meta property=\"og:type\" content=\"article\" \/>\n<meta property=\"og:title\" content=\"Taxe d&#039;apprentissage - CEFOP Saint Pierre OF CFA\" \/>\n<meta property=\"og:description\" content=\"Taxe d&rsquo;Apprentissage La taxe d\u2019apprentissage, essentielle pour nos apprentis, \u00e9tudiants et stagiaires du CEFOP Saint Pierre ! La taxe constitue un apport indispensable au maintien du haut niveau des enseignements et au d\u00e9veloppement de nouveaux projets ambitieux ! Votre contact Alexandre NOEL Directeur Administratif &amp; Financier 06.83.69.99.49daf@saint-pierre91.org SOLT\u00e9A \u2022 Plateforme de la Caisse des D\u00e9p\u00f4ts...\" \/>\n<meta property=\"og:url\" content=\"https:\/\/saintpierre91.org\/cefop\/espace-entreprise\/taxe-dapprentissage\/\" \/>\n<meta property=\"og:site_name\" content=\"CEFOP Saint Pierre OF CFA\" \/>\n<meta property=\"article:modified_time\" content=\"2025-09-01T11:19:47+00:00\" \/>\n<meta property=\"og:image\" content=\"https:\/\/ahisc.files.wordpress.com\/2020\/11\/unknown-m.jpg\" \/>\n<meta name=\"twitter:card\" content=\"summary_large_image\" \/>\n<meta name=\"twitter:label1\" content=\"Dur\u00e9e de lecture estim\u00e9e\" \/>\n\t<meta name=\"twitter:data1\" content=\"2 minutes\" \/>\n<script type=\"application\/ld+json\" class=\"yoast-schema-graph\">{\"@context\":\"https:\/\/schema.org\",\"@graph\":[{\"@type\":\"WebPage\",\"@id\":\"https:\/\/saintpierre91.org\/cefop\/espace-entreprise\/taxe-dapprentissage\/\",\"url\":\"https:\/\/saintpierre91.org\/cefop\/espace-entreprise\/taxe-dapprentissage\/\",\"name\":\"Taxe d'apprentissage - CEFOP Saint Pierre OF CFA\",\"isPartOf\":{\"@id\":\"https:\/\/saintpierre91.org\/cefop\/#website\"},\"primaryImageOfPage\":{\"@id\":\"https:\/\/saintpierre91.org\/cefop\/espace-entreprise\/taxe-dapprentissage\/#primaryimage\"},\"image\":{\"@id\":\"https:\/\/saintpierre91.org\/cefop\/espace-entreprise\/taxe-dapprentissage\/#primaryimage\"},\"thumbnailUrl\":\"https:\/\/ahisc.files.wordpress.com\/2020\/11\/unknown-m.jpg\",\"datePublished\":\"2021-01-14T14:35:00+00:00\",\"dateModified\":\"2025-09-01T11:19:47+00:00\",\"breadcrumb\":{\"@id\":\"https:\/\/saintpierre91.org\/cefop\/espace-entreprise\/taxe-dapprentissage\/#breadcrumb\"},\"inLanguage\":\"fr-FR\",\"potentialAction\":[{\"@type\":\"ReadAction\",\"target\":[\"https:\/\/saintpierre91.org\/cefop\/espace-entreprise\/taxe-dapprentissage\/\"]}]},{\"@type\":\"ImageObject\",\"inLanguage\":\"fr-FR\",\"@id\":\"https:\/\/saintpierre91.org\/cefop\/espace-entreprise\/taxe-dapprentissage\/#primaryimage\",\"url\":\"https:\/\/ahisc.files.wordpress.com\/2020\/11\/unknown-m.jpg\",\"contentUrl\":\"https:\/\/ahisc.files.wordpress.com\/2020\/11\/unknown-m.jpg\"},{\"@type\":\"BreadcrumbList\",\"@id\":\"https:\/\/saintpierre91.org\/cefop\/espace-entreprise\/taxe-dapprentissage\/#breadcrumb\",\"itemListElement\":[{\"@type\":\"ListItem\",\"position\":1,\"name\":\"Accueil\",\"item\":\"https:\/\/saintpierre91.org\/cefop\/\"},{\"@type\":\"ListItem\",\"position\":2,\"name\":\"Espace Entreprise\",\"item\":\"https:\/\/saintpierre91.org\/cefop\/espace-entreprise\/\"},{\"@type\":\"ListItem\",\"position\":3,\"name\":\"Taxe d&rsquo;apprentissage\"}]},{\"@type\":\"WebSite\",\"@id\":\"https:\/\/saintpierre91.org\/cefop\/#website\",\"url\":\"https:\/\/saintpierre91.org\/cefop\/\",\"name\":\"CEFOP Saint Pierre OF CFA\",\"description\":\"Le  CEFOP Saint-Pierre a l\u2019ambition d\u2019accompagner l\u2019\u00e9volution des besoins et des m\u00e9tiers dans les secteurs de l\u2019h\u00f4tellerie, de la restauration, du tertiaire et du sanitaire et social en privil\u00e9giant des partenariats p\u00e9dagogiques de qualit\u00e9.\",\"publisher\":{\"@id\":\"https:\/\/saintpierre91.org\/cefop\/#organization\"},\"potentialAction\":[{\"@type\":\"SearchAction\",\"target\":{\"@type\":\"EntryPoint\",\"urlTemplate\":\"https:\/\/saintpierre91.org\/cefop\/?s={search_term_string}\"},\"query-input\":{\"@type\":\"PropertyValueSpecification\",\"valueRequired\":true,\"valueName\":\"search_term_string\"}}],\"inLanguage\":\"fr-FR\"},{\"@type\":\"Organization\",\"@id\":\"https:\/\/saintpierre91.org\/cefop\/#organization\",\"name\":\"CEFOP SAINT-PIERRE OF-CFA\",\"url\":\"https:\/\/saintpierre91.org\/cefop\/\",\"logo\":{\"@type\":\"ImageObject\",\"inLanguage\":\"fr-FR\",\"@id\":\"https:\/\/saintpierre91.org\/cefop\/#\/schema\/logo\/image\/\",\"url\":\"https:\/\/saintpierre91.org\/cefop\/wp-content\/uploads\/2020\/11\/icone-01.png\",\"contentUrl\":\"https:\/\/saintpierre91.org\/cefop\/wp-content\/uploads\/2020\/11\/icone-01.png\",\"width\":512,\"height\":512,\"caption\":\"CEFOP SAINT-PIERRE OF-CFA\"},\"image\":{\"@id\":\"https:\/\/saintpierre91.org\/cefop\/#\/schema\/logo\/image\/\"}}]}<\/script>\n<!-- \/ Yoast SEO plugin. -->","yoast_head_json":{"title":"Taxe d'apprentissage - CEFOP Saint Pierre OF CFA","robots":{"index":"index","follow":"follow","max-snippet":"max-snippet:-1","max-image-preview":"max-image-preview:large","max-video-preview":"max-video-preview:-1"},"canonical":"https:\/\/saintpierre91.org\/cefop\/espace-entreprise\/taxe-dapprentissage\/","og_locale":"fr_FR","og_type":"article","og_title":"Taxe d'apprentissage - CEFOP Saint Pierre OF CFA","og_description":"Taxe d&rsquo;Apprentissage La taxe d\u2019apprentissage, essentielle pour nos apprentis, \u00e9tudiants et stagiaires du CEFOP Saint Pierre ! La taxe constitue un apport indispensable au maintien du haut niveau des enseignements et au d\u00e9veloppement de nouveaux projets ambitieux ! Votre contact Alexandre NOEL Directeur Administratif &amp; Financier 06.83.69.99.49daf@saint-pierre91.org SOLT\u00e9A \u2022 Plateforme de la Caisse des D\u00e9p\u00f4ts...","og_url":"https:\/\/saintpierre91.org\/cefop\/espace-entreprise\/taxe-dapprentissage\/","og_site_name":"CEFOP Saint Pierre OF CFA","article_modified_time":"2025-09-01T11:19:47+00:00","og_image":[{"url":"https:\/\/ahisc.files.wordpress.com\/2020\/11\/unknown-m.jpg","type":"","width":"","height":""}],"twitter_card":"summary_large_image","twitter_misc":{"Dur\u00e9e de lecture estim\u00e9e":"2 minutes"},"schema":{"@context":"https:\/\/schema.org","@graph":[{"@type":"WebPage","@id":"https:\/\/saintpierre91.org\/cefop\/espace-entreprise\/taxe-dapprentissage\/","url":"https:\/\/saintpierre91.org\/cefop\/espace-entreprise\/taxe-dapprentissage\/","name":"Taxe d'apprentissage - CEFOP Saint Pierre OF CFA","isPartOf":{"@id":"https:\/\/saintpierre91.org\/cefop\/#website"},"primaryImageOfPage":{"@id":"https:\/\/saintpierre91.org\/cefop\/espace-entreprise\/taxe-dapprentissage\/#primaryimage"},"image":{"@id":"https:\/\/saintpierre91.org\/cefop\/espace-entreprise\/taxe-dapprentissage\/#primaryimage"},"thumbnailUrl":"https:\/\/ahisc.files.wordpress.com\/2020\/11\/unknown-m.jpg","datePublished":"2021-01-14T14:35:00+00:00","dateModified":"2025-09-01T11:19:47+00:00","breadcrumb":{"@id":"https:\/\/saintpierre91.org\/cefop\/espace-entreprise\/taxe-dapprentissage\/#breadcrumb"},"inLanguage":"fr-FR","potentialAction":[{"@type":"ReadAction","target":["https:\/\/saintpierre91.org\/cefop\/espace-entreprise\/taxe-dapprentissage\/"]}]},{"@type":"ImageObject","inLanguage":"fr-FR","@id":"https:\/\/saintpierre91.org\/cefop\/espace-entreprise\/taxe-dapprentissage\/#primaryimage","url":"https:\/\/ahisc.files.wordpress.com\/2020\/11\/unknown-m.jpg","contentUrl":"https:\/\/ahisc.files.wordpress.com\/2020\/11\/unknown-m.jpg"},{"@type":"BreadcrumbList","@id":"https:\/\/saintpierre91.org\/cefop\/espace-entreprise\/taxe-dapprentissage\/#breadcrumb","itemListElement":[{"@type":"ListItem","position":1,"name":"Accueil","item":"https:\/\/saintpierre91.org\/cefop\/"},{"@type":"ListItem","position":2,"name":"Espace Entreprise","item":"https:\/\/saintpierre91.org\/cefop\/espace-entreprise\/"},{"@type":"ListItem","position":3,"name":"Taxe d&rsquo;apprentissage"}]},{"@type":"WebSite","@id":"https:\/\/saintpierre91.org\/cefop\/#website","url":"https:\/\/saintpierre91.org\/cefop\/","name":"CEFOP Saint Pierre OF CFA","description":"Le  CEFOP Saint-Pierre a l\u2019ambition d\u2019accompagner l\u2019\u00e9volution des besoins et des m\u00e9tiers dans les secteurs de l\u2019h\u00f4tellerie, de la restauration, du tertiaire et du sanitaire et social en privil\u00e9giant des partenariats p\u00e9dagogiques de qualit\u00e9.","publisher":{"@id":"https:\/\/saintpierre91.org\/cefop\/#organization"},"potentialAction":[{"@type":"SearchAction","target":{"@type":"EntryPoint","urlTemplate":"https:\/\/saintpierre91.org\/cefop\/?s={search_term_string}"},"query-input":{"@type":"PropertyValueSpecification","valueRequired":true,"valueName":"search_term_string"}}],"inLanguage":"fr-FR"},{"@type":"Organization","@id":"https:\/\/saintpierre91.org\/cefop\/#organization","name":"CEFOP SAINT-PIERRE OF-CFA","url":"https:\/\/saintpierre91.org\/cefop\/","logo":{"@type":"ImageObject","inLanguage":"fr-FR","@id":"https:\/\/saintpierre91.org\/cefop\/#\/schema\/logo\/image\/","url":"https:\/\/saintpierre91.org\/cefop\/wp-content\/uploads\/2020\/11\/icone-01.png","contentUrl":"https:\/\/saintpierre91.org\/cefop\/wp-content\/uploads\/2020\/11\/icone-01.png","width":512,"height":512,"caption":"CEFOP SAINT-PIERRE OF-CFA"},"image":{"@id":"https:\/\/saintpierre91.org\/cefop\/#\/schema\/logo\/image\/"}}]}},"_links":{"self":[{"href":"https:\/\/saintpierre91.org\/cefop\/wp-json\/wp\/v2\/pages\/891","targetHints":{"allow":["GET"]}}],"collection":[{"href":"https:\/\/saintpierre91.org\/cefop\/wp-json\/wp\/v2\/pages"}],"about":[{"href":"https:\/\/saintpierre91.org\/cefop\/wp-json\/wp\/v2\/types\/page"}],"author":[{"embeddable":true,"href":"https:\/\/saintpierre91.org\/cefop\/wp-json\/wp\/v2\/users\/1"}],"replies":[{"embeddable":true,"href":"https:\/\/saintpierre91.org\/cefop\/wp-json\/wp\/v2\/comments?post=891"}],"version-history":[{"count":22,"href":"https:\/\/saintpierre91.org\/cefop\/wp-json\/wp\/v2\/pages\/891\/revisions"}],"predecessor-version":[{"id":6253,"href":"https:\/\/saintpierre91.org\/cefop\/wp-json\/wp\/v2\/pages\/891\/revisions\/6253"}],"up":[{"embeddable":true,"href":"https:\/\/saintpierre91.org\/cefop\/wp-json\/wp\/v2\/pages\/869"}],"wp:attachment":[{"href":"https:\/\/saintpierre91.org\/cefop\/wp-json\/wp\/v2\/media?parent=891"}],"curies":[{"name":"wp","href":"https:\/\/api.w.org\/{rel}","templated":true}]}}