{"id":917,"date":"2021-01-14T16:07:17","date_gmt":"2021-01-14T15:07:17","guid":{"rendered":"https:\/\/saintpierre91.org\/-cfa\/?page_id=917"},"modified":"2022-04-26T10:43:37","modified_gmt":"2022-04-26T08:43:37","slug":"les-autres-formations","status":"publish","type":"page","link":"https:\/\/saintpierre91.org\/cefop\/formation-continue\/les-autres-formations\/","title":{"rendered":"Les autres formations"},"content":{"rendered":"\n<p><strong><a href=\"https:\/\/saintpierre91.org\/-cfa\/pee\/\">Parcours Entr\u00e9e dans l&rsquo;Emploi &#8211; PEE<\/a><\/strong><\/p>\n\n\n\n<p><strong><a href=\"https:\/\/saintpierre91.org\/cefop\/formation-continue\/les-autres-formations\/garantie-jeune\/?preview_id=923&amp;preview_nonce=cb341f3da1\">Contrat d&rsquo;Engagement Jeunes (CEJ)<\/a><\/strong><\/p>\n\n\n\n<p><strong><a href=\"https:\/\/saintpierre91.org\/-cfa\/formation-continue\/les-autres-formations\/les-formations-secourisme-sst-psc1\/\">Les formations secourisme : SST \/ PSC1<\/a><\/strong><\/p>\n","protected":false},"excerpt":{"rendered":"<p>Parcours Entr\u00e9e dans l&rsquo;Emploi &#8211; PEE Contrat d&rsquo;Engagement Jeunes (CEJ) Les formations secourisme : SST \/ PSC1<\/p>\n","protected":false},"author":1,"featured_media":0,"parent":18,"menu_order":0,"comment_status":"closed","ping_status":"closed","template":"","meta":{"_kad_post_transparent":"","_kad_post_title":"","_kad_post_layout":"","_kad_post_sidebar_id":"","_kad_post_content_style":"","_kad_post_vertical_padding":"","_kad_post_feature":"","_kad_post_feature_position":"","_kad_post_header":false,"_kad_post_footer":false,"cybocfi_hide_featured_image":"","footnotes":""},"class_list":["post-917","page","type-page","status-publish","hentry"],"yoast_head":"<!-- This site is optimized with the Yoast SEO plugin v25.3.1 - https:\/\/yoast.com\/wordpress\/plugins\/seo\/ -->\n<title>Les autres formations - CEFOP Saint Pierre OF CFA<\/title>\n<meta name=\"robots\" content=\"index, follow, max-snippet:-1, max-image-preview:large, max-video-preview:-1\" \/>\n<link rel=\"canonical\" href=\"https:\/\/saintpierre91.org\/cefop\/formation-continue\/les-autres-formations\/\" \/>\n<meta property=\"og:locale\" content=\"fr_FR\" \/>\n<meta property=\"og:type\" content=\"article\" \/>\n<meta property=\"og:title\" content=\"Les autres formations - CEFOP Saint Pierre OF CFA\" \/>\n<meta property=\"og:description\" content=\"Parcours Entr\u00e9e dans l&rsquo;Emploi &#8211; PEE Contrat d&rsquo;Engagement Jeunes (CEJ) Les formations secourisme : SST \/ PSC1\" \/>\n<meta property=\"og:url\" content=\"https:\/\/saintpierre91.org\/cefop\/formation-continue\/les-autres-formations\/\" \/>\n<meta property=\"og:site_name\" content=\"CEFOP Saint Pierre OF CFA\" \/>\n<meta property=\"article:modified_time\" content=\"2022-04-26T08:43:37+00:00\" \/>\n<meta name=\"twitter:card\" content=\"summary_large_image\" \/>\n<meta name=\"twitter:label1\" content=\"Dur\u00e9e de lecture estim\u00e9e\" \/>\n\t<meta name=\"twitter:data1\" content=\"1 minute\" \/>\n<script type=\"application\/ld+json\" class=\"yoast-schema-graph\">{\"@context\":\"https:\/\/schema.org\",\"@graph\":[{\"@type\":\"WebPage\",\"@id\":\"https:\/\/saintpierre91.org\/cefop\/formation-continue\/les-autres-formations\/\",\"url\":\"https:\/\/saintpierre91.org\/cefop\/formation-continue\/les-autres-formations\/\",\"name\":\"Les autres formations - CEFOP Saint Pierre OF CFA\",\"isPartOf\":{\"@id\":\"https:\/\/saintpierre91.org\/cefop\/#website\"},\"datePublished\":\"2021-01-14T15:07:17+00:00\",\"dateModified\":\"2022-04-26T08:43:37+00:00\",\"breadcrumb\":{\"@id\":\"https:\/\/saintpierre91.org\/cefop\/formation-continue\/les-autres-formations\/#breadcrumb\"},\"inLanguage\":\"fr-FR\",\"potentialAction\":[{\"@type\":\"ReadAction\",\"target\":[\"https:\/\/saintpierre91.org\/cefop\/formation-continue\/les-autres-formations\/\"]}]},{\"@type\":\"BreadcrumbList\",\"@id\":\"https:\/\/saintpierre91.org\/cefop\/formation-continue\/les-autres-formations\/#breadcrumb\",\"itemListElement\":[{\"@type\":\"ListItem\",\"position\":1,\"name\":\"Accueil\",\"item\":\"https:\/\/saintpierre91.org\/cefop\/\"},{\"@type\":\"ListItem\",\"position\":2,\"name\":\"Formation continue\",\"item\":\"https:\/\/saintpierre91.org\/cefop\/formation-continue\/\"},{\"@type\":\"ListItem\",\"position\":3,\"name\":\"Les autres formations\"}]},{\"@type\":\"WebSite\",\"@id\":\"https:\/\/saintpierre91.org\/cefop\/#website\",\"url\":\"https:\/\/saintpierre91.org\/cefop\/\",\"name\":\"CEFOP Saint Pierre OF CFA\",\"description\":\"Le  CEFOP Saint-Pierre a l\u2019ambition d\u2019accompagner l\u2019\u00e9volution des besoins et des m\u00e9tiers dans les secteurs de l\u2019h\u00f4tellerie, de la restauration, du tertiaire et du sanitaire et social en privil\u00e9giant des partenariats p\u00e9dagogiques de qualit\u00e9.\",\"publisher\":{\"@id\":\"https:\/\/saintpierre91.org\/cefop\/#organization\"},\"potentialAction\":[{\"@type\":\"SearchAction\",\"target\":{\"@type\":\"EntryPoint\",\"urlTemplate\":\"https:\/\/saintpierre91.org\/cefop\/?s={search_term_string}\"},\"query-input\":{\"@type\":\"PropertyValueSpecification\",\"valueRequired\":true,\"valueName\":\"search_term_string\"}}],\"inLanguage\":\"fr-FR\"},{\"@type\":\"Organization\",\"@id\":\"https:\/\/saintpierre91.org\/cefop\/#organization\",\"name\":\"CEFOP SAINT-PIERRE OF-CFA\",\"url\":\"https:\/\/saintpierre91.org\/cefop\/\",\"logo\":{\"@type\":\"ImageObject\",\"inLanguage\":\"fr-FR\",\"@id\":\"https:\/\/saintpierre91.org\/cefop\/#\/schema\/logo\/image\/\",\"url\":\"https:\/\/saintpierre91.org\/cefop\/wp-content\/uploads\/2020\/11\/icone-01.png\",\"contentUrl\":\"https:\/\/saintpierre91.org\/cefop\/wp-content\/uploads\/2020\/11\/icone-01.png\",\"width\":512,\"height\":512,\"caption\":\"CEFOP SAINT-PIERRE OF-CFA\"},\"image\":{\"@id\":\"https:\/\/saintpierre91.org\/cefop\/#\/schema\/logo\/image\/\"}}]}<\/script>\n<!-- \/ Yoast SEO plugin. -->","yoast_head_json":{"title":"Les autres formations - CEFOP Saint Pierre OF CFA","robots":{"index":"index","follow":"follow","max-snippet":"max-snippet:-1","max-image-preview":"max-image-preview:large","max-video-preview":"max-video-preview:-1"},"canonical":"https:\/\/saintpierre91.org\/cefop\/formation-continue\/les-autres-formations\/","og_locale":"fr_FR","og_type":"article","og_title":"Les autres formations - CEFOP Saint Pierre OF CFA","og_description":"Parcours Entr\u00e9e dans l&rsquo;Emploi &#8211; PEE Contrat d&rsquo;Engagement Jeunes (CEJ) Les formations secourisme : SST \/ PSC1","og_url":"https:\/\/saintpierre91.org\/cefop\/formation-continue\/les-autres-formations\/","og_site_name":"CEFOP Saint Pierre OF CFA","article_modified_time":"2022-04-26T08:43:37+00:00","twitter_card":"summary_large_image","twitter_misc":{"Dur\u00e9e de lecture estim\u00e9e":"1 minute"},"schema":{"@context":"https:\/\/schema.org","@graph":[{"@type":"WebPage","@id":"https:\/\/saintpierre91.org\/cefop\/formation-continue\/les-autres-formations\/","url":"https:\/\/saintpierre91.org\/cefop\/formation-continue\/les-autres-formations\/","name":"Les autres formations - CEFOP Saint Pierre OF CFA","isPartOf":{"@id":"https:\/\/saintpierre91.org\/cefop\/#website"},"datePublished":"2021-01-14T15:07:17+00:00","dateModified":"2022-04-26T08:43:37+00:00","breadcrumb":{"@id":"https:\/\/saintpierre91.org\/cefop\/formation-continue\/les-autres-formations\/#breadcrumb"},"inLanguage":"fr-FR","potentialAction":[{"@type":"ReadAction","target":["https:\/\/saintpierre91.org\/cefop\/formation-continue\/les-autres-formations\/"]}]},{"@type":"BreadcrumbList","@id":"https:\/\/saintpierre91.org\/cefop\/formation-continue\/les-autres-formations\/#breadcrumb","itemListElement":[{"@type":"ListItem","position":1,"name":"Accueil","item":"https:\/\/saintpierre91.org\/cefop\/"},{"@type":"ListItem","position":2,"name":"Formation continue","item":"https:\/\/saintpierre91.org\/cefop\/formation-continue\/"},{"@type":"ListItem","position":3,"name":"Les autres formations"}]},{"@type":"WebSite","@id":"https:\/\/saintpierre91.org\/cefop\/#website","url":"https:\/\/saintpierre91.org\/cefop\/","name":"CEFOP Saint Pierre OF CFA","description":"Le  CEFOP Saint-Pierre a l\u2019ambition d\u2019accompagner l\u2019\u00e9volution des besoins et des m\u00e9tiers dans les secteurs de l\u2019h\u00f4tellerie, de la restauration, du tertiaire et du sanitaire et social en privil\u00e9giant des partenariats p\u00e9dagogiques de qualit\u00e9.","publisher":{"@id":"https:\/\/saintpierre91.org\/cefop\/#organization"},"potentialAction":[{"@type":"SearchAction","target":{"@type":"EntryPoint","urlTemplate":"https:\/\/saintpierre91.org\/cefop\/?s={search_term_string}"},"query-input":{"@type":"PropertyValueSpecification","valueRequired":true,"valueName":"search_term_string"}}],"inLanguage":"fr-FR"},{"@type":"Organization","@id":"https:\/\/saintpierre91.org\/cefop\/#organization","name":"CEFOP SAINT-PIERRE OF-CFA","url":"https:\/\/saintpierre91.org\/cefop\/","logo":{"@type":"ImageObject","inLanguage":"fr-FR","@id":"https:\/\/saintpierre91.org\/cefop\/#\/schema\/logo\/image\/","url":"https:\/\/saintpierre91.org\/cefop\/wp-content\/uploads\/2020\/11\/icone-01.png","contentUrl":"https:\/\/saintpierre91.org\/cefop\/wp-content\/uploads\/2020\/11\/icone-01.png","width":512,"height":512,"caption":"CEFOP SAINT-PIERRE OF-CFA"},"image":{"@id":"https:\/\/saintpierre91.org\/cefop\/#\/schema\/logo\/image\/"}}]}},"_links":{"self":[{"href":"https:\/\/saintpierre91.org\/cefop\/wp-json\/wp\/v2\/pages\/917","targetHints":{"allow":["GET"]}}],"collection":[{"href":"https:\/\/saintpierre91.org\/cefop\/wp-json\/wp\/v2\/pages"}],"about":[{"href":"https:\/\/saintpierre91.org\/cefop\/wp-json\/wp\/v2\/types\/page"}],"author":[{"embeddable":true,"href":"https:\/\/saintpierre91.org\/cefop\/wp-json\/wp\/v2\/users\/1"}],"replies":[{"embeddable":true,"href":"https:\/\/saintpierre91.org\/cefop\/wp-json\/wp\/v2\/comments?post=917"}],"version-history":[{"count":6,"href":"https:\/\/saintpierre91.org\/cefop\/wp-json\/wp\/v2\/pages\/917\/revisions"}],"predecessor-version":[{"id":3146,"href":"https:\/\/saintpierre91.org\/cefop\/wp-json\/wp\/v2\/pages\/917\/revisions\/3146"}],"up":[{"embeddable":true,"href":"https:\/\/saintpierre91.org\/cefop\/wp-json\/wp\/v2\/pages\/18"}],"wp:attachment":[{"href":"https:\/\/saintpierre91.org\/cefop\/wp-json\/wp\/v2\/media?parent=917"}],"curies":[{"name":"wp","href":"https:\/\/api.w.org\/{rel}","templated":true}]}}