{"id":929,"date":"2021-01-14T16:11:26","date_gmt":"2021-01-14T15:11:26","guid":{"rendered":"https:\/\/saintpierre91.org\/-cfa\/?page_id=929"},"modified":"2025-10-20T11:29:06","modified_gmt":"2025-10-20T09:29:06","slug":"les-formations-secourisme-sst-psc1","status":"publish","type":"page","link":"https:\/\/saintpierre91.org\/cefop\/formation-continue\/les-autres-formations\/les-formations-secourisme-sst-psc1\/","title":{"rendered":"SST : Sauveteur Secouriste du Travail"},"content":{"rendered":"\n<div class=\"card bg-light\">\n<div class=\"card-body\">\n<h1 style=\"color: #6F2482;\">SST : Sauveteur Secouriste du Travail<\/h1>\n<\/div>\n<div class=\"card-footer\" style=\"text-align:right;\"><i><small>Mise \u00e0 jour : 20 octobre 2025<\/small><\/i><\/div> \n<\/div>\n<br>\n\n\n\n<div class=\"row\">\n<div class=\"col-sm-8\">\nLa formation SST a pour objectif d\u2019apprendre au salari\u00e9 d\u2019une entreprise les gestes de premiers secours et la conduite \u00e0 tenir en attendant l\u2019arriv\u00e9e des secours.\n\n\n\n<br>\n\n<h2 style=\"color: #ea258a;\">OBJECTIFS<\/h2>\n<h3>Objectif g\u00e9n\u00e9ral<\/h3>\nLe SST permet par l\u2019acquisition de comp\u00e9tences sp\u00e9cifiques, de :<br>\n<ul>\n<li>Rep\u00e9rer les situations dangereuses dans son entreprise. Savoir \u00e0 qui et comment relayer ces informations ;<\/li>\n<li>Participer \u00e0 la mise en \u0153uvre d\u2019actions de pr\u00e9vention et\/ou de protection ;<\/li>\n<li>Savoir qui et comment alerter en fonction de l\u2019organisation des secours dans l\u2019entreprise ;<\/li>\n<li>Ma\u00eetriser les conduites \u00e0 tenir et les gestes de premiers secours (mettre en s\u00e9curit\u00e9 la personne accident\u00e9e, r\u00e9agir face \u00e0 un saignement ou un \u00e9touffement, utiliser un d\u00e9fibrillateur et pratiquer un massage cardiaque\u2026) ;<\/li>\n<\/ul>\n\n<h3>Objectifs op\u00e9rationnels<\/h3>\n<h4>Domaine de comp\u00e9tence 1 : Intervenir face \u00e0 une situation d\u2019accident du travail<\/h4>\n<ol>\n<li>Situer son r\u00f4le de SST dans l\u2019organisation des secours dans l\u2019entreprise<\/li>\n<li>Prot\u00e9ger de fa\u00e7on adapt\u00e9e<\/li>\n<li>Examiner la victime<\/li>\n<li>Garantir une alerte favorisant l\u2019arriv\u00e9e de secours adapt\u00e9s au plus pr\u00e8s de la victime<\/li>\n<li>Secourir la victime de mani\u00e8re appropri\u00e9e<\/li>\n<ul>\n<li>H\u00e9moragie<\/li>\n<li>Obstruction brutale des voies a\u00e9rienne<\/li>\n<li>Les malaises<\/li>\n<li>Les brulures<\/li>\n<li>Les traumatismes et les plaies<\/li>\n<li>La victime inconsciente qui respire<\/li>\n<li>L&rsquo;arr\u00eat cardio respiratoire<\/li>\n    <\/ul>             \n                 <\/ol>\n                 \n<h4>Domaine de comp\u00e9tence 2 : Contribuer \u00e0 la pr\u00e9vention des risques professionnels dans l\u2019entreprise<\/h4>\n<ol start=\"6\">\n\n<li>Situer son r\u00f4le de SST dans l\u2019organisation de la pr\u00e9vention de l\u2019entreprise<\/li>\n<li>Caract\u00e9riser des risques professionnels dans une situation de travail<\/li>\n<li>Participer \u00e0 la ma\u00eetrise des risques professionnels par des actions de pr\u00e9vention<\/li>\n<\/ol>\n\n\n\n\n\n<h2 style=\"color: #ea258a;\">CONTENUS P\u00c9DAGOGIQUES<\/h2>\n<ul>\n<li>Simulation de mise en situation<\/li>\n<li>Jeux de r\u00f4le<\/li>\n<li>Supports vid\u00e9o et papiers<\/li>\n<\/ul>\n\n\n<h2 style=\"color: #ea258a;\">M\u00c9THODOLOGIE<\/h2>\nTravail en groupe et sous-groupe (en \u00e9quipe)<br>\n<span class=\"badge bg-secondary\">4 stagiaires minimum et 10 maximum.<\/span>\n\n\n\n<h2 style=\"color: #ea258a;\">MODALIT\u00c9S D&rsquo;\u00c9VALUATION<\/h2>\n<ul>\n<li>Synth\u00e8se<\/li>\n<li>Evaluation certificative<\/li>\n<\/ul>\n\n\n<h2 style=\"color: #ea258a;\">VALIDATION<\/h2>\nL\u2019\u00e9valuation du candidat se fait tout au long de la formation.\n<br><br>\nLa certification finale donne droit au certificat SST de l\u2019 <a href=\"https:\/\/www.inrs.fr\/\" target=\"_blank\" rel=\"noopener\">INRS<\/a>.\n\n\n\n<br><br>\n<h2 style=\"color: #ea258a;\">ACCESSIBILIT\u00c9 AUX PERSONNES EN SITUATION DE HANDICAP ET S\u00c9CURISATION DE LEUR PARCOURS DE FORMATION<\/h2>\n<small><a href=\"https:\/\/saintpierre91.org\/cefop\/accessibilite\/\" target=\"_blank\" rel=\"noopener\">Consulter le dossier administratif<\/a><\/small>\n<div class=\"row\">\n<div class=\"col-md-3\">\n<center>\n<img decoding=\"async\" src=\"https:\/\/saintpierre91.org\/images\/PSH-4.svg\" width=\"150px\">\n<\/center><br>\n<\/div>\n<div class=\"col-md-9\">\n<ul>\n<li>Selon demande, des adaptations et des  am\u00e9nagements seront mis en \u0153uvre en fonction des besoins \u00e9ducatifs particuliers de l\u2019apprenti (Plan d\u2019Accompagnement  Personnalis\u00e9, Projet d\u2019accueil individualis\u00e9), sous  r\u00e9serve  que  la situation de sant\u00e9 de la personne soit  stabilis\u00e9e, de l\u2019absence de contre-indications \u00e0  l\u2019exercice de la profession et dans la limite d\u2019am\u00e9nagements raisonnables (loi du 11 F\u00e9vrier 2005). Cette demande peut \u00eatre pr\u00e9cis\u00e9e lors de l\u2019entretien de recrutement et \u00e0 tout moment de la formation.<\/li>\n<li>Nous accompagnons les stagiaires et les apprentis pour effectuer leurs d\u00e9marches aupr\u00e8s de la Maison D\u00e9partementale des Personnes Handicap\u00e9es (<a href=\"\/images\/pdf\/cefop\/PEE-2018-C3I9-Informations-stagiaire-RQTH.pdf\" target=\"_blank\" rel=\"noopener noreferrer\">fiche d\u2019informations sur le  lien suivant<\/a>).<\/li>\n<li>Les  dossiers  sont  r\u00e9alis\u00e9s par  la r\u00e9f\u00e9rente handicap, psychologue scolaire, (Mme Marjorie ROUSSEAU NGUYEN : 06 48 38 19 91 &#8211; <a href=\"mailto:marjorie.rousseau@saint-pierre91.org\" target=\"_blank\" rel=\"noopener noreferrer\">marjorie.rousseau@saint-pierre91.org<\/a>) et le p\u00f4le Sant\u00e9 du CEFOP Saint-Pierre OF-CFA.<\/li>\n<li>Les locaux sont adapt\u00e9s aux personnes \u00e0 mobilit\u00e9 r\u00e9duite.\n<\/li>\n<\/ul>\n<\/div>\n<\/div>\n\n\n<br>\n\n\n\n<div id=\"accordion\">\n\t<div class=\"card\">\n    \t\t\t<div class=\"card-header\" id=\"headingFour\">\n      \t\t\t<h3 class=\"mb-0\">\n      \t\t\t<button type=\"button\" class=\"btn btn-primary btn-lg btn-block\" data-bs-toggle=\"collapse\" data-bs-target=\"#collapseOneOne\" aria-expanded=\"true\" aria-controls=\"collapseOneOne\">\n      \t\t\t<span class=\"pull-left\">INDICATEURS DE RESULTATS <i class=\"fas fa-angle-down\"><\/i><\/span><\/button>\n      \t\t\t<\/h3>\n    \t\t\t<\/div>\n    \n        <div id=\"collapseOneOne\" class=\"collapse\" aria-labelledby=\"headingOne\" data-parent=\"#accordion\">\n      \t\n\n<div class=\"card\"><div class=\"card-body\">\n<h3 style=\"text-transform:uppercase\">\n<span class=\"fa-stack fa-lg\">\n  <i class=\"fas fa-square fa-stack-2x\"><\/i>\n  <i class=\"far fa-thumbs-up fa-stack-1x fa-inverse\"><\/i>\n<\/span>Taux  de  r\u00e9ussite aux examens<\/h3>\n\n\n<table class=\"table table-hover\">\n<thead><tr class=\"tableizer-firstrow\"><th><\/th><th>2023<\/th><th>2024<\/th><th>2025<\/th><\/tr><\/thead><tbody>\n <tr><td>SST\n  <\/td><td>100%<br><br>(44 sur 44)\n  <\/td><td>100%<br><br>(39 sur 39)\n  <\/td><td>100%<br><br>(36 sur 36)\n<\/td><\/tr>\n\n<\/tbody><\/table>\n\n\n<br>\n<h3 style=\"text-transform:uppercase\">\n<span class=\"fa-stack fa-lg\">\n  <i class=\"fas fa-square fa-stack-2x\"><\/i>\n  <i class=\"fa-solid fa-person-walking-dashed-line-arrow-right fa-stack-1x fa-inverse\"><\/i>\n<\/span>Taux d&rsquo;interruption<\/h3>\n<table class=\"table table-hover\">\n<thead><tr class=\"tableizer-firstrow\"><th><\/th><th>2023<\/th><th>2024<\/th><th>2025<\/th><\/tr><\/thead><tbody>\n\n\n <tr><td>SST\n \t<\/td><td>0%\n \t<\/td><td>0%\n \t<\/td><td>0%\n<\/td><\/tr>\n<\/tbody><\/table>\n\n\n\n\n<\/div><\/div>\n\n\n\n\n\n\n\t\t\n\n<\/div><\/div> <\/div>\n\n\n       \n\n\n\n\n\n\n\n\n\n\n\n<h2 style=\"color: #ea258a;\">MODALIT\u00c9S D&rsquo;INSCRIPTION ET D\u00c9LAI DE R\u00c9PONSE<\/h2>\n<p class=\"text-justify\">\nPour  vous  inscrire, contactez <a href=\"mailto:cefop.sante@wanadoo.fr\">Mme Chabab<\/a>. Nous  vous  contacterons   sous   8 jours pour vous proposer une date selon le calendrier.\n\n<\/p>\n\n<br>\n\n\n\n\n<div class=\"card\">\n  <div class=\"card-header\"><h4><i class=\"fas fa-plus-circle\"><\/i> Valeur ajout\u00e9e du CEFOP<\/h4><\/div>\n  <div class=\"card-body\">\n  <small>\n<b>Le CEFOP est  un lieu d\u2019\u00e9coute et d\u2019\u00e9change<\/b>, dans lequel chacun trouve sa place tant sur le plan professionnel que personnel.<br>\n<b>Un accompagnement et un suivi individualis\u00e9 pour chaque stagiaire<\/b>.<br>\n\n<h5>Pour les sessions SST : <\/h5>\nGr\u00e2ce \u00e0 nos sessions SST, nos apprenants acqui\u00e8rent les comp\u00e9tences n\u00e9cessaires pour intervenir rapidement et efficacement face aux situations d\u2019urgence en milieu professionnel. \n\n\t\n\n  <\/small>\n  <\/div>\n<\/div>\n\n\n<\/div>\n\n\n\n\n\n\n\n\n\n\n\n\n\n<div class=\"col-sm-4\">\n\n<div class=\"card\">\n<div class=\"card-header\">\n<h3 class=\"card-title\"><i class=\"far fa-id-badge\"><\/i>\n CONTACT<br>\n<\/h3>\n<\/div>\n<div class=\"card-body\">\n<h4>Myriem CHABAB<\/h4>\nAssistante CEFOP<br>\n<small>\nCEFOP SAINT-PIERRE OF-CFA, Secteur Sant\u00e9<br>\n70 rue de Montgeron \u2013 B.P. 201<br>\n91801 BRUNOY <br>\nT\u00e9l : 01 60 47 99 99<br>\nMail : <a href=\"mailto:cefop.sante@wanadoo.fr\">cefop.sante@wanadoo.fr<\/a>\n\n<\/small>\n<p><\/p>\n<\/div>\n<\/div>\n<br>\n\n\n\n\n\n<div class=\"card\">\n<div class=\"card-header\">\n<h3 class=\"card-title\"><i class=\"fas fa-stamp\"><\/i>\n FINANCEMENT<br>\n<\/h3>\n<\/div>\n<div class=\"card-body\">\n<ul>\n\n<li>Financement personnel<\/li>\n<li>OPCO d&rsquo;entreprises<\/li>\n<\/ul>\nCo\u00fbt de la formation : <br>\n1500\u20ac par session pour un groupe de 4-10 personnes<br>\n150 \u20ac par personne selon calendrier<br>\n<br>\nCo\u00fbt de la formation (Recyclage) : <br>\n750 \u20ac par session pour un groupe de 4-10 personnes<br> \n75 \u20ac par personne selon calendrier\n\n<\/ul>\n<\/div>\n<\/div>\n<br>\n\n\n\n\n\n<div class=\"card\">\n<div class=\"card-header\">\n<h3 class=\"card-title\"><i class=\"fas fa-hourglass-half\"><\/i>\n DUREE : <br>\n<\/h3>\n<\/div>\n<div class=\"card-body\">\n<p>\nLa formation dure 14 heures.<br>\nPour un recyclage, la formation dure 7 heures.\n<\/p>\n<\/div>\n<\/div>\n<br>\n\n\n\n<div class=\"card\">\n<div class=\"card-header\">\n<h3 class=\"card-title\"><i class=\"fas fa-clipboard-list\"><\/i>\n PR\u00c9-REQUIS ET CONDITIONS D&rsquo;ADMISSIONS<br>\n<\/h3>\n<\/div>\n<div class=\"card-body\">\n<p>\nFormation accessible d\u00e8s 16 ans (autorisation parentale n\u00e9cessaire pour les mineurs)\n<\/p>\n<\/div>\n<\/div>\n<br>\n\n\n\n\n\n\n\n\n\n\n\n\n\n\n\n\n<\/div>\n","protected":false},"excerpt":{"rendered":"<p>SST : Sauveteur Secouriste du Travail La formation SST a pour objectif d\u2019apprendre au salari\u00e9 d\u2019une entreprise les gestes de premiers secours et la conduite \u00e0 tenir en attendant l\u2019arriv\u00e9e des secours. OBJECTIFS Objectif g\u00e9n\u00e9ral Le SST permet par l\u2019acquisition de comp\u00e9tences sp\u00e9cifiques, de : Rep\u00e9rer les situations dangereuses dans son entreprise. Savoir \u00e0 qui&#8230;<\/p>\n","protected":false},"author":1,"featured_media":0,"parent":917,"menu_order":0,"comment_status":"closed","ping_status":"closed","template":"","meta":{"_kad_post_transparent":"","_kad_post_title":"","_kad_post_layout":"","_kad_post_sidebar_id":"","_kad_post_content_style":"","_kad_post_vertical_padding":"","_kad_post_feature":"","_kad_post_feature_position":"","_kad_post_header":false,"_kad_post_footer":false,"cybocfi_hide_featured_image":"","footnotes":""},"class_list":["post-929","page","type-page","status-publish","hentry"],"yoast_head":"<!-- This site is optimized with the Yoast SEO plugin v25.3.1 - https:\/\/yoast.com\/wordpress\/plugins\/seo\/ -->\n<title>SST : Sauveteur Secouriste du Travail - CEFOP Saint Pierre OF CFA<\/title>\n<meta name=\"description\" content=\"La formation SST a pour objectif d\u2019apprendre au salari\u00e9 d\u2019une entreprise les gestes de premiers secours et la conduite \u00e0 tenir en attendant l\u2019arriv\u00e9e des secours.\" \/>\n<meta name=\"robots\" content=\"index, follow, max-snippet:-1, max-image-preview:large, max-video-preview:-1\" \/>\n<link rel=\"canonical\" href=\"https:\/\/saintpierre91.org\/cefop\/formation-continue\/les-autres-formations\/les-formations-secourisme-sst-psc1\/\" \/>\n<meta property=\"og:locale\" content=\"fr_FR\" \/>\n<meta property=\"og:type\" content=\"article\" \/>\n<meta property=\"og:title\" content=\"SST : Sauveteur Secouriste du Travail - CEFOP Saint Pierre OF CFA\" \/>\n<meta property=\"og:description\" content=\"La formation SST a pour objectif d\u2019apprendre au salari\u00e9 d\u2019une entreprise les gestes de premiers secours et la conduite \u00e0 tenir en attendant l\u2019arriv\u00e9e des secours.\" \/>\n<meta property=\"og:url\" content=\"https:\/\/saintpierre91.org\/cefop\/formation-continue\/les-autres-formations\/les-formations-secourisme-sst-psc1\/\" \/>\n<meta property=\"og:site_name\" content=\"CEFOP Saint Pierre OF CFA\" \/>\n<meta property=\"article:modified_time\" content=\"2025-10-20T09:29:06+00:00\" \/>\n<meta property=\"og:image\" content=\"https:\/\/saintpierre91.org\/images\/PSH-4.svg\" \/>\n<meta name=\"twitter:card\" content=\"summary_large_image\" \/>\n<meta name=\"twitter:label1\" content=\"Dur\u00e9e de lecture estim\u00e9e\" \/>\n\t<meta name=\"twitter:data1\" content=\"4 minutes\" \/>\n<script type=\"application\/ld+json\" class=\"yoast-schema-graph\">{\"@context\":\"https:\/\/schema.org\",\"@graph\":[{\"@type\":\"WebPage\",\"@id\":\"https:\/\/saintpierre91.org\/cefop\/formation-continue\/les-autres-formations\/les-formations-secourisme-sst-psc1\/\",\"url\":\"https:\/\/saintpierre91.org\/cefop\/formation-continue\/les-autres-formations\/les-formations-secourisme-sst-psc1\/\",\"name\":\"SST : Sauveteur Secouriste du Travail - CEFOP Saint Pierre OF CFA\",\"isPartOf\":{\"@id\":\"https:\/\/saintpierre91.org\/cefop\/#website\"},\"primaryImageOfPage\":{\"@id\":\"https:\/\/saintpierre91.org\/cefop\/formation-continue\/les-autres-formations\/les-formations-secourisme-sst-psc1\/#primaryimage\"},\"image\":{\"@id\":\"https:\/\/saintpierre91.org\/cefop\/formation-continue\/les-autres-formations\/les-formations-secourisme-sst-psc1\/#primaryimage\"},\"thumbnailUrl\":\"https:\/\/saintpierre91.org\/images\/PSH-4.svg\",\"datePublished\":\"2021-01-14T15:11:26+00:00\",\"dateModified\":\"2025-10-20T09:29:06+00:00\",\"description\":\"La formation SST a pour objectif d\u2019apprendre au salari\u00e9 d\u2019une entreprise les gestes de premiers secours et la conduite \u00e0 tenir en attendant l\u2019arriv\u00e9e des secours.\",\"breadcrumb\":{\"@id\":\"https:\/\/saintpierre91.org\/cefop\/formation-continue\/les-autres-formations\/les-formations-secourisme-sst-psc1\/#breadcrumb\"},\"inLanguage\":\"fr-FR\",\"potentialAction\":[{\"@type\":\"ReadAction\",\"target\":[\"https:\/\/saintpierre91.org\/cefop\/formation-continue\/les-autres-formations\/les-formations-secourisme-sst-psc1\/\"]}]},{\"@type\":\"ImageObject\",\"inLanguage\":\"fr-FR\",\"@id\":\"https:\/\/saintpierre91.org\/cefop\/formation-continue\/les-autres-formations\/les-formations-secourisme-sst-psc1\/#primaryimage\",\"url\":\"https:\/\/saintpierre91.org\/images\/PSH-4.svg\",\"contentUrl\":\"https:\/\/saintpierre91.org\/images\/PSH-4.svg\"},{\"@type\":\"BreadcrumbList\",\"@id\":\"https:\/\/saintpierre91.org\/cefop\/formation-continue\/les-autres-formations\/les-formations-secourisme-sst-psc1\/#breadcrumb\",\"itemListElement\":[{\"@type\":\"ListItem\",\"position\":1,\"name\":\"Accueil\",\"item\":\"https:\/\/saintpierre91.org\/cefop\/\"},{\"@type\":\"ListItem\",\"position\":2,\"name\":\"Formation continue\",\"item\":\"https:\/\/saintpierre91.org\/cefop\/formation-continue\/\"},{\"@type\":\"ListItem\",\"position\":3,\"name\":\"Les autres formations\",\"item\":\"https:\/\/saintpierre91.org\/cefop\/formation-continue\/les-autres-formations\/\"},{\"@type\":\"ListItem\",\"position\":4,\"name\":\"SST : Sauveteur Secouriste du Travail\"}]},{\"@type\":\"WebSite\",\"@id\":\"https:\/\/saintpierre91.org\/cefop\/#website\",\"url\":\"https:\/\/saintpierre91.org\/cefop\/\",\"name\":\"CEFOP Saint Pierre OF CFA\",\"description\":\"Le  CEFOP Saint-Pierre a l\u2019ambition d\u2019accompagner l\u2019\u00e9volution des besoins et des m\u00e9tiers dans les secteurs de l\u2019h\u00f4tellerie, de la restauration, du tertiaire et du sanitaire et social en privil\u00e9giant des partenariats p\u00e9dagogiques de qualit\u00e9.\",\"publisher\":{\"@id\":\"https:\/\/saintpierre91.org\/cefop\/#organization\"},\"potentialAction\":[{\"@type\":\"SearchAction\",\"target\":{\"@type\":\"EntryPoint\",\"urlTemplate\":\"https:\/\/saintpierre91.org\/cefop\/?s={search_term_string}\"},\"query-input\":{\"@type\":\"PropertyValueSpecification\",\"valueRequired\":true,\"valueName\":\"search_term_string\"}}],\"inLanguage\":\"fr-FR\"},{\"@type\":\"Organization\",\"@id\":\"https:\/\/saintpierre91.org\/cefop\/#organization\",\"name\":\"CEFOP SAINT-PIERRE OF-CFA\",\"url\":\"https:\/\/saintpierre91.org\/cefop\/\",\"logo\":{\"@type\":\"ImageObject\",\"inLanguage\":\"fr-FR\",\"@id\":\"https:\/\/saintpierre91.org\/cefop\/#\/schema\/logo\/image\/\",\"url\":\"https:\/\/saintpierre91.org\/cefop\/wp-content\/uploads\/2020\/11\/icone-01.png\",\"contentUrl\":\"https:\/\/saintpierre91.org\/cefop\/wp-content\/uploads\/2020\/11\/icone-01.png\",\"width\":512,\"height\":512,\"caption\":\"CEFOP SAINT-PIERRE OF-CFA\"},\"image\":{\"@id\":\"https:\/\/saintpierre91.org\/cefop\/#\/schema\/logo\/image\/\"}}]}<\/script>\n<!-- \/ Yoast SEO plugin. -->","yoast_head_json":{"title":"SST : Sauveteur Secouriste du Travail - CEFOP Saint Pierre OF CFA","description":"La formation SST a pour objectif d\u2019apprendre au salari\u00e9 d\u2019une entreprise les gestes de premiers secours et la conduite \u00e0 tenir en attendant l\u2019arriv\u00e9e des secours.","robots":{"index":"index","follow":"follow","max-snippet":"max-snippet:-1","max-image-preview":"max-image-preview:large","max-video-preview":"max-video-preview:-1"},"canonical":"https:\/\/saintpierre91.org\/cefop\/formation-continue\/les-autres-formations\/les-formations-secourisme-sst-psc1\/","og_locale":"fr_FR","og_type":"article","og_title":"SST : Sauveteur Secouriste du Travail - CEFOP Saint Pierre OF CFA","og_description":"La formation SST a pour objectif d\u2019apprendre au salari\u00e9 d\u2019une entreprise les gestes de premiers secours et la conduite \u00e0 tenir en attendant l\u2019arriv\u00e9e des secours.","og_url":"https:\/\/saintpierre91.org\/cefop\/formation-continue\/les-autres-formations\/les-formations-secourisme-sst-psc1\/","og_site_name":"CEFOP Saint Pierre OF CFA","article_modified_time":"2025-10-20T09:29:06+00:00","og_image":[{"url":"https:\/\/saintpierre91.org\/images\/PSH-4.svg","type":"","width":"","height":""}],"twitter_card":"summary_large_image","twitter_misc":{"Dur\u00e9e de lecture estim\u00e9e":"4 minutes"},"schema":{"@context":"https:\/\/schema.org","@graph":[{"@type":"WebPage","@id":"https:\/\/saintpierre91.org\/cefop\/formation-continue\/les-autres-formations\/les-formations-secourisme-sst-psc1\/","url":"https:\/\/saintpierre91.org\/cefop\/formation-continue\/les-autres-formations\/les-formations-secourisme-sst-psc1\/","name":"SST : Sauveteur Secouriste du Travail - CEFOP Saint Pierre OF CFA","isPartOf":{"@id":"https:\/\/saintpierre91.org\/cefop\/#website"},"primaryImageOfPage":{"@id":"https:\/\/saintpierre91.org\/cefop\/formation-continue\/les-autres-formations\/les-formations-secourisme-sst-psc1\/#primaryimage"},"image":{"@id":"https:\/\/saintpierre91.org\/cefop\/formation-continue\/les-autres-formations\/les-formations-secourisme-sst-psc1\/#primaryimage"},"thumbnailUrl":"https:\/\/saintpierre91.org\/images\/PSH-4.svg","datePublished":"2021-01-14T15:11:26+00:00","dateModified":"2025-10-20T09:29:06+00:00","description":"La formation SST a pour objectif d\u2019apprendre au salari\u00e9 d\u2019une entreprise les gestes de premiers secours et la conduite \u00e0 tenir en attendant l\u2019arriv\u00e9e des secours.","breadcrumb":{"@id":"https:\/\/saintpierre91.org\/cefop\/formation-continue\/les-autres-formations\/les-formations-secourisme-sst-psc1\/#breadcrumb"},"inLanguage":"fr-FR","potentialAction":[{"@type":"ReadAction","target":["https:\/\/saintpierre91.org\/cefop\/formation-continue\/les-autres-formations\/les-formations-secourisme-sst-psc1\/"]}]},{"@type":"ImageObject","inLanguage":"fr-FR","@id":"https:\/\/saintpierre91.org\/cefop\/formation-continue\/les-autres-formations\/les-formations-secourisme-sst-psc1\/#primaryimage","url":"https:\/\/saintpierre91.org\/images\/PSH-4.svg","contentUrl":"https:\/\/saintpierre91.org\/images\/PSH-4.svg"},{"@type":"BreadcrumbList","@id":"https:\/\/saintpierre91.org\/cefop\/formation-continue\/les-autres-formations\/les-formations-secourisme-sst-psc1\/#breadcrumb","itemListElement":[{"@type":"ListItem","position":1,"name":"Accueil","item":"https:\/\/saintpierre91.org\/cefop\/"},{"@type":"ListItem","position":2,"name":"Formation continue","item":"https:\/\/saintpierre91.org\/cefop\/formation-continue\/"},{"@type":"ListItem","position":3,"name":"Les autres formations","item":"https:\/\/saintpierre91.org\/cefop\/formation-continue\/les-autres-formations\/"},{"@type":"ListItem","position":4,"name":"SST : Sauveteur Secouriste du Travail"}]},{"@type":"WebSite","@id":"https:\/\/saintpierre91.org\/cefop\/#website","url":"https:\/\/saintpierre91.org\/cefop\/","name":"CEFOP Saint Pierre OF CFA","description":"Le  CEFOP Saint-Pierre a l\u2019ambition d\u2019accompagner l\u2019\u00e9volution des besoins et des m\u00e9tiers dans les secteurs de l\u2019h\u00f4tellerie, de la restauration, du tertiaire et du sanitaire et social en privil\u00e9giant des partenariats p\u00e9dagogiques de qualit\u00e9.","publisher":{"@id":"https:\/\/saintpierre91.org\/cefop\/#organization"},"potentialAction":[{"@type":"SearchAction","target":{"@type":"EntryPoint","urlTemplate":"https:\/\/saintpierre91.org\/cefop\/?s={search_term_string}"},"query-input":{"@type":"PropertyValueSpecification","valueRequired":true,"valueName":"search_term_string"}}],"inLanguage":"fr-FR"},{"@type":"Organization","@id":"https:\/\/saintpierre91.org\/cefop\/#organization","name":"CEFOP SAINT-PIERRE OF-CFA","url":"https:\/\/saintpierre91.org\/cefop\/","logo":{"@type":"ImageObject","inLanguage":"fr-FR","@id":"https:\/\/saintpierre91.org\/cefop\/#\/schema\/logo\/image\/","url":"https:\/\/saintpierre91.org\/cefop\/wp-content\/uploads\/2020\/11\/icone-01.png","contentUrl":"https:\/\/saintpierre91.org\/cefop\/wp-content\/uploads\/2020\/11\/icone-01.png","width":512,"height":512,"caption":"CEFOP SAINT-PIERRE OF-CFA"},"image":{"@id":"https:\/\/saintpierre91.org\/cefop\/#\/schema\/logo\/image\/"}}]}},"_links":{"self":[{"href":"https:\/\/saintpierre91.org\/cefop\/wp-json\/wp\/v2\/pages\/929","targetHints":{"allow":["GET"]}}],"collection":[{"href":"https:\/\/saintpierre91.org\/cefop\/wp-json\/wp\/v2\/pages"}],"about":[{"href":"https:\/\/saintpierre91.org\/cefop\/wp-json\/wp\/v2\/types\/page"}],"author":[{"embeddable":true,"href":"https:\/\/saintpierre91.org\/cefop\/wp-json\/wp\/v2\/users\/1"}],"replies":[{"embeddable":true,"href":"https:\/\/saintpierre91.org\/cefop\/wp-json\/wp\/v2\/comments?post=929"}],"version-history":[{"count":110,"href":"https:\/\/saintpierre91.org\/cefop\/wp-json\/wp\/v2\/pages\/929\/revisions"}],"predecessor-version":[{"id":6830,"href":"https:\/\/saintpierre91.org\/cefop\/wp-json\/wp\/v2\/pages\/929\/revisions\/6830"}],"up":[{"embeddable":true,"href":"https:\/\/saintpierre91.org\/cefop\/wp-json\/wp\/v2\/pages\/917"}],"wp:attachment":[{"href":"https:\/\/saintpierre91.org\/cefop\/wp-json\/wp\/v2\/media?parent=929"}],"curies":[{"name":"wp","href":"https:\/\/api.w.org\/{rel}","templated":true}]}}