{"id":968,"date":"2021-01-14T16:26:08","date_gmt":"2021-01-14T15:26:08","guid":{"rendered":"https:\/\/saintpierre91.org\/-cfa\/?page_id=968"},"modified":"2021-01-21T14:50:40","modified_gmt":"2021-01-21T13:50:40","slug":"formateurs","status":"publish","type":"page","link":"https:\/\/saintpierre91.org\/cefop\/espace-reserve\/formateurs\/","title":{"rendered":"Formateurs"},"content":{"rendered":"\n<p><strong><a href=\"https:\/\/saintpierre91.org\/espace-reserve\">Cliquer pour acc\u00e9der \u00e0 l&rsquo;espace r\u00e9serv\u00e9 aux formateurs<\/a><\/strong><\/p>\n","protected":false},"excerpt":{"rendered":"<p>Cliquer pour acc\u00e9der \u00e0 l&rsquo;espace r\u00e9serv\u00e9 aux formateurs<\/p>\n","protected":false},"author":1,"featured_media":0,"parent":966,"menu_order":0,"comment_status":"closed","ping_status":"closed","template":"","meta":{"_kad_post_transparent":"","_kad_post_title":"","_kad_post_layout":"","_kad_post_sidebar_id":"","_kad_post_content_style":"","_kad_post_vertical_padding":"","_kad_post_feature":"","_kad_post_feature_position":"","_kad_post_header":false,"_kad_post_footer":false,"cybocfi_hide_featured_image":"","footnotes":""},"class_list":["post-968","page","type-page","status-publish","hentry"],"yoast_head":"<!-- This site is optimized with the Yoast SEO plugin v25.3.1 - https:\/\/yoast.com\/wordpress\/plugins\/seo\/ -->\n<title>Formateurs - CEFOP Saint Pierre OF CFA<\/title>\n<meta name=\"robots\" content=\"index, follow, max-snippet:-1, max-image-preview:large, max-video-preview:-1\" \/>\n<link rel=\"canonical\" href=\"https:\/\/saintpierre91.org\/cefop\/espace-reserve\/formateurs\/\" \/>\n<meta property=\"og:locale\" content=\"fr_FR\" \/>\n<meta property=\"og:type\" content=\"article\" \/>\n<meta property=\"og:title\" content=\"Formateurs - CEFOP Saint Pierre OF CFA\" \/>\n<meta property=\"og:description\" content=\"Cliquer pour acc\u00e9der \u00e0 l&rsquo;espace r\u00e9serv\u00e9 aux formateurs\" \/>\n<meta property=\"og:url\" content=\"https:\/\/saintpierre91.org\/cefop\/espace-reserve\/formateurs\/\" \/>\n<meta property=\"og:site_name\" content=\"CEFOP Saint Pierre OF CFA\" \/>\n<meta property=\"article:modified_time\" content=\"2021-01-21T13:50:40+00:00\" \/>\n<meta name=\"twitter:card\" content=\"summary_large_image\" \/>\n<script type=\"application\/ld+json\" class=\"yoast-schema-graph\">{\"@context\":\"https:\/\/schema.org\",\"@graph\":[{\"@type\":\"WebPage\",\"@id\":\"https:\/\/saintpierre91.org\/cefop\/espace-reserve\/formateurs\/\",\"url\":\"https:\/\/saintpierre91.org\/cefop\/espace-reserve\/formateurs\/\",\"name\":\"Formateurs - CEFOP Saint Pierre OF CFA\",\"isPartOf\":{\"@id\":\"https:\/\/saintpierre91.org\/cefop\/#website\"},\"datePublished\":\"2021-01-14T15:26:08+00:00\",\"dateModified\":\"2021-01-21T13:50:40+00:00\",\"breadcrumb\":{\"@id\":\"https:\/\/saintpierre91.org\/cefop\/espace-reserve\/formateurs\/#breadcrumb\"},\"inLanguage\":\"fr-FR\",\"potentialAction\":[{\"@type\":\"ReadAction\",\"target\":[\"https:\/\/saintpierre91.org\/cefop\/espace-reserve\/formateurs\/\"]}]},{\"@type\":\"BreadcrumbList\",\"@id\":\"https:\/\/saintpierre91.org\/cefop\/espace-reserve\/formateurs\/#breadcrumb\",\"itemListElement\":[{\"@type\":\"ListItem\",\"position\":1,\"name\":\"Accueil\",\"item\":\"https:\/\/saintpierre91.org\/cefop\/\"},{\"@type\":\"ListItem\",\"position\":2,\"name\":\"Espace R\u00e9serv\u00e9\",\"item\":\"https:\/\/saintpierre91.org\/cefop\/espace-reserve\/\"},{\"@type\":\"ListItem\",\"position\":3,\"name\":\"Formateurs\"}]},{\"@type\":\"WebSite\",\"@id\":\"https:\/\/saintpierre91.org\/cefop\/#website\",\"url\":\"https:\/\/saintpierre91.org\/cefop\/\",\"name\":\"CEFOP Saint Pierre OF CFA\",\"description\":\"Le  CEFOP Saint-Pierre a l\u2019ambition d\u2019accompagner l\u2019\u00e9volution des besoins et des m\u00e9tiers dans les secteurs de l\u2019h\u00f4tellerie, de la restauration, du tertiaire et du sanitaire et social en privil\u00e9giant des partenariats p\u00e9dagogiques de qualit\u00e9.\",\"publisher\":{\"@id\":\"https:\/\/saintpierre91.org\/cefop\/#organization\"},\"potentialAction\":[{\"@type\":\"SearchAction\",\"target\":{\"@type\":\"EntryPoint\",\"urlTemplate\":\"https:\/\/saintpierre91.org\/cefop\/?s={search_term_string}\"},\"query-input\":{\"@type\":\"PropertyValueSpecification\",\"valueRequired\":true,\"valueName\":\"search_term_string\"}}],\"inLanguage\":\"fr-FR\"},{\"@type\":\"Organization\",\"@id\":\"https:\/\/saintpierre91.org\/cefop\/#organization\",\"name\":\"CEFOP SAINT-PIERRE OF-CFA\",\"url\":\"https:\/\/saintpierre91.org\/cefop\/\",\"logo\":{\"@type\":\"ImageObject\",\"inLanguage\":\"fr-FR\",\"@id\":\"https:\/\/saintpierre91.org\/cefop\/#\/schema\/logo\/image\/\",\"url\":\"https:\/\/saintpierre91.org\/cefop\/wp-content\/uploads\/2020\/11\/icone-01.png\",\"contentUrl\":\"https:\/\/saintpierre91.org\/cefop\/wp-content\/uploads\/2020\/11\/icone-01.png\",\"width\":512,\"height\":512,\"caption\":\"CEFOP SAINT-PIERRE OF-CFA\"},\"image\":{\"@id\":\"https:\/\/saintpierre91.org\/cefop\/#\/schema\/logo\/image\/\"}}]}<\/script>\n<!-- \/ Yoast SEO plugin. -->","yoast_head_json":{"title":"Formateurs - CEFOP Saint Pierre OF CFA","robots":{"index":"index","follow":"follow","max-snippet":"max-snippet:-1","max-image-preview":"max-image-preview:large","max-video-preview":"max-video-preview:-1"},"canonical":"https:\/\/saintpierre91.org\/cefop\/espace-reserve\/formateurs\/","og_locale":"fr_FR","og_type":"article","og_title":"Formateurs - CEFOP Saint Pierre OF CFA","og_description":"Cliquer pour acc\u00e9der \u00e0 l&rsquo;espace r\u00e9serv\u00e9 aux formateurs","og_url":"https:\/\/saintpierre91.org\/cefop\/espace-reserve\/formateurs\/","og_site_name":"CEFOP Saint Pierre OF CFA","article_modified_time":"2021-01-21T13:50:40+00:00","twitter_card":"summary_large_image","schema":{"@context":"https:\/\/schema.org","@graph":[{"@type":"WebPage","@id":"https:\/\/saintpierre91.org\/cefop\/espace-reserve\/formateurs\/","url":"https:\/\/saintpierre91.org\/cefop\/espace-reserve\/formateurs\/","name":"Formateurs - CEFOP Saint Pierre OF CFA","isPartOf":{"@id":"https:\/\/saintpierre91.org\/cefop\/#website"},"datePublished":"2021-01-14T15:26:08+00:00","dateModified":"2021-01-21T13:50:40+00:00","breadcrumb":{"@id":"https:\/\/saintpierre91.org\/cefop\/espace-reserve\/formateurs\/#breadcrumb"},"inLanguage":"fr-FR","potentialAction":[{"@type":"ReadAction","target":["https:\/\/saintpierre91.org\/cefop\/espace-reserve\/formateurs\/"]}]},{"@type":"BreadcrumbList","@id":"https:\/\/saintpierre91.org\/cefop\/espace-reserve\/formateurs\/#breadcrumb","itemListElement":[{"@type":"ListItem","position":1,"name":"Accueil","item":"https:\/\/saintpierre91.org\/cefop\/"},{"@type":"ListItem","position":2,"name":"Espace R\u00e9serv\u00e9","item":"https:\/\/saintpierre91.org\/cefop\/espace-reserve\/"},{"@type":"ListItem","position":3,"name":"Formateurs"}]},{"@type":"WebSite","@id":"https:\/\/saintpierre91.org\/cefop\/#website","url":"https:\/\/saintpierre91.org\/cefop\/","name":"CEFOP Saint Pierre OF CFA","description":"Le  CEFOP Saint-Pierre a l\u2019ambition d\u2019accompagner l\u2019\u00e9volution des besoins et des m\u00e9tiers dans les secteurs de l\u2019h\u00f4tellerie, de la restauration, du tertiaire et du sanitaire et social en privil\u00e9giant des partenariats p\u00e9dagogiques de qualit\u00e9.","publisher":{"@id":"https:\/\/saintpierre91.org\/cefop\/#organization"},"potentialAction":[{"@type":"SearchAction","target":{"@type":"EntryPoint","urlTemplate":"https:\/\/saintpierre91.org\/cefop\/?s={search_term_string}"},"query-input":{"@type":"PropertyValueSpecification","valueRequired":true,"valueName":"search_term_string"}}],"inLanguage":"fr-FR"},{"@type":"Organization","@id":"https:\/\/saintpierre91.org\/cefop\/#organization","name":"CEFOP SAINT-PIERRE OF-CFA","url":"https:\/\/saintpierre91.org\/cefop\/","logo":{"@type":"ImageObject","inLanguage":"fr-FR","@id":"https:\/\/saintpierre91.org\/cefop\/#\/schema\/logo\/image\/","url":"https:\/\/saintpierre91.org\/cefop\/wp-content\/uploads\/2020\/11\/icone-01.png","contentUrl":"https:\/\/saintpierre91.org\/cefop\/wp-content\/uploads\/2020\/11\/icone-01.png","width":512,"height":512,"caption":"CEFOP SAINT-PIERRE OF-CFA"},"image":{"@id":"https:\/\/saintpierre91.org\/cefop\/#\/schema\/logo\/image\/"}}]}},"_links":{"self":[{"href":"https:\/\/saintpierre91.org\/cefop\/wp-json\/wp\/v2\/pages\/968","targetHints":{"allow":["GET"]}}],"collection":[{"href":"https:\/\/saintpierre91.org\/cefop\/wp-json\/wp\/v2\/pages"}],"about":[{"href":"https:\/\/saintpierre91.org\/cefop\/wp-json\/wp\/v2\/types\/page"}],"author":[{"embeddable":true,"href":"https:\/\/saintpierre91.org\/cefop\/wp-json\/wp\/v2\/users\/1"}],"replies":[{"embeddable":true,"href":"https:\/\/saintpierre91.org\/cefop\/wp-json\/wp\/v2\/comments?post=968"}],"version-history":[{"count":2,"href":"https:\/\/saintpierre91.org\/cefop\/wp-json\/wp\/v2\/pages\/968\/revisions"}],"predecessor-version":[{"id":1310,"href":"https:\/\/saintpierre91.org\/cefop\/wp-json\/wp\/v2\/pages\/968\/revisions\/1310"}],"up":[{"embeddable":true,"href":"https:\/\/saintpierre91.org\/cefop\/wp-json\/wp\/v2\/pages\/966"}],"wp:attachment":[{"href":"https:\/\/saintpierre91.org\/cefop\/wp-json\/wp\/v2\/media?parent=968"}],"curies":[{"name":"wp","href":"https:\/\/api.w.org\/{rel}","templated":true}]}}